{"id":1120,"date":"2026-04-21T09:03:40","date_gmt":"2026-04-21T09:03:40","guid":{"rendered":"https:\/\/dev.sbro.ro\/?product=are-limba-ta-nevoie-de-vindecare"},"modified":"2026-04-21T09:03:40","modified_gmt":"2026-04-21T09:03:40","slug":"are-limba-ta-nevoie-de-vindecare","status":"publish","type":"product","link":"https:\/\/dev.sbro.ro\/?product=are-limba-ta-nevoie-de-vindecare","title":{"rendered":"Are limba ta nevoie de vindecare?"},"content":{"rendered":"<p>Vorbirea este un indicator fidel cu privire la adev\u0103rata stare spiritual\u0103 c\u0103ci \u201edin prisosul inimii vorbe\u0219te gura\u201d. Moartea \u0219i via\u021ba sunt \u00een puterea limbii. Fiecare cre\u0219tin \u0219tie c\u0103 este imperativ necesar s\u0103-\u0219i \u021bint\u0103 limba sub control, dar, mai devreme sau mai t\u00e2rziu, constat\u0103 c\u0103 nu este tocmai u\u0219or s\u0103 st\u0103p\u00e2neasc\u0103 acest mic m\u0103dular. Derek Prince descrie \u00een aceast\u0103 bro\u0219ur\u0103 c\u00e2teva boli ale limbii \u0219i totodat\u0103 ne ofer\u0103 pa\u0219i clari, biblici, pentru a ne disciplina limba, astfel \u00eenc\u00e2t cuvintele noastre s\u0103 fie rostite spre gloria lui Dumnezeu \u0219i binecuv\u00e2ntarea noastr\u0103. Cuprins 1. Via\u021b\u0103 sau moarte? 2. Din prisosul inimii vorbe\u0219te gura 3. Ce spune Biblia despre limb\u0103 4. Cuvintele decid destinul 5. Boli ale limbii 6. R\u0103d\u0103cina problemei 7. Primii pa\u0219i spre vindecare 8. Motivul pentru care ai o limb\u0103 9. Importan\u021ba m\u0103rturisirii tale<\/p>\n","protected":false},"excerpt":{"rendered":"<p>Vorbirea este un indicator fidel cu privire la adev\u0103rata stare spiritual\u0103 c\u0103ci \u201edin prisosul inimii vorbe\u0219te gura\u201d. Moartea \u0219i via\u021ba sunt \u00een puterea limbii. Fiecare cre\u0219tin \u0219tie c\u0103 este imperativ necesar s\u0103-\u0219i \u021bint\u0103 limba sub control, dar, mai devreme sau mai t\u00e2rziu, constat\u0103 c\u0103 nu este tocmai u\u0219or s\u0103 st\u0103p\u00e2neasc\u0103 acest mic m\u0103dular. Derek Prince [&hellip;]<\/p>\n","protected":false},"featured_media":6555,"comment_status":"open","ping_status":"closed","template":"","meta":[],"product_brand":[],"product_cat":[18],"product_tag":[],"class_list":{"0":"post-1120","1":"product","2":"type-product","3":"status-publish","4":"has-post-thumbnail","6":"product_cat-viata-crestina","8":"first","9":"instock","10":"shipping-taxable","11":"purchasable","12":"product-type-simple"},"_links":{"self":[{"href":"https:\/\/dev.sbro.ro\/index.php?rest_route=\/wp\/v2\/product\/1120","targetHints":{"allow":["GET"]}}],"collection":[{"href":"https:\/\/dev.sbro.ro\/index.php?rest_route=\/wp\/v2\/product"}],"about":[{"href":"https:\/\/dev.sbro.ro\/index.php?rest_route=\/wp\/v2\/types\/product"}],"replies":[{"embeddable":true,"href":"https:\/\/dev.sbro.ro\/index.php?rest_route=%2Fwp%2Fv2%2Fcomments&post=1120"}],"wp:featuredmedia":[{"embeddable":true,"href":"https:\/\/dev.sbro.ro\/index.php?rest_route=\/wp\/v2\/media\/6555"}],"wp:attachment":[{"href":"https:\/\/dev.sbro.ro\/index.php?rest_route=%2Fwp%2Fv2%2Fmedia&parent=1120"}],"wp:term":[{"taxonomy":"product_brand","embeddable":true,"href":"https:\/\/dev.sbro.ro\/index.php?rest_route=%2Fwp%2Fv2%2Fproduct_brand&post=1120"},{"taxonomy":"product_cat","embeddable":true,"href":"https:\/\/dev.sbro.ro\/index.php?rest_route=%2Fwp%2Fv2%2Fproduct_cat&post=1120"},{"taxonomy":"product_tag","embeddable":true,"href":"https:\/\/dev.sbro.ro\/index.php?rest_route=%2Fwp%2Fv2%2Fproduct_tag&post=1120"}],"curies":[{"name":"wp","href":"https:\/\/api.w.org\/{rel}","templated":true}]}}