{"id":1122,"date":"2026-04-21T09:03:40","date_gmt":"2026-04-21T09:03:40","guid":{"rendered":"https:\/\/dev.sbro.ro\/?product=cum-sa-postim-cu-succes"},"modified":"2026-04-21T09:03:40","modified_gmt":"2026-04-21T09:03:40","slug":"cum-sa-postim-cu-succes","status":"publish","type":"product","link":"https:\/\/dev.sbro.ro\/product\/cum-sa-postim-cu-succes\/","title":{"rendered":"Cum sa postim cu succes?"},"content":{"rendered":"<p>Postul este o cheie important\u0103 pentru o via\u021b\u0103 cre\u0219tin\u0103 biruitoare. Aceast\u0103 tem\u0103 se reg\u0103se\u0219te \u00een \u00eentreaga Biblie, dar a fost destul de ignorat\u0103 \u00een Biseric\u0103. Atunci c\u00e2nd Domnul Isus a vorbit despre acest subiect, El nu a zis \u201edac\u0103 posti\u021bi\u201d, ci \u201eatunci c\u00e2nd posti\u021bi\u201d. Cartea de fa\u021b\u0103 trateaz\u0103 at\u00e2t aspectele spirituale, c\u00e2t \u0219i cele practice ale postului.<\/p>\n<p>CUPRINS:<\/p>\n<p>1. Ce este postul?<br \/>\n2. To\u0163i cre\u015ftinii ar trebui s\u0103 posteasc\u0103?<br \/>\n3. Cum s\u0103 m\u0103 preg\u0103tesc pentru post?<br \/>\n4. Care este scopul postului?<br \/>\n5. C\u00e2t de mult ar trebui s\u0103 postesc?<br \/>\n6. Ce se \u00eent\u00e2mpl\u0103 \u00een timpul unui post?<br \/>\n7. Reac\u0163ii fizice nepl\u0103cute<br \/>\n8. Cum pot posti ca s\u0103 beneficiez de avantaje fizice maxime?<br \/>\n9. Diferite tipuri de post<br \/>\n10. Leg\u0103tura dintre post \u015fi sabat<br \/>\n11. Cum se \u00eentrerupe postul?<br \/>\n12. Rezumat<\/p>\n","protected":false},"excerpt":{"rendered":"<p>Postul este o cheie important\u0103 pentru o via\u021b\u0103 cre\u0219tin\u0103 biruitoare. Aceast\u0103 tem\u0103 se reg\u0103se\u0219te \u00een \u00eentreaga Biblie, dar a fost destul de ignorat\u0103 \u00een Biseric\u0103. Atunci c\u00e2nd Domnul Isus a vorbit despre acest subiect, El nu a zis \u201edac\u0103 posti\u021bi\u201d, ci \u201eatunci c\u00e2nd posti\u021bi\u201d. Cartea de fa\u021b\u0103 trateaz\u0103 at\u00e2t aspectele spirituale, c\u00e2t \u0219i cele practice [&hellip;]<\/p>\n","protected":false},"featured_media":6557,"comment_status":"open","ping_status":"closed","template":"","meta":[],"product_brand":[],"product_cat":[18],"product_tag":[],"class_list":{"0":"post-1122","1":"product","2":"type-product","3":"status-publish","4":"has-post-thumbnail","6":"product_cat-viata-crestina","8":"first","9":"instock","10":"shipping-taxable","11":"purchasable","12":"product-type-simple"},"_links":{"self":[{"href":"https:\/\/dev.sbro.ro\/wp-json\/wp\/v2\/product\/1122","targetHints":{"allow":["GET"]}}],"collection":[{"href":"https:\/\/dev.sbro.ro\/wp-json\/wp\/v2\/product"}],"about":[{"href":"https:\/\/dev.sbro.ro\/wp-json\/wp\/v2\/types\/product"}],"replies":[{"embeddable":true,"href":"https:\/\/dev.sbro.ro\/wp-json\/wp\/v2\/comments?post=1122"}],"wp:featuredmedia":[{"embeddable":true,"href":"https:\/\/dev.sbro.ro\/wp-json\/wp\/v2\/media\/6557"}],"wp:attachment":[{"href":"https:\/\/dev.sbro.ro\/wp-json\/wp\/v2\/media?parent=1122"}],"wp:term":[{"taxonomy":"product_brand","embeddable":true,"href":"https:\/\/dev.sbro.ro\/wp-json\/wp\/v2\/product_brand?post=1122"},{"taxonomy":"product_cat","embeddable":true,"href":"https:\/\/dev.sbro.ro\/wp-json\/wp\/v2\/product_cat?post=1122"},{"taxonomy":"product_tag","embeddable":true,"href":"https:\/\/dev.sbro.ro\/wp-json\/wp\/v2\/product_tag?post=1122"}],"curies":[{"name":"wp","href":"https:\/\/api.w.org\/{rel}","templated":true}]}}