{"id":1158,"date":"2026-04-21T09:03:45","date_gmt":"2026-04-21T09:03:45","guid":{"rendered":"https:\/\/dev.sbro.ro\/?product=cine-mantuieste-dumnezeu-sau-omul"},"modified":"2026-04-21T09:03:45","modified_gmt":"2026-04-21T09:03:45","slug":"cine-mantuieste-dumnezeu-sau-omul","status":"publish","type":"product","link":"https:\/\/dev.sbro.ro\/?product=cine-mantuieste-dumnezeu-sau-omul","title":{"rendered":"Cine m\u00e2ntuie\u0219te, Dumnezeu sau omul?"},"content":{"rendered":"<\/p>\n<p align=\"justify\">Eu \u00eensumi m-am m\u00e2ntuit sau Dumnezeu este Cel care m-a m\u00e2ntuit \u2013 sau am dob\u00e2ndit m\u00e2ntuirea cu pu\u0163in ajutor din ambele p\u0103r\u0163i? Am contribuit eu cu ceva sau pot cumva contribui la m\u00e2ntuirea mea?<\/p>\n<p align=\"justify\">Sunt \u00eentreb\u0103ri care de-a lungul secolelor au fost formulate \u015fi dezb\u0103tute \u00een \u00eentreaga lume. Este important ca \u00een secolul XXI s\u0103 cunoa\u015ftem r\u0103spunsurile corecte la aceste \u00eentreb\u0103ri.<\/p>\n<p align=\"justify\">\u00cen cartea de fa\u0163\u0103, Erroll Hulse examineaz\u0103 cu aten\u0163ie istoria momentelor \u015fi a dezbaterilor din secolele al XVI-lea \u015fi al XVII-lea care au format contextul pentru apari\u0163ia acestor \u00eentreb\u0103ri. Cu pasiunea care-l caracterizeaz\u0103, Erroll ne dezv\u0103luie implica\u0163iile practice \u015fi provoc\u0103rile care \u00eenso\u0163esc \u201edoctrinele harului\u201d \u015fi ne demonstreaz\u0103 cum \u00eencrederea \u00een harul oferit de Dumnezeu \u00een mod suveran \u015fi f\u0103r\u0103 plat\u0103 ne poate ad\u00e2nci credin\u0163a d\u00e2nd vie\u0163ii noastre smerenia, dorin\u0163a de \u00eenchinare, bucuria \u015fi compasiunea de care are nevoie.<\/p>\n<p align=\"justify\">F\u0103r\u0103 \u00eendoial\u0103 c\u0103 \u00een\u0163elegerea acestor doctrine va avea impact asupra vie\u0163ii noastre \u015fi asupra viziunii noastre despre Dumnezeu, despre \u00eenchinare \u015fi despre nevoia de misiune.<\/p>\n<p align=\"justify\">Mai este relevant\u0103 \u00eenv\u0103\u0163\u0103tura lui Jean Calvin (calvinismul), veche de cinci sute de ani, pentru zilele noastre? Cu siguran\u0163\u0103! E important ca genera\u0163ia noastr\u0103 s\u0103 \u00een\u0163eleag\u0103 care este adev\u0103rata metod\u0103 a lui Dumnezeu de m\u00e2ntuire \u015fi cum dore\u015fte El s\u0103 tr\u0103im fiecare.<\/p>\n<p align=\"justify\">Scriitorul \u00eemplete\u015fte cu m\u0103iestrie teza sa cu o teologie cald\u0103, o pertinent\u0103 istorie a bisericii, o biografie \u00een\u0103l\u0163\u0103toare, cu provoc\u0103ri la responsabilitate, toate \u00eembr\u0103cate \u00eentr-o insistent\u0103 evanghelizare!<\/p>\n<p align=\"justify\">Cunoa\u015fterea faptului c\u0103 m\u00e2ntuirea reprezint\u0103 darul lui Dumnezeu dat nou\u0103 f\u0103r\u0103 plat\u0103 produce tipul de credin\u0163\u0103 robust\u0103 de care avem o nevoie disperat\u0103 \u00een zilele noastre.<\/p>\n<p align=\"justify\">CUPRINS<\/p>\n<p align=\"justify\">Introducere<\/p>\n<p align=\"justify\">1. Ce este m\u00e2ntuirea?<\/p>\n<p align=\"justify\">2. Arminius \u015fi Sinodul de la Dort<\/p>\n<p align=\"justify\">3. Formul\u0103rile Sinodului de la Dort<\/p>\n<p align=\"justify\">4. Cele cinci teze<\/p>\n<p align=\"justify\">5. Punctele de vedere ale lui Jean Calvin<\/p>\n<p align=\"justify\">6. Experien\u0163a harului f\u0103r\u0103 plat\u0103<\/p>\n<p align=\"justify\">7. Arminianismul<\/p>\n<p align=\"justify\">8. Lan\u0163ul de aur<\/p>\n<p align=\"justify\">9. Pericolele hipercalvinismului<\/p>\n<p align=\"justify\">10. Suveranitate, responsabilitate \u015fi evanghelizare<\/p>\n<p align=\"justify\">11. Perseverare \u015fi apostazie<\/p>\n<p align=\"justify\">12. Voia lui Dumnezeu este s\u0103 fii m\u00e2ntuit<\/p>\n<p align=\"justify\"><strong>RECOMANDAT\u0102:<\/strong><\/p>\n<p align=\"justify\">predicatorilor, pastorilor, \u00eenv\u0103\u0163\u0103torilor de \u015fcoal\u0103 duminical\u0103, studen\u0163ilor din seminariile teologice \u015fi oric\u0103rui credincios dornic s\u0103 se ad\u00e2nceasc\u0103 \u00een studiul teologiei istorice.<\/p>\n","protected":false},"excerpt":{"rendered":"<p>Eu \u00eensumi m-am m\u00e2ntuit sau Dumnezeu este Cel care m-a m\u00e2ntuit \u2013 sau am dob\u00e2ndit m\u00e2ntuirea cu pu\u0163in ajutor din ambele p\u0103r\u0163i? Am contribuit eu cu ceva sau pot cumva contribui la m\u00e2ntuirea mea? Sunt \u00eentreb\u0103ri care de-a lungul secolelor au fost formulate \u015fi dezb\u0103tute \u00een \u00eentreaga lume. Este important ca \u00een secolul XXI s\u0103 [&hellip;]<\/p>\n","protected":false},"featured_media":6593,"comment_status":"open","ping_status":"closed","template":"","meta":[],"product_brand":[],"product_cat":[51],"product_tag":[],"class_list":{"0":"post-1158","1":"product","2":"type-product","3":"status-publish","4":"has-post-thumbnail","6":"product_cat-doctrina-despre-dumnezeu","8":"first","9":"instock","10":"shipping-taxable","11":"purchasable","12":"product-type-simple"},"_links":{"self":[{"href":"https:\/\/dev.sbro.ro\/index.php?rest_route=\/wp\/v2\/product\/1158","targetHints":{"allow":["GET"]}}],"collection":[{"href":"https:\/\/dev.sbro.ro\/index.php?rest_route=\/wp\/v2\/product"}],"about":[{"href":"https:\/\/dev.sbro.ro\/index.php?rest_route=\/wp\/v2\/types\/product"}],"replies":[{"embeddable":true,"href":"https:\/\/dev.sbro.ro\/index.php?rest_route=%2Fwp%2Fv2%2Fcomments&post=1158"}],"wp:featuredmedia":[{"embeddable":true,"href":"https:\/\/dev.sbro.ro\/index.php?rest_route=\/wp\/v2\/media\/6593"}],"wp:attachment":[{"href":"https:\/\/dev.sbro.ro\/index.php?rest_route=%2Fwp%2Fv2%2Fmedia&parent=1158"}],"wp:term":[{"taxonomy":"product_brand","embeddable":true,"href":"https:\/\/dev.sbro.ro\/index.php?rest_route=%2Fwp%2Fv2%2Fproduct_brand&post=1158"},{"taxonomy":"product_cat","embeddable":true,"href":"https:\/\/dev.sbro.ro\/index.php?rest_route=%2Fwp%2Fv2%2Fproduct_cat&post=1158"},{"taxonomy":"product_tag","embeddable":true,"href":"https:\/\/dev.sbro.ro\/index.php?rest_route=%2Fwp%2Fv2%2Fproduct_tag&post=1158"}],"curies":[{"name":"wp","href":"https:\/\/api.w.org\/{rel}","templated":true}]}}