{"id":1165,"date":"2026-04-21T09:03:46","date_gmt":"2026-04-21T09:03:46","guid":{"rendered":"https:\/\/dev.sbro.ro\/?product=viata-impreuna-psalmii"},"modified":"2026-04-21T09:03:46","modified_gmt":"2026-04-21T09:03:46","slug":"viata-impreuna-psalmii","status":"publish","type":"product","link":"https:\/\/dev.sbro.ro\/product\/viata-impreuna-psalmii\/","title":{"rendered":"Viata impreuna. Psalmii"},"content":{"rendered":"<p>    \u201eIat\u0103, ce pl\u0103cut \u015fi ce dulce este s\u0103 locuiasc\u0103 fra\u0163ii \u00eempreun\u0103!\u201d (Ps. 133:1). \u00cen cele ce urmeaz\u0103 vrem s\u0103 urm\u0103rim c\u00e2teva \u00eendemnuri \u015fi r\u00e2nduieli pe care ni le d\u0103 Scriptura cu referire la via\u0163a \u00een comun guvernat\u0103 de Cuv\u00e2nt.[\u2026] Faptul c\u0103 cei credincio\u015fi pot tr\u0103i aici \u00een p\u0103rt\u0103\u015fie vizibil\u0103 cu al\u021bi cre\u015ftini este doar o anticipare milostiv\u0103 a lucrurilor de pe urm\u0103 \u00een intervalul de timp dintre moartea lui Hristos \u015fi judecata viitoare. Este harul lui Dumnezeu c\u0103 o comunitate se poate aduna \u00een mod vizibil \u00een aceast\u0103 lume \u00een jurul Cuv\u00e2ntului \u015fi sacramentului. Nu to\u0163i cre\u015ftinii au \u00eens\u0103 parte de acest har. Cei \u00eentemni\u0163a\u0163i, cei bolnavi, cei singuri \u015fi risipi\u0163i, cei care propov\u0103duiesc Evanghelia \u00een \u0163\u0103ri p\u0103g\u00e2ne sunt singuri. Ei \u0219tiu c\u0103 p\u0103rt\u0103\u015fia vizibil\u0103 este un har. Ei se roag\u0103 folosind cuvintele psalmistului: \u201eMi-aduc aminte, \u015fi-mi v\u0103rs tot focul inimii \u00een mine, c\u00e2nd m\u0103 g\u00e2ndesc cum mergeam \u00eenconjurat de mul\u0163ime, \u015fi cum \u00eenaintam \u00een fruntea ei spre Casa lui Dumnezeu, \u00een mijlocul strig\u0103telor de bucurie \u015fi mul\u0163umire ale unei mul\u0163imi \u00een s\u0103rb\u0103toare\u201d (Ps. 42:4)<\/p>\n<p>    Dietrich Bonhoeffer, 1938<\/p>\n<p>Via\u021ba \u00eempreun\u0103 s-a n\u0103scut \u00eentr-un context tulbure \u2013 cea mai mare parte a pastorilor Bisericii M\u0103rturisitoare au depus jur\u0103m\u00e2ntul fa\u021b\u0103 de Hitler, g\u00e2ndit de c\u0103tre conducerea oficial\u0103 a Bisericii ca dar de ziua de na\u0219tere a F\u00fchrerului; \u00een propria familie erau tensiuni, sora lui fuge cu familia \u00een Elve\u021bia, cumnatul s\u0103u este implicat \u00een organizarea unui puci \u00eempotriva regimului; \u021bara era sec\u0103tuit\u0103 de r\u0103zboi, iar popula\u021bia, terorizat\u0103 de Gestapo \u0219i SS. \u00cen 1935-1937, Bonhoeffer predase \u0219i tr\u0103ise la seminarul Finkenwalde, un seminar subteran al Bisericii M\u0103rturisitoare \u00een care pastorii preg\u0103ti\u021bi pentru slujirea viitoare experimentau practic \u201evia\u021ba \u00eempreun\u0103\u201c. Dup\u0103 ce mult\u0103 vreme refuzase s\u0103 scrie despre experien\u021ba vie\u021bii \u00eempreun\u0103 acolo, Bonhoeffer scrie aceast\u0103 carte, \u00een mod paradoxal, tocmai ca urmare a \u00eenchiderii seminarului de c\u0103tre Gestapo.<\/p>\n<p>N\u0103scut\u0103 dintr-un efort concentrat \u0219i scris\u0103 \u00een numai patru s\u0103pt\u0103m\u00e2ni, cartea este o comoar\u0103 prin profunzimea g\u00e2ndurilor pe care le con\u021bine \u0219i aminte\u0219te de \u00eendemnurile practice din epistolele Apostolului Pavel. \u00cembin\u00e2nd analiza biblic\u0103, spiritul practic, \u00een\u021belegerea dimensiunii socio-psihologice \u0219i tr\u0103s\u0103turile pietiste, Bonhoeffer evit\u0103 totu\u0219i orice entuziasm facil \u0219i revine mereu la centralitatea credin\u021bei, a Cuv\u00e2ntului, pentru c\u0103 \u00een jurul acestuia ne adun\u0103m \u0219i acesta ne adun\u0103 laolalt\u0103, precum \u0219i la devotamentul pe care Hristos \u00eel a\u0219teapt\u0103 de la noi, care, \u00een comunitate, se traduce \u00een slujirea practic\u0103 a fra\u021bilor.<\/p>\n<p>Edi\u021bia de fa\u021b\u0103 include \u0219i mica lucrare a lui Bonhoeffer despre Psalmi, \u00een care vede o carte de rug\u0103ciuni a Bisericii. Ea se leag\u0103 \u00een mod natural de Via\u021ba \u00eempreun\u0103, \u00een care autorul face frecvente trimiteri la importan\u021ba psalmilor pentru \u00eenchinarea comunit\u0103\u021bii \u0219i a individului.<\/p>\n<p>Totodat\u0103, volumul con\u021bine o prefa\u021b\u0103 \u0219i o postfa\u021b\u0103 scrise de doi editori germani, Gerhard Ludwig M\u00fcller \u0219i Albrecht Sch\u00f6nherr, care, explic\u00e2nd mai detaliat contextul istoric al celor dou\u0103 lucr\u0103ri \u0219i primirea de care s-au bucurat (inclusiv unele excese la care au dat na\u0219tere), ajut\u0103 mult la o mai bun\u0103 \u00een\u021belegere a mesajului inten\u021bionat de Bonhoeffer. Edi\u021bia german\u0103 folosit\u0103 se bazeaz\u0103 pe ultimele versiuni autorizate de Bonhoeffer \u015fi con\u021bine, de asemenea, note explicative \u0219i referin\u021be pentru citate, f\u0103r\u0103 a interfera cu fluen\u0163a textului. Cititorul va descoperi, probabil, c\u0103 lectura c\u0103r\u0163ii de fa\u0163\u0103, pe c\u00e2t de captivant\u0103 \u015fi pl\u0103cut\u0103, va fi, \u00een fapt, una dintre cele mai provocatoare pentru propria tr\u0103ire cre\u015ftin\u0103.<\/p>\n","protected":false},"excerpt":{"rendered":"<p>\u201eIat\u0103, ce pl\u0103cut \u015fi ce dulce este s\u0103 locuiasc\u0103 fra\u0163ii \u00eempreun\u0103!\u201d (Ps. 133:1). \u00cen cele ce urmeaz\u0103 vrem s\u0103 urm\u0103rim c\u00e2teva \u00eendemnuri \u015fi r\u00e2nduieli pe care ni le d\u0103 Scriptura cu referire la via\u0163a \u00een comun guvernat\u0103 de Cuv\u00e2nt.[\u2026] Faptul c\u0103 cei credincio\u015fi pot tr\u0103i aici \u00een p\u0103rt\u0103\u015fie vizibil\u0103 cu al\u021bi cre\u015ftini este doar o [&hellip;]<\/p>\n","protected":false},"featured_media":6600,"comment_status":"open","ping_status":"closed","template":"","meta":[],"product_brand":[],"product_cat":[40],"product_tag":[],"class_list":{"0":"post-1165","1":"product","2":"type-product","3":"status-publish","4":"has-post-thumbnail","6":"product_cat-studiu-biblic","8":"first","9":"instock","10":"shipping-taxable","11":"purchasable","12":"product-type-simple"},"_links":{"self":[{"href":"https:\/\/dev.sbro.ro\/wp-json\/wp\/v2\/product\/1165","targetHints":{"allow":["GET"]}}],"collection":[{"href":"https:\/\/dev.sbro.ro\/wp-json\/wp\/v2\/product"}],"about":[{"href":"https:\/\/dev.sbro.ro\/wp-json\/wp\/v2\/types\/product"}],"replies":[{"embeddable":true,"href":"https:\/\/dev.sbro.ro\/wp-json\/wp\/v2\/comments?post=1165"}],"wp:featuredmedia":[{"embeddable":true,"href":"https:\/\/dev.sbro.ro\/wp-json\/wp\/v2\/media\/6600"}],"wp:attachment":[{"href":"https:\/\/dev.sbro.ro\/wp-json\/wp\/v2\/media?parent=1165"}],"wp:term":[{"taxonomy":"product_brand","embeddable":true,"href":"https:\/\/dev.sbro.ro\/wp-json\/wp\/v2\/product_brand?post=1165"},{"taxonomy":"product_cat","embeddable":true,"href":"https:\/\/dev.sbro.ro\/wp-json\/wp\/v2\/product_cat?post=1165"},{"taxonomy":"product_tag","embeddable":true,"href":"https:\/\/dev.sbro.ro\/wp-json\/wp\/v2\/product_tag?post=1165"}],"curies":[{"name":"wp","href":"https:\/\/api.w.org\/{rel}","templated":true}]}}