{"id":1196,"date":"2026-04-21T09:03:49","date_gmt":"2026-04-21T09:03:49","guid":{"rendered":"https:\/\/dev.sbro.ro\/?product=esenta-credintei-crestine"},"modified":"2026-04-21T09:03:49","modified_gmt":"2026-04-21T09:03:49","slug":"esenta-credintei-crestine","status":"publish","type":"product","link":"https:\/\/dev.sbro.ro\/?product=esenta-credintei-crestine","title":{"rendered":"Esen\u021ba credin\u021bei cre\u0219tine"},"content":{"rendered":"<p>Considerat\u0103 pe drept cuv\u00e2nt o lucrare clasic\u0103, Esen\u021ba credin\u021bei cre\u0219tine a lui John Stott s-a v\u00e2ndut \u00een peste dou\u0103 milioane de exemplare de la prima ei edi\u021bie, publicat\u0103 \u00een 1958. Inclus\u0103 \u00een Top 100 a C\u0103r\u021bilor Mileniului de c\u0103tre revista Word \u0219i \u00een Top 100 a C\u0103r\u021bilor Secolului XX de c\u0103tre revista Christianity Today, Esen\u021ba credin\u021bei cre\u0219tine continu\u0103 s\u0103 influen\u021beze credin\u021ba cititorilor cre\u0219tini din lumea \u00eentreag\u0103.<\/p>\n<p>\u201eExist\u0103 pu\u0163ine c\u0103r\u0163i care s\u0103 constituie adev\u0103rate puncte de reper \u015fi care s\u0103 merite s\u0103 fie citite de toat\u0103 lumea. Una dintre aceste pu\u0163ine c\u0103r\u0163i este cea de fa\u0163\u0103. Esen\u0163a credin\u021bei cre\u015ftine este o prezentare clasic\u0103 a credin\u0163ei care a transformat miliarde de vie\u0163i.\u201c<\/p>\n<p>\u2014Rick Warren<\/p>\n<p>\u201eConving\u0103toarea prezentare a credin\u021bei cre\u0219tine pe care o face John Stott este \u00een acela\u0219i timp o lucrare clasic\u0103 \u0219i modern\u0103. \u00cei doresc via\u021b\u0103 lung\u0103.\u201c<\/p>\n<p>\u2014J. I. Packer<\/p>\n<p>\u201eOrice spune John Stott merit\u0103 ascultat. Orice scrie el merit\u0103 citit. Esen\u021ba credin\u021bei cre\u0219tine nu este numai o lectur\u0103 obligatorie pentru orice credincios, ci \u0219i o adev\u0103rat\u0103 binecuv\u00e2ntare p\u0103strat\u0103 pe pagina scris\u0103 pentru \u00eembog\u0103\u021birea acestei genera\u021bii \u0219i a celor ce vor veni.\u201c<\/p>\n<p>\u2014Anne Graham Lotz<\/p>\n","protected":false},"excerpt":{"rendered":"<p>Considerat\u0103 pe drept cuv\u00e2nt o lucrare clasic\u0103, Esen\u021ba credin\u021bei cre\u0219tine a lui John Stott s-a v\u00e2ndut \u00een peste dou\u0103 milioane de exemplare de la prima ei edi\u021bie, publicat\u0103 \u00een 1958. Inclus\u0103 \u00een Top 100 a C\u0103r\u021bilor Mileniului de c\u0103tre revista Word \u0219i \u00een Top 100 a C\u0103r\u021bilor Secolului XX de c\u0103tre revista Christianity Today, Esen\u021ba [&hellip;]<\/p>\n","protected":false},"featured_media":6631,"comment_status":"open","ping_status":"closed","template":"","meta":[],"product_brand":[],"product_cat":[18],"product_tag":[],"class_list":{"0":"post-1196","1":"product","2":"type-product","3":"status-publish","4":"has-post-thumbnail","6":"product_cat-viata-crestina","8":"first","9":"instock","10":"shipping-taxable","11":"purchasable","12":"product-type-simple"},"_links":{"self":[{"href":"https:\/\/dev.sbro.ro\/index.php?rest_route=\/wp\/v2\/product\/1196","targetHints":{"allow":["GET"]}}],"collection":[{"href":"https:\/\/dev.sbro.ro\/index.php?rest_route=\/wp\/v2\/product"}],"about":[{"href":"https:\/\/dev.sbro.ro\/index.php?rest_route=\/wp\/v2\/types\/product"}],"replies":[{"embeddable":true,"href":"https:\/\/dev.sbro.ro\/index.php?rest_route=%2Fwp%2Fv2%2Fcomments&post=1196"}],"wp:featuredmedia":[{"embeddable":true,"href":"https:\/\/dev.sbro.ro\/index.php?rest_route=\/wp\/v2\/media\/6631"}],"wp:attachment":[{"href":"https:\/\/dev.sbro.ro\/index.php?rest_route=%2Fwp%2Fv2%2Fmedia&parent=1196"}],"wp:term":[{"taxonomy":"product_brand","embeddable":true,"href":"https:\/\/dev.sbro.ro\/index.php?rest_route=%2Fwp%2Fv2%2Fproduct_brand&post=1196"},{"taxonomy":"product_cat","embeddable":true,"href":"https:\/\/dev.sbro.ro\/index.php?rest_route=%2Fwp%2Fv2%2Fproduct_cat&post=1196"},{"taxonomy":"product_tag","embeddable":true,"href":"https:\/\/dev.sbro.ro\/index.php?rest_route=%2Fwp%2Fv2%2Fproduct_tag&post=1196"}],"curies":[{"name":"wp","href":"https:\/\/api.w.org\/{rel}","templated":true}]}}