{"id":1297,"date":"2026-04-21T09:03:58","date_gmt":"2026-04-21T09:03:58","guid":{"rendered":"https:\/\/dev.sbro.ro\/?product=romani-85-17-fiii-lui-dumnezeu"},"modified":"2026-04-21T09:03:58","modified_gmt":"2026-04-21T09:03:58","slug":"romani-85-17-fiii-lui-dumnezeu","status":"publish","type":"product","link":"https:\/\/dev.sbro.ro\/product\/romani-85-17-fiii-lui-dumnezeu\/","title":{"rendered":"Romani 8:5-17 &#8211; Fiii lui Dumnezeu"},"content":{"rendered":"<p>Aceast\u0103 serie de predici din Epistola c\u0103tre Romani a fost \u0163inut\u0103 \u00een biserica Westminster \u00eencep\u00e2nd cu luna martie a anului 1960 \u015fi p\u00e2n\u0103 \u00een luna aprilie a anului 1961. Seria de mesaje din serile de vineri \u00eencepea \u00een luna octombrie \u015fi se sf\u00e2r\u015fea \u00een luna mai a anului urm\u0103tor.<\/p>\n<p>Volumul de fa\u0163\u0103 se ocup\u0103 de subiecte vitale cum ar fi doctrina sfin\u0163irii \u015fi botezul cu Duhul Sf\u00e2nt. A\u015fadar, acestea nu sunt doar ni\u015fte subiecte cruciale pentru via\u0163a credinciosului, ci \u015fi extrem de controversate.<\/p>\n<p>Iat\u0103 c\u00e2teva dintre subiectele dezb\u0103tute \u00een carte:<\/p>\n<p>\u2022 Contrastul dintre cre\u015ftini \u015fi necre\u015ftini &#8211; a\u015fa-numi\u0163ii cre\u015ftini \u201efire\u015fti\u201d \u015fi cre\u015ftini \u201eduhovnice\u015fti\u201d<\/p>\n<p>\u2022 Caracteristicile cre\u015ftinului &#8211; via\u0163a controlat\u0103 de Duhul &#8211; preocuparea pentru suflet \u015fi m\u00e2ntuire<\/p>\n<p>\u2022 Via\u0163a nou\u0103 \u00een Cristos &#8211; nevoia de a \u00een\u0163elege regenerarea &#8211; testul pentru adev\u0103ratul cre\u015ftinism &#8211; via\u0163a spiritual\u0103 \u015fi apostazia<\/p>\n<p>\u2022 Lupta hot\u0103r\u00e2toare \u00eempotriva p\u0103catului.<\/p>\n<p>\u2022 Sfin\u0163irea v\u0103zut\u0103 \u00een practic\u0103<\/p>\n<p>\u2022 Inconsecven\u0163a tr\u0103irii dup\u0103 \u00eendemnul firii p\u0103m\u00e2nte\u015fti<\/p>\n<p>\u2022 Ac\u0163iunea de omor\u00e2re a p\u0103catului &#8211; p\u0103catul \u015fi trupul nostru &#8211; idei eronate despre omor\u00e2rea p\u0103catului &#8211; abstinen\u0163a de la p\u0103cat &#8211; ambi\u0163ia de a-L glorifica pe Dumnezeu<\/p>\n<p>\u2022 Calitatea noastr\u0103 divin\u0103 de fii \u015fi siguran\u0163a m\u00e2ntuirii<\/p>\n<p>\u2022 Asem\u0103narea cu Tat\u0103l &#8211; preocuparea plin\u0103 de dragoste a Tat\u0103lui fa\u0163\u0103 de copiii Lui &#8211; calitatea de fiu \u015fi rug\u0103ciunea &#8211; certitudinea calit\u0103\u0163ii noastre de fii &#8211; c\u0103l\u0103uzirea Duhului<\/p>\n<p>\u2022 C\u0103l\u0103uzirea pe baza convingerii &#8211; c\u0103l\u0103uzirea \u015fi instruirea &#8211; revela\u0163ia special\u0103 \u015fi Scripturile &#8211; ac\u0163iunea Duhului asupra min\u0163ii, inimii \u015fi a voin\u0163ei<\/p>\n<p>\u2022 Gelozia Duhului &#8211; teste practice<\/p>\n<p>\u2022 Preocupare exagerat\u0103 pentru p\u0103cat \u015fi ispitire<\/p>\n<p>\u2022 Con\u015ftientizarea \u00eenfierii noastre &#8211; calitatea de fiu \u015fi Fiul lui Dumnezeu<\/p>\n<p>\u2022 Siguran\u0163a m\u00e2ntuirii nu este esen\u0163ial\u0103 pentru m\u00e2ntuire &#8211; siguran\u0163a m\u00e2ntuirii \u00een vremuri de trezire spiritual\u0103<\/p>\n<p>\u2022 Tipuri de siguran\u0163\u0103 a m\u00e2ntuirii &#8211; botezul \u015fi plin\u0103tatea Duhului Sf\u00e2nt<\/p>\n<p>\u2022 Privilegiile mo\u015ftenitorilor lui Dumnezeu \u2022 Atitudinea pastoral\u0103 fa\u0163\u0103 de suferin\u0163\u0103 &#8211; suferin\u0163a ca verig\u0103 \u00een lan\u0163ul m\u00e2ntuirii &#8211; p\u0103rt\u0103\u015fia la suferin\u0163ele lui Cristos &#8211; preg\u0103tirea pentru glorie<\/p>\n","protected":false},"excerpt":{"rendered":"<p>Aceast\u0103 serie de predici din Epistola c\u0103tre Romani a fost \u0163inut\u0103 \u00een biserica Westminster \u00eencep\u00e2nd cu luna martie a anului 1960 \u015fi p\u00e2n\u0103 \u00een luna aprilie a anului 1961. Seria de mesaje din serile de vineri \u00eencepea \u00een luna octombrie \u015fi se sf\u00e2r\u015fea \u00een luna mai a anului urm\u0103tor. Volumul de fa\u0163\u0103 se ocup\u0103 de [&hellip;]<\/p>\n","protected":false},"featured_media":6732,"comment_status":"open","ping_status":"closed","template":"","meta":[],"product_brand":[],"product_cat":[16,40],"product_tag":[],"class_list":{"0":"post-1297","1":"product","2":"type-product","3":"status-publish","4":"has-post-thumbnail","6":"product_cat-comentarii-biblice","7":"product_cat-studiu-biblic","9":"first","10":"instock","11":"shipping-taxable","12":"purchasable","13":"product-type-simple"},"_links":{"self":[{"href":"https:\/\/dev.sbro.ro\/wp-json\/wp\/v2\/product\/1297","targetHints":{"allow":["GET"]}}],"collection":[{"href":"https:\/\/dev.sbro.ro\/wp-json\/wp\/v2\/product"}],"about":[{"href":"https:\/\/dev.sbro.ro\/wp-json\/wp\/v2\/types\/product"}],"replies":[{"embeddable":true,"href":"https:\/\/dev.sbro.ro\/wp-json\/wp\/v2\/comments?post=1297"}],"wp:featuredmedia":[{"embeddable":true,"href":"https:\/\/dev.sbro.ro\/wp-json\/wp\/v2\/media\/6732"}],"wp:attachment":[{"href":"https:\/\/dev.sbro.ro\/wp-json\/wp\/v2\/media?parent=1297"}],"wp:term":[{"taxonomy":"product_brand","embeddable":true,"href":"https:\/\/dev.sbro.ro\/wp-json\/wp\/v2\/product_brand?post=1297"},{"taxonomy":"product_cat","embeddable":true,"href":"https:\/\/dev.sbro.ro\/wp-json\/wp\/v2\/product_cat?post=1297"},{"taxonomy":"product_tag","embeddable":true,"href":"https:\/\/dev.sbro.ro\/wp-json\/wp\/v2\/product_tag?post=1297"}],"curies":[{"name":"wp","href":"https:\/\/api.w.org\/{rel}","templated":true}]}}