{"id":1316,"date":"2026-04-21T09:04:01","date_gmt":"2026-04-21T09:04:01","guid":{"rendered":"https:\/\/dev.sbro.ro\/?product=secretul-casniciei-fericite"},"modified":"2026-04-21T09:04:01","modified_gmt":"2026-04-21T09:04:01","slug":"secretul-casniciei-fericite","status":"publish","type":"product","link":"https:\/\/dev.sbro.ro\/product\/secretul-casniciei-fericite\/","title":{"rendered":"Secretul casniciei fericite"},"content":{"rendered":"<p style=\"text-align: justify;\"><span style=\"font-size: large;\">Nu l\u00e3sa\u0163i dragostea din c\u00e3minul dumneavoastr\u00e3 s\u00e3 p\u00e3leasc\u00e3. Acest sentiment care v\u00e3 leag\u00e3 trup \u015fi suflet de partener v\u00e3 poate \u00eenso\u0163i \u2014 \u015fi chiar se poate amplifica \u2014 odat\u00e3 cu trecerea anilor. \u00cent\u00e2mpl\u00e3rile mici, zilnice pe care le tr\u00e3i\u0163i \u00eempreun\u00e3 dau un farmec discret vie\u0163ii.<\/span><\/p>\n<p>\n<span style=\"font-size: large;\">Acest secret \u00eel dezv\u00e3luie cu m\u00e3iestrie Zig Ziglar \u00een volumul de fa\u0163\u00e3. El v\u00e3 ofer\u00e3 sfaturi, inspira\u0163ie \u015fi strategii care, urmate pas cu pas, pot face din c\u00e3snicia dumneavoastr\u00e3 un col\u0163 de paradis. <\/span><\/p>\n<p>\n<span style=\"font-size: large;\">Pute\u0163i afla cum s\u00e3 pune\u0163i punct unei situa\u0163ii pentru a o lua de la cap\u00e3t \u2014 bine\u00een\u0163eles, al\u00e3turi de partenerul dumneavoastr\u00e3 de o via\u0163\u00e3; cum pute\u0163i evita (sau \u00eendep\u00e3rta) efectele distrug\u00e3toare ale adulterului, ale absen\u0163ei mai mult sau mai pu\u0163in \u00eendelungate a partenerului din mijlocul familiei sau ale abuzului de orice fel; cum s\u00e3 v\u00e3 p\u00e3stra\u0163i romantismul \u015fi s\u00e3 v\u00e3 bucura\u0163i de o rela\u0163ie sexual\u00e3 care s\u00e3 v\u00e3 aduc\u00e3 \u00eemplinire \u015fi care s\u00e3 permanentizeze iubirea \u015fi prietenia cu partenerul. <\/span><\/p>\n<p>\n<span style=\"font-size: large;\">Oricare ar fi starea actual\u00e3 a rela\u0163iei dumneavoastr\u00e3 cu so\u0163ul sau so\u0163ia, \u00eencepe\u0163i sau continua\u0163i s\u00e3-i face\u0163i curte. Este secretul tinere\u0163ii f\u00e3r\u00e3 b\u00e3tr\u00e2ne\u0163e a iubirii \u015fi a entuziasmului \u00een c\u00e3snicie.<\/span><\/p>\n","protected":false},"excerpt":{"rendered":"<p>Nu l\u00e3sa\u0163i dragostea din c\u00e3minul dumneavoastr\u00e3 s\u00e3 p\u00e3leasc\u00e3. Acest sentiment care v\u00e3 leag\u00e3 trup \u015fi suflet de partener v\u00e3 poate \u00eenso\u0163i \u2014 \u015fi chiar se poate amplifica \u2014 odat\u00e3 cu trecerea anilor. \u00cent\u00e2mpl\u00e3rile mici, zilnice pe care le tr\u00e3i\u0163i \u00eempreun\u00e3 dau un farmec discret vie\u0163ii. Acest secret \u00eel dezv\u00e3luie cu m\u00e3iestrie Zig Ziglar \u00een volumul [&hellip;]<\/p>\n","protected":false},"featured_media":6751,"comment_status":"open","ping_status":"closed","template":"","meta":[],"product_brand":[],"product_cat":[79],"product_tag":[],"class_list":{"0":"post-1316","1":"product","2":"type-product","3":"status-publish","4":"has-post-thumbnail","6":"product_cat-casatorie","8":"first","9":"outofstock","10":"shipping-taxable","11":"purchasable","12":"product-type-simple"},"_links":{"self":[{"href":"https:\/\/dev.sbro.ro\/wp-json\/wp\/v2\/product\/1316","targetHints":{"allow":["GET"]}}],"collection":[{"href":"https:\/\/dev.sbro.ro\/wp-json\/wp\/v2\/product"}],"about":[{"href":"https:\/\/dev.sbro.ro\/wp-json\/wp\/v2\/types\/product"}],"replies":[{"embeddable":true,"href":"https:\/\/dev.sbro.ro\/wp-json\/wp\/v2\/comments?post=1316"}],"wp:featuredmedia":[{"embeddable":true,"href":"https:\/\/dev.sbro.ro\/wp-json\/wp\/v2\/media\/6751"}],"wp:attachment":[{"href":"https:\/\/dev.sbro.ro\/wp-json\/wp\/v2\/media?parent=1316"}],"wp:term":[{"taxonomy":"product_brand","embeddable":true,"href":"https:\/\/dev.sbro.ro\/wp-json\/wp\/v2\/product_brand?post=1316"},{"taxonomy":"product_cat","embeddable":true,"href":"https:\/\/dev.sbro.ro\/wp-json\/wp\/v2\/product_cat?post=1316"},{"taxonomy":"product_tag","embeddable":true,"href":"https:\/\/dev.sbro.ro\/wp-json\/wp\/v2\/product_tag?post=1316"}],"curies":[{"name":"wp","href":"https:\/\/api.w.org\/{rel}","templated":true}]}}