{"id":1362,"date":"2026-04-21T09:04:06","date_gmt":"2026-04-21T09:04:06","guid":{"rendered":"https:\/\/dev.sbro.ro\/?product=trupul-lui-cristos-o-realitate"},"modified":"2026-04-21T09:04:06","modified_gmt":"2026-04-21T09:04:06","slug":"trupul-lui-cristos-o-realitate","status":"publish","type":"product","link":"https:\/\/dev.sbro.ro\/product\/trupul-lui-cristos-o-realitate\/","title":{"rendered":"Trupul lui Cristos, o realitate"},"content":{"rendered":"<p style=\"text-align: justify;\">\u00a0<\/p>\n<p style=\"text-align: justify;\">\u00a0<\/p>\n<p style=\"text-align: justify;\"><span style=\"font-size: medium;\">Trupul lui Cristos nu este numai o \u00eenv\u0103\u0163\u0103tur\u0103.<\/span><br \/><span style=\"font-size: medium;\"> Trupul lui Cristos trebuie cunoscut \u00een mod experimental. Oricine nu l-a experimentat nu \u015ftie ce este acesta.<\/span><br \/><span style=\"font-size: medium;\"> Cel m\u00e2ntuit poate detecta cu u\u015furin\u0163\u0103 persoana m\u00e2ntuit\u0103 sau nem\u00e2ntuit\u0103;   \u00eentr-un mod asem\u0103n\u0103tor, cel care a ajuns deja la realitatea Trupului  lui  Cristos poate s\u0103 \u00ee\u015fi dea repede seama dac\u0103 al\u0163ii cunosc sau nu  aceast\u0103  realitate.<\/span><\/p>\n","protected":false},"excerpt":{"rendered":"<p>\u00a0 \u00a0 Trupul lui Cristos nu este numai o \u00eenv\u0103\u0163\u0103tur\u0103. Trupul lui Cristos trebuie cunoscut \u00een mod experimental. Oricine nu l-a experimentat nu \u015ftie ce este acesta. Cel m\u00e2ntuit poate detecta cu u\u015furin\u0163\u0103 persoana m\u00e2ntuit\u0103 sau nem\u00e2ntuit\u0103; \u00eentr-un mod asem\u0103n\u0103tor, cel care a ajuns deja la realitatea Trupului lui Cristos poate s\u0103 \u00ee\u015fi dea repede [&hellip;]<\/p>\n","protected":false},"featured_media":6797,"comment_status":"open","ping_status":"closed","template":"","meta":[],"product_brand":[],"product_cat":[18],"product_tag":[],"class_list":{"0":"post-1362","1":"product","2":"type-product","3":"status-publish","4":"has-post-thumbnail","6":"product_cat-viata-crestina","8":"first","9":"instock","10":"shipping-taxable","11":"purchasable","12":"product-type-simple"},"_links":{"self":[{"href":"https:\/\/dev.sbro.ro\/wp-json\/wp\/v2\/product\/1362","targetHints":{"allow":["GET"]}}],"collection":[{"href":"https:\/\/dev.sbro.ro\/wp-json\/wp\/v2\/product"}],"about":[{"href":"https:\/\/dev.sbro.ro\/wp-json\/wp\/v2\/types\/product"}],"replies":[{"embeddable":true,"href":"https:\/\/dev.sbro.ro\/wp-json\/wp\/v2\/comments?post=1362"}],"wp:featuredmedia":[{"embeddable":true,"href":"https:\/\/dev.sbro.ro\/wp-json\/wp\/v2\/media\/6797"}],"wp:attachment":[{"href":"https:\/\/dev.sbro.ro\/wp-json\/wp\/v2\/media?parent=1362"}],"wp:term":[{"taxonomy":"product_brand","embeddable":true,"href":"https:\/\/dev.sbro.ro\/wp-json\/wp\/v2\/product_brand?post=1362"},{"taxonomy":"product_cat","embeddable":true,"href":"https:\/\/dev.sbro.ro\/wp-json\/wp\/v2\/product_cat?post=1362"},{"taxonomy":"product_tag","embeddable":true,"href":"https:\/\/dev.sbro.ro\/wp-json\/wp\/v2\/product_tag?post=1362"}],"curies":[{"name":"wp","href":"https:\/\/api.w.org\/{rel}","templated":true}]}}