{"id":1368,"date":"2026-04-21T09:04:06","date_gmt":"2026-04-21T09:04:06","guid":{"rendered":"https:\/\/dev.sbro.ro\/?product=viata-extrema"},"modified":"2026-04-21T09:04:06","modified_gmt":"2026-04-21T09:04:06","slug":"viata-extrema","status":"publish","type":"product","link":"https:\/\/dev.sbro.ro\/?product=viata-extrema","title":{"rendered":"Viata extrema"},"content":{"rendered":"<p style=\"text-align: justify;\">\u00a0<\/p>\n<p style=\"text-align: justify;\">\u00a0<\/p>\n<div class=\"producttext\" style=\"text-align: justify;\">\n<div class=\"wpsc_description\">\n<p><span style=\"font-size: large;\">A trai pentru Isus \u00een secolul 21.<\/span><br \/><span style=\"font-size: large;\"> Frecventarea bisericii si  ucenicia sunt evident doua chestiuni diferite,  \u00a0iar recunoasterea  diferentei dintre cele doua este esentiala pentru  cei care doresc sa  devina ucenici. \u00a0Credinciosii pot sa se \u00eenscrie  \u00eentr-o adunare, sa  participe la \u00eenchinare, \u00a0sa evanghelizeze ocazional,  sa se implice \u00een  asistenta sociala si sa duca un stil de viata  confortabil de om care  merge la biserica. Dar, ucenicii nu pot tr?i \u00een  acest fel. Pentru ei, a  crede \u00een Isus si a frecventa biserica nu-i  de-ajuns. Ei stiu ca exista  ceva mai mult si sunt determinati sa obtina  acel ceva.<\/span><br \/><span style=\"font-size: large;\"> Ei doresc  sa devina una cu Isus. Vor sa traiasca o viata victorioasa  pentru Isus.  Vor sa traiasca o viata sf\u00e2nta \u00een locuri nesfinte. Vor sa  traiasca  Cuv\u00e2ntul lui Dumnezeu. Vor sa traiasca puterile vremurilor ce  vor veni.<\/span><\/p>\n<p><span style=\"font-size: large;\">Dar, mai presus de orice, vor sa traiasca o viata extrema \u00een vremuri  extreme.<\/span><\/p>\n<p>\u00a0<\/p>\n<p>\u00a0<\/p>\n<p>\u00a0<\/p>\n<p>\u00a0<\/p>\n<p><span style=\"font-size: large;\"><br \/><\/span><\/p>\n<\/div>\n<\/div>\n","protected":false},"excerpt":{"rendered":"<p>\u00a0 \u00a0 A trai pentru Isus \u00een secolul 21. Frecventarea bisericii si ucenicia sunt evident doua chestiuni diferite, \u00a0iar recunoasterea diferentei dintre cele doua este esentiala pentru cei care doresc sa devina ucenici. \u00a0Credinciosii pot sa se \u00eenscrie \u00eentr-o adunare, sa participe la \u00eenchinare, \u00a0sa evanghelizeze ocazional, sa se implice \u00een asistenta sociala si sa [&hellip;]<\/p>\n","protected":false},"featured_media":6803,"comment_status":"open","ping_status":"closed","template":"","meta":[],"product_brand":[],"product_cat":[18],"product_tag":[],"class_list":{"0":"post-1368","1":"product","2":"type-product","3":"status-publish","4":"has-post-thumbnail","6":"product_cat-viata-crestina","8":"first","9":"instock","10":"shipping-taxable","11":"purchasable","12":"product-type-simple"},"_links":{"self":[{"href":"https:\/\/dev.sbro.ro\/index.php?rest_route=\/wp\/v2\/product\/1368","targetHints":{"allow":["GET"]}}],"collection":[{"href":"https:\/\/dev.sbro.ro\/index.php?rest_route=\/wp\/v2\/product"}],"about":[{"href":"https:\/\/dev.sbro.ro\/index.php?rest_route=\/wp\/v2\/types\/product"}],"replies":[{"embeddable":true,"href":"https:\/\/dev.sbro.ro\/index.php?rest_route=%2Fwp%2Fv2%2Fcomments&post=1368"}],"wp:featuredmedia":[{"embeddable":true,"href":"https:\/\/dev.sbro.ro\/index.php?rest_route=\/wp\/v2\/media\/6803"}],"wp:attachment":[{"href":"https:\/\/dev.sbro.ro\/index.php?rest_route=%2Fwp%2Fv2%2Fmedia&parent=1368"}],"wp:term":[{"taxonomy":"product_brand","embeddable":true,"href":"https:\/\/dev.sbro.ro\/index.php?rest_route=%2Fwp%2Fv2%2Fproduct_brand&post=1368"},{"taxonomy":"product_cat","embeddable":true,"href":"https:\/\/dev.sbro.ro\/index.php?rest_route=%2Fwp%2Fv2%2Fproduct_cat&post=1368"},{"taxonomy":"product_tag","embeddable":true,"href":"https:\/\/dev.sbro.ro\/index.php?rest_route=%2Fwp%2Fv2%2Fproduct_tag&post=1368"}],"curies":[{"name":"wp","href":"https:\/\/api.w.org\/{rel}","templated":true}]}}