{"id":1402,"date":"2026-04-21T09:04:09","date_gmt":"2026-04-21T09:04:09","guid":{"rendered":"https:\/\/dev.sbro.ro\/?product=jessica-prima-rugaciune-si-intoarcerea-mamei"},"modified":"2026-04-21T09:04:09","modified_gmt":"2026-04-21T09:04:09","slug":"jessica-prima-rugaciune-si-intoarcerea-mamei","status":"publish","type":"product","link":"https:\/\/dev.sbro.ro\/product\/jessica-prima-rugaciune-si-intoarcerea-mamei\/","title":{"rendered":"Jessica ( Prima rugaciune si Intoarcerea mamei)"},"content":{"rendered":"<p>Micu\u021ba Jessica, descul\u021b\u0103 \u0219i fl\u0103m\u00e2nd\u0103, \u00ee\u0219i \u00eenc\u0103lze\u0219te picioarele la dugheana de cafea, unde prime\u0219te p\u00e2ine neagr\u0103 \u0219i cafea. \u00cens\u0103 vine ziua c\u00e2nd Jessica spune prima ei rug\u0103ciune, iar credin\u021ba ei copil\u0103reasc\u0103 este un suflu de aer proasp\u0103t. Aceast\u0103 poveste tandr\u0103 ofer\u0103 tinerilor \u0219i copiilor o perspectiv\u0103 nou\u0103 \u00een ce prive\u015fte mila \u015fi compasiunea. Afla\u021bi ce se \u00eent\u00e2mpl\u0103 cu mama disp\u0103rut\u0103 a Jessic\u0103i \u00een partea a doua a povestirii rescris\u0103 de Mark Hamby. Este povestea unei tragedii umane \u015fi a dragostei divine care a inspirat multe familii s\u0103-\u015fi reevalueze priorit\u0103\u0163ile \u015fi valorile. DUGHEANA DE CAFEA \u201eCu mult timp \u00een urm\u0103, sub unul dintre podurile de cale ferat\u0103 care traverseaz\u0103 str\u0103zile \u00eentortocheate ale Londrei, \u00eentr-un col\u0163 retras, departe de zgomotul \u015fi agita\u0163ia ora\u015fului, se afla o mic\u0103 dughean\u0103 de cafea alc\u0103tuit\u0103 doar dintr-o tejghea pe care erau \u00een\u015firate c\u0103ni de cafea \u015fi dou\u0103 ibrice mari a\u015fezate fiecare deasupra unui foc juc\u0103u\u015f de c\u0103rbuni, menit s\u0103 \u0163in\u0103 cafeaua fierbinte \u00een timpul orelor de diminea\u0163\u0103, c\u00e2nd mul\u0163imi de oameni se \u00eendreptau spre locurile lor de munc\u0103. Dugheana era deschis\u0103 doar diminea\u0163a de la ora cinci p\u00e2n\u0103 la opt \u015fi un sfert. Muncitorii iubeau mica dughean\u0103 de cafea \u015fi, \u00een scurt timp, deveni un loc c\u0103utat pentru c\u0103 era un ad\u0103post pe vreme de ploaie \u015fi lini\u015ftea ei \u00eei m\u00e2ng\u00e2ia pe cei s\u0103tui de via\u0163a obositoare a ora\u015fului. Chiar \u015fi chipul proprietarului p\u0103rea c\u0103 \u00eemprumutase ceva din t\u0103cerea \u015fi gravitatea locurilor. Nu vorbea dec\u00e2t rareori \u015fi nu-l interesa dec\u00e2t s\u0103-\u015fi serveasc\u0103 ne\u00eent\u00e2rziat clien\u0163ii gr\u0103bi\u0163i, f\u0103r\u0103 a se amesteca \u00een discu\u0163iile lor. D\u0103dea impresia c\u0103 \u00eei pas\u0103 prea pu\u0163in de ceea ce \u00eel \u00eenconjoar\u0103. Uneori se comporta de parc\u0103 era doar el singur cu cafelele lui. Era un om sub\u0163ire, cu o statur\u0103 \u00eenalt\u0103, iar dup\u0103 chipul br\u0103zdat de riduri p\u0103rea \u00eendeajuns de \u00eenaintat \u00een v\u00e2rst\u0103. Se purta ciudat; avea o fire distant\u0103 \u015fi rece, iar inima lui se ar\u0103ta ca de piatr\u0103, ca \u015fi cum nimic nu ar mai fi putut-o \u00eenduio\u015fa. Nimeni nu-i \u015ftia numele \u015fi nici unde locuia, poate numai poli\u0163istul care trecea din jum\u0103tate \u00een jum\u0103tate de ceas prin fa\u0163a dughenei \u015fi-l saluta, d\u00e2nd din cap prietenos. Prea pu\u0163ini erau cei care se \u00eentrebau de soarta lui \u015fi, chiar dac\u0103 ar fi f\u0103cut-o, nu ar fi putut afla altceva dec\u00e2t c\u0103 \u00een fiecare zi, \u00eenainte de ora opt \u015fi un sfert \u00ee\u015fi ducea taraba \u015fi ibricele \u00eentr-un magazin apropiat, unde \u00ee\u015fi \u0163inea tot mobilierul \u015fi cele necesare muncii sale. Dup\u0103 ce \u00eencuia u\u015fa pr\u0103v\u0103liei \u00eenvecinate, omul pleca gr\u0103bit, arunc\u00e2ndu-\u015fi din vreme-n vreme privirea cercet\u0103toare \u00een urm\u0103, nedorind parc\u0103 s\u0103 fie observat p\u00e2n\u0103 c\u00e2nd nu se va fi pierdut \u00een mul\u0163ime. Nimeni nu a avut vreodat\u0103 curiozitatea de a-l urm\u0103ri p\u00e2n\u0103 la locuin\u0163a lui ca s\u0103 afle ce mai f\u0103cea pentru a-\u015fi c\u00e2\u015ftiga existen\u0163a. De altfel, clien\u0163ii care \u00eei \u00eenconjurau \u00een fiecare diminea\u0163\u0103 dugheana se mul\u0163umeau cu cafeaua fierbinte ce le dezmor\u0163ea trupurile \u00een timpul friguros al dimine\u0163ii. De aceea, muncitorii nu se zg\u00e2rceau s\u0103-i pl\u0103teasc\u0103 \u015fi chiar s\u0103-i dea bac\u015fi\u015f pentru cafeaua proasp\u0103t\u0103 pe care o g\u0103seau la el. Niciunul \u00eens\u0103 dintre ace\u015fti mu\u015fterii obi\u015fnui\u0163i ai tejghelei nu s-a c\u0103znit vreodat\u0103 s\u0103 treac\u0103 de \u00eenf\u0103\u0163i\u015farea t\u0103cut\u0103 a cafegiului \u015fi s\u0103 descopere ce se ascundea \u00een ad\u00e2ncul inimii lui\u2026\u201d<\/p>\n","protected":false},"excerpt":{"rendered":"<p>Micu\u021ba Jessica, descul\u021b\u0103 \u0219i fl\u0103m\u00e2nd\u0103, \u00ee\u0219i \u00eenc\u0103lze\u0219te picioarele la dugheana de cafea, unde prime\u0219te p\u00e2ine neagr\u0103 \u0219i cafea. \u00cens\u0103 vine ziua c\u00e2nd Jessica spune prima ei rug\u0103ciune, iar credin\u021ba ei copil\u0103reasc\u0103 este un suflu de aer proasp\u0103t. Aceast\u0103 poveste tandr\u0103 ofer\u0103 tinerilor \u0219i copiilor o perspectiv\u0103 nou\u0103 \u00een ce prive\u015fte mila \u015fi compasiunea. Afla\u021bi ce [&hellip;]<\/p>\n","protected":false},"featured_media":6837,"comment_status":"open","ping_status":"closed","template":"","meta":[],"product_brand":[],"product_cat":[30],"product_tag":[],"class_list":{"0":"post-1402","1":"product","2":"type-product","3":"status-publish","4":"has-post-thumbnail","6":"product_cat-beletristica","8":"first","9":"instock","10":"shipping-taxable","11":"purchasable","12":"product-type-simple"},"_links":{"self":[{"href":"https:\/\/dev.sbro.ro\/wp-json\/wp\/v2\/product\/1402","targetHints":{"allow":["GET"]}}],"collection":[{"href":"https:\/\/dev.sbro.ro\/wp-json\/wp\/v2\/product"}],"about":[{"href":"https:\/\/dev.sbro.ro\/wp-json\/wp\/v2\/types\/product"}],"replies":[{"embeddable":true,"href":"https:\/\/dev.sbro.ro\/wp-json\/wp\/v2\/comments?post=1402"}],"wp:featuredmedia":[{"embeddable":true,"href":"https:\/\/dev.sbro.ro\/wp-json\/wp\/v2\/media\/6837"}],"wp:attachment":[{"href":"https:\/\/dev.sbro.ro\/wp-json\/wp\/v2\/media?parent=1402"}],"wp:term":[{"taxonomy":"product_brand","embeddable":true,"href":"https:\/\/dev.sbro.ro\/wp-json\/wp\/v2\/product_brand?post=1402"},{"taxonomy":"product_cat","embeddable":true,"href":"https:\/\/dev.sbro.ro\/wp-json\/wp\/v2\/product_cat?post=1402"},{"taxonomy":"product_tag","embeddable":true,"href":"https:\/\/dev.sbro.ro\/wp-json\/wp\/v2\/product_tag?post=1402"}],"curies":[{"name":"wp","href":"https:\/\/api.w.org\/{rel}","templated":true}]}}