{"id":1420,"date":"2026-04-21T09:04:11","date_gmt":"2026-04-21T09:04:11","guid":{"rendered":"https:\/\/dev.sbro.ro\/?product=doctrina-crestina"},"modified":"2026-04-21T09:04:11","modified_gmt":"2026-04-21T09:04:11","slug":"doctrina-crestina","status":"publish","type":"product","link":"https:\/\/dev.sbro.ro\/?product=doctrina-crestina","title":{"rendered":"Doctrina cre\u0219tin\u0103"},"content":{"rendered":"<div style=\"text-align: justify;\">\n<p><em>Doctrin\u0103<\/em>. Simplul cuv\u00e2nt \u00eemi d\u0103 fiori. De cele mai multe ori doctrina pare nefireasc\u0103 \u0219i m\u0103rginit\u0103, f\u0103r\u0103 vreo relevan\u021b\u0103 pentru experien\u021bele noastre cu Dumnezeu sau pentru aspectele practice ale tr\u0103irii cre\u0219tine de zi cu zi. Cu toate acestea, cre\u0219tinismul f\u0103r\u0103 doctrin\u0103 este un nonsens. Doctrina este expresia adev\u0103rului cre\u0219tin, un cadru pentru via\u021ba cre\u0219tin\u0103 \u0219i o protec\u021bie \u00eempotriva ereziei. Este esen\u021bial ca importan\u021ba ei s\u0103 fie redescoperit\u0103 \u00een acest veac secularizat.<\/p>\n<p>\u00cen acest studiu antrenant al naturii \u0219i scopului doctrinei cre\u0219tine, Alister McGrath ne arat\u0103 cu o claritate \u00eenvior\u0103toare de ce anume doctrina este important\u0103, \u00eencheind cu o privire detaliat\u0103 asupra a trei doctrine esen\u021biale. Scris\u0103 av\u00e2nd \u00een obiectiv nevoia cre\u0219tinului obi\u0219nuit, cartea aceasta deschide noi c\u0103i de percepere a doctrinei cre\u0219tine \u0219i are menirea s\u0103 devin\u0103 un standard \u00een ce prive\u0219te introducerea \u00een subiectul vast al doctrinei.<\/p>\n<p><strong>Despre autor<\/strong><br \/>\nDr. Alister McGrath a studiat ini\u021bial \u0219tiin\u021bele naturale la Oxford, \u0219i-a luat doctoratul \u00een biofizica molecular\u0103, dup\u0103 care s-a \u00eendreptat spre teologie. A predat teologie istoric\u0103 la Universitatea Oxford \u00een perioada 1999-2008. Dup\u0103 aceea a predat teologie, misiologie \u0219i educa\u021bie la King\u2019s College, Londra, \u00eenainte de a se \u00eentoarce la Oxford ca profesor \u00een catedra Andreas Idreos, \u00een 2014. Din septembrie 2022, dr. McGrath este pensionar.<br \/>\nPe l\u00e2ng\u0103 alte lucr\u0103ri academice despre doctrin\u0103, a mai scris \u0219i volumele <em>Marele Mister. \u0218tiin\u021b\u0103, Dumnezeu \u0219i c\u0103utarea semnifica\u021biei<\/em>; <em>Understanding Jesus<\/em>; <em>Understanding Trinity<\/em> \u0219i <em>Doubt: Handling it Honestly<\/em>.<\/p>\n<\/div>\n","protected":false},"excerpt":{"rendered":"<p>Doctrin\u0103. Simplul cuv\u00e2nt \u00eemi d\u0103 fiori. De cele mai multe ori doctrina pare nefireasc\u0103 \u0219i m\u0103rginit\u0103, f\u0103r\u0103 vreo relevan\u021b\u0103 pentru experien\u021bele noastre cu Dumnezeu sau pentru aspectele practice ale tr\u0103irii cre\u0219tine de zi cu zi. Cu toate acestea, cre\u0219tinismul f\u0103r\u0103 doctrin\u0103 este un nonsens. Doctrina este expresia adev\u0103rului cre\u0219tin, un cadru pentru via\u021ba cre\u0219tin\u0103 \u0219i [&hellip;]<\/p>\n","protected":false},"featured_media":6855,"comment_status":"open","ping_status":"closed","template":"","meta":[],"product_brand":[],"product_cat":[33],"product_tag":[],"class_list":{"0":"post-1420","1":"product","2":"type-product","3":"status-publish","4":"has-post-thumbnail","6":"product_cat-doctrine","8":"first","9":"instock","10":"shipping-taxable","11":"purchasable","12":"product-type-simple"},"_links":{"self":[{"href":"https:\/\/dev.sbro.ro\/index.php?rest_route=\/wp\/v2\/product\/1420","targetHints":{"allow":["GET"]}}],"collection":[{"href":"https:\/\/dev.sbro.ro\/index.php?rest_route=\/wp\/v2\/product"}],"about":[{"href":"https:\/\/dev.sbro.ro\/index.php?rest_route=\/wp\/v2\/types\/product"}],"replies":[{"embeddable":true,"href":"https:\/\/dev.sbro.ro\/index.php?rest_route=%2Fwp%2Fv2%2Fcomments&post=1420"}],"wp:featuredmedia":[{"embeddable":true,"href":"https:\/\/dev.sbro.ro\/index.php?rest_route=\/wp\/v2\/media\/6855"}],"wp:attachment":[{"href":"https:\/\/dev.sbro.ro\/index.php?rest_route=%2Fwp%2Fv2%2Fmedia&parent=1420"}],"wp:term":[{"taxonomy":"product_brand","embeddable":true,"href":"https:\/\/dev.sbro.ro\/index.php?rest_route=%2Fwp%2Fv2%2Fproduct_brand&post=1420"},{"taxonomy":"product_cat","embeddable":true,"href":"https:\/\/dev.sbro.ro\/index.php?rest_route=%2Fwp%2Fv2%2Fproduct_cat&post=1420"},{"taxonomy":"product_tag","embeddable":true,"href":"https:\/\/dev.sbro.ro\/index.php?rest_route=%2Fwp%2Fv2%2Fproduct_tag&post=1420"}],"curies":[{"name":"wp","href":"https:\/\/api.w.org\/{rel}","templated":true}]}}