{"id":1629,"date":"2026-04-21T09:04:32","date_gmt":"2026-04-21T09:04:32","guid":{"rendered":"https:\/\/dev.sbro.ro\/?product=autoritatea-spirituala-2"},"modified":"2026-04-21T09:04:32","modified_gmt":"2026-04-21T09:04:32","slug":"autoritatea-spirituala-2","status":"publish","type":"product","link":"https:\/\/dev.sbro.ro\/product\/autoritatea-spirituala-2\/","title":{"rendered":"Autoritatea spirituala"},"content":{"rendered":"<p style=\"text-align: justify;\">\u00a0<\/p>\n<p style=\"text-align: justify;\"><span style=\"font-size: large;\">S\u0103 avem \u015fi noi acela\u015fi g\u00e2nd care era \u00een Isus Cristos.<\/span><br \/><span style=\"font-size: large;\"> S\u0103 mergem cu  to\u0163ii pe calea Domnului \u015fi s\u0103 \u00eenv\u0103\u0163\u0103m ascultarea f\u0103c\u00e2nd din  principiul  ascult\u0103rii propriul nostru principiu. S\u0103 fim supu\u015fi unii  altora. Numai  aplic\u00e2nd principiul ascult\u0103rii, putem sluji lui Dumnezeu.  Fiind  ascult\u0103tori, a\u015fa cum a fost Cristos, putem confirma principiul  divin al  autorit\u0103\u0163ii, c\u0103ci r\u0103zvr\u0103tirea nu este altceva dec\u00e2t aplicarea  unui  principiu satanic.<\/span><\/p>\n","protected":false},"excerpt":{"rendered":"<p>\u00a0 S\u0103 avem \u015fi noi acela\u015fi g\u00e2nd care era \u00een Isus Cristos. S\u0103 mergem cu to\u0163ii pe calea Domnului \u015fi s\u0103 \u00eenv\u0103\u0163\u0103m ascultarea f\u0103c\u00e2nd din principiul ascult\u0103rii propriul nostru principiu. S\u0103 fim supu\u015fi unii altora. Numai aplic\u00e2nd principiul ascult\u0103rii, putem sluji lui Dumnezeu. Fiind ascult\u0103tori, a\u015fa cum a fost Cristos, putem confirma principiul divin al [&hellip;]<\/p>\n","protected":false},"featured_media":7062,"comment_status":"open","ping_status":"closed","template":"","meta":[],"product_brand":[],"product_cat":[18],"product_tag":[],"class_list":{"0":"post-1629","1":"product","2":"type-product","3":"status-publish","4":"has-post-thumbnail","6":"product_cat-viata-crestina","8":"first","9":"instock","10":"shipping-taxable","11":"purchasable","12":"product-type-simple"},"_links":{"self":[{"href":"https:\/\/dev.sbro.ro\/wp-json\/wp\/v2\/product\/1629","targetHints":{"allow":["GET"]}}],"collection":[{"href":"https:\/\/dev.sbro.ro\/wp-json\/wp\/v2\/product"}],"about":[{"href":"https:\/\/dev.sbro.ro\/wp-json\/wp\/v2\/types\/product"}],"replies":[{"embeddable":true,"href":"https:\/\/dev.sbro.ro\/wp-json\/wp\/v2\/comments?post=1629"}],"wp:featuredmedia":[{"embeddable":true,"href":"https:\/\/dev.sbro.ro\/wp-json\/wp\/v2\/media\/7062"}],"wp:attachment":[{"href":"https:\/\/dev.sbro.ro\/wp-json\/wp\/v2\/media?parent=1629"}],"wp:term":[{"taxonomy":"product_brand","embeddable":true,"href":"https:\/\/dev.sbro.ro\/wp-json\/wp\/v2\/product_brand?post=1629"},{"taxonomy":"product_cat","embeddable":true,"href":"https:\/\/dev.sbro.ro\/wp-json\/wp\/v2\/product_cat?post=1629"},{"taxonomy":"product_tag","embeddable":true,"href":"https:\/\/dev.sbro.ro\/wp-json\/wp\/v2\/product_tag?post=1629"}],"curies":[{"name":"wp","href":"https:\/\/api.w.org\/{rel}","templated":true}]}}