{"id":1635,"date":"2026-04-21T09:04:34","date_gmt":"2026-04-21T09:04:34","guid":{"rendered":"https:\/\/dev.sbro.ro\/?product=cantarile-betaniei"},"modified":"2026-04-21T09:04:34","modified_gmt":"2026-04-21T09:04:34","slug":"cantarile-betaniei","status":"publish","type":"product","link":"https:\/\/dev.sbro.ro\/?product=cantarile-betaniei","title":{"rendered":"Cantarile Betaniei"},"content":{"rendered":"<p>\u00cen farmecul poeziei este puterea de a transfera, prin c\u00e2teva cuvinte, din lumea materiala \u00een lumea spirituala.St\u00e2nd \u00een prezenta lui Dumnezeu poetul zice:<\/p>\n<p>\u201eSpre Tine-ntind doar brate goale,<\/p>\n<p>nu pentru darurile Tale,<\/p>\n<p>ci sa ma pierd \u00een Fi\u2018nta Ta<\/p>\n<p>cu toata saracia mea.\u201d<\/p>\n","protected":false},"excerpt":{"rendered":"<p>\u00cen farmecul poeziei este puterea de a transfera, prin c\u00e2teva cuvinte, din lumea materiala \u00een lumea spirituala.St\u00e2nd \u00een prezenta lui Dumnezeu poetul zice: \u201eSpre Tine-ntind doar brate goale, nu pentru darurile Tale, ci sa ma pierd \u00een Fi\u2018nta Ta cu toata saracia mea.\u201d<\/p>\n","protected":false},"featured_media":7068,"comment_status":"open","ping_status":"closed","template":"","meta":[],"product_brand":[],"product_cat":[39],"product_tag":[],"class_list":{"0":"post-1635","1":"product","2":"type-product","3":"status-publish","4":"has-post-thumbnail","6":"product_cat-poezii","8":"first","9":"outofstock","10":"shipping-taxable","11":"purchasable","12":"product-type-simple"},"_links":{"self":[{"href":"https:\/\/dev.sbro.ro\/index.php?rest_route=\/wp\/v2\/product\/1635","targetHints":{"allow":["GET"]}}],"collection":[{"href":"https:\/\/dev.sbro.ro\/index.php?rest_route=\/wp\/v2\/product"}],"about":[{"href":"https:\/\/dev.sbro.ro\/index.php?rest_route=\/wp\/v2\/types\/product"}],"replies":[{"embeddable":true,"href":"https:\/\/dev.sbro.ro\/index.php?rest_route=%2Fwp%2Fv2%2Fcomments&post=1635"}],"wp:featuredmedia":[{"embeddable":true,"href":"https:\/\/dev.sbro.ro\/index.php?rest_route=\/wp\/v2\/media\/7068"}],"wp:attachment":[{"href":"https:\/\/dev.sbro.ro\/index.php?rest_route=%2Fwp%2Fv2%2Fmedia&parent=1635"}],"wp:term":[{"taxonomy":"product_brand","embeddable":true,"href":"https:\/\/dev.sbro.ro\/index.php?rest_route=%2Fwp%2Fv2%2Fproduct_brand&post=1635"},{"taxonomy":"product_cat","embeddable":true,"href":"https:\/\/dev.sbro.ro\/index.php?rest_route=%2Fwp%2Fv2%2Fproduct_cat&post=1635"},{"taxonomy":"product_tag","embeddable":true,"href":"https:\/\/dev.sbro.ro\/index.php?rest_route=%2Fwp%2Fv2%2Fproduct_tag&post=1635"}],"curies":[{"name":"wp","href":"https:\/\/api.w.org\/{rel}","templated":true}]}}