{"id":1659,"date":"2026-04-21T09:04:36","date_gmt":"2026-04-21T09:04:36","guid":{"rendered":"https:\/\/dev.sbro.ro\/?product=eliberat-de-doua-ori"},"modified":"2026-04-21T09:04:36","modified_gmt":"2026-04-21T09:04:36","slug":"eliberat-de-doua-ori","status":"publish","type":"product","link":"https:\/\/dev.sbro.ro\/?product=eliberat-de-doua-ori","title":{"rendered":"Eliberat de doua ori"},"content":{"rendered":"<p>Cu inima plin\u0103 de vinov\u0103\u0163ie, ur\u0103 \u015fi fric\u0103, sclavul Onisim fuge de la st\u0103p\u00e2nul s\u0103u Filimon. Tocmai c\u00e2nd libertatea pare mai aproape ca oric\u00e2nd, pa\u015fii care \u00eel urm\u0103riser\u0103 \u00eel ajung. Acum trebuie s\u0103 aleag\u0103: s\u0103-\u015fi continue via\u0163a \u00een acela\u015fi mod, adic\u0103 s\u0103 r\u0103m\u00e2n\u0103 un sclav al p\u0103catului, sau s\u0103-L urmeze pe Christos, p\u0103r\u0103sind ura \u015fi resentimentele ce i-au chinuit sufletul at\u00e2ta timp. Ce va alege? \u00cempov\u0103rat de vin\u0103, de ur\u0103 \u015fi fric\u0103, t\u00e2n\u0103rul sclav Onisim evadeaz\u0103 de la st\u0103p\u00e2nul s\u0103u Filimon \u00een c\u0103utarea unei n\u0103luci care-i scap\u0103 la fiecare pas \u2013 LIBERTATEA. \u015ei tocmai atunci c\u00e2nd crede c\u0103 a ob\u0163inut-o, Cel care l-a urm\u0103rit mereu \u00eel ajunge. Acum trebuie s\u0103 fac\u0103 o alegere: s\u0103 continue s\u0103 mearg\u0103 pe drumul care l-ar fi dus mai ad\u00e2nc \u00een sclavie sau s\u0103 \u00eenceap\u0103 o nou\u0103 via\u0163\u0103 cu Christos, renun\u0163\u00e2nd la ura \u0219i resentimentele pe care le-a nutrit \u00eentotdeauna.<\/p>\n","protected":false},"excerpt":{"rendered":"<p>Cu inima plin\u0103 de vinov\u0103\u0163ie, ur\u0103 \u015fi fric\u0103, sclavul Onisim fuge de la st\u0103p\u00e2nul s\u0103u Filimon. Tocmai c\u00e2nd libertatea pare mai aproape ca oric\u00e2nd, pa\u015fii care \u00eel urm\u0103riser\u0103 \u00eel ajung. Acum trebuie s\u0103 aleag\u0103: s\u0103-\u015fi continue via\u0163a \u00een acela\u015fi mod, adic\u0103 s\u0103 r\u0103m\u00e2n\u0103 un sclav al p\u0103catului, sau s\u0103-L urmeze pe Christos, p\u0103r\u0103sind ura \u015fi [&hellip;]<\/p>\n","protected":false},"featured_media":7092,"comment_status":"open","ping_status":"closed","template":"","meta":[],"product_brand":[],"product_cat":[30],"product_tag":[],"class_list":{"0":"post-1659","1":"product","2":"type-product","3":"status-publish","4":"has-post-thumbnail","6":"product_cat-beletristica","8":"first","9":"instock","10":"shipping-taxable","11":"purchasable","12":"product-type-simple"},"_links":{"self":[{"href":"https:\/\/dev.sbro.ro\/index.php?rest_route=\/wp\/v2\/product\/1659","targetHints":{"allow":["GET"]}}],"collection":[{"href":"https:\/\/dev.sbro.ro\/index.php?rest_route=\/wp\/v2\/product"}],"about":[{"href":"https:\/\/dev.sbro.ro\/index.php?rest_route=\/wp\/v2\/types\/product"}],"replies":[{"embeddable":true,"href":"https:\/\/dev.sbro.ro\/index.php?rest_route=%2Fwp%2Fv2%2Fcomments&post=1659"}],"wp:featuredmedia":[{"embeddable":true,"href":"https:\/\/dev.sbro.ro\/index.php?rest_route=\/wp\/v2\/media\/7092"}],"wp:attachment":[{"href":"https:\/\/dev.sbro.ro\/index.php?rest_route=%2Fwp%2Fv2%2Fmedia&parent=1659"}],"wp:term":[{"taxonomy":"product_brand","embeddable":true,"href":"https:\/\/dev.sbro.ro\/index.php?rest_route=%2Fwp%2Fv2%2Fproduct_brand&post=1659"},{"taxonomy":"product_cat","embeddable":true,"href":"https:\/\/dev.sbro.ro\/index.php?rest_route=%2Fwp%2Fv2%2Fproduct_cat&post=1659"},{"taxonomy":"product_tag","embeddable":true,"href":"https:\/\/dev.sbro.ro\/index.php?rest_route=%2Fwp%2Fv2%2Fproduct_tag&post=1659"}],"curies":[{"name":"wp","href":"https:\/\/api.w.org\/{rel}","templated":true}]}}