{"id":1677,"date":"2026-04-21T09:04:38","date_gmt":"2026-04-21T09:04:38","guid":{"rendered":"https:\/\/dev.sbro.ro\/?product=fiii-risipitori"},"modified":"2026-04-21T09:04:38","modified_gmt":"2026-04-21T09:04:38","slug":"fiii-risipitori","status":"publish","type":"product","link":"https:\/\/dev.sbro.ro\/product\/fiii-risipitori\/","title":{"rendered":"Fiii risipitori"},"content":{"rendered":"<p>\u00cen timp ce trateaz\u0103 subiectele cele mai profunde ale inimii, nevoia de iertare \u015fi \u00eemp\u0103care, aceast\u0103 carte v\u0103 va face s\u0103 z\u00e2mbi\u0163i de la \u00eenceputul p\u00e2n\u0103 la sf\u00e2r\u015fitul lecturii. \u00centr-o lume cu rela\u0163ii destr\u0103mate, micu\u0163a noastr\u0103 eroin\u0103, Milly, ne va ajuta s\u0103 d\u0103r\u00e2m\u0103m zidurile de \u00eend\u0103r\u0103tnicie \u015fi m\u00e2ndrie \u015fi s\u0103 g\u0103sim drumul de \u00eentoarcere de pe c\u0103r\u0103rile r\u0103t\u0103citoare ale durerii din trecut. Fie ca adev\u0103rurile revelate \u00een aceast\u0103 povestire s\u0103-\u015fi g\u0103seasc\u0103 loc \u00een multe inimi care \u00eenc\u0103 pribegesc departe de cas\u0103. \u201eFii risipitori\u201d va grava \u00een inimile voastre nevoia de a primi iertarea lui Dumnezeu \u015fi de \u00eemp\u0103care cu El. Ve\u0163i z\u00e2mbi uneori, alteori ve\u0163i l\u0103crima, \u00een timp ce micu\u0163a eroin\u0103, Milly, cu sufletul ei pur, dar plin\u0103 de \u00eendr\u0103zneal\u0103, v\u0103 va \u00eendemna s\u0103 v\u0103 \u00eentoarce\u0163i ACAS\u0102.<\/p>\n","protected":false},"excerpt":{"rendered":"<p>\u00cen timp ce trateaz\u0103 subiectele cele mai profunde ale inimii, nevoia de iertare \u015fi \u00eemp\u0103care, aceast\u0103 carte v\u0103 va face s\u0103 z\u00e2mbi\u0163i de la \u00eenceputul p\u00e2n\u0103 la sf\u00e2r\u015fitul lecturii. \u00centr-o lume cu rela\u0163ii destr\u0103mate, micu\u0163a noastr\u0103 eroin\u0103, Milly, ne va ajuta s\u0103 d\u0103r\u00e2m\u0103m zidurile de \u00eend\u0103r\u0103tnicie \u015fi m\u00e2ndrie \u015fi s\u0103 g\u0103sim drumul de \u00eentoarcere de [&hellip;]<\/p>\n","protected":false},"featured_media":7110,"comment_status":"open","ping_status":"closed","template":"","meta":[],"product_brand":[],"product_cat":[30],"product_tag":[],"class_list":{"0":"post-1677","1":"product","2":"type-product","3":"status-publish","4":"has-post-thumbnail","6":"product_cat-beletristica","8":"first","9":"instock","10":"shipping-taxable","11":"purchasable","12":"product-type-simple"},"_links":{"self":[{"href":"https:\/\/dev.sbro.ro\/wp-json\/wp\/v2\/product\/1677","targetHints":{"allow":["GET"]}}],"collection":[{"href":"https:\/\/dev.sbro.ro\/wp-json\/wp\/v2\/product"}],"about":[{"href":"https:\/\/dev.sbro.ro\/wp-json\/wp\/v2\/types\/product"}],"replies":[{"embeddable":true,"href":"https:\/\/dev.sbro.ro\/wp-json\/wp\/v2\/comments?post=1677"}],"wp:featuredmedia":[{"embeddable":true,"href":"https:\/\/dev.sbro.ro\/wp-json\/wp\/v2\/media\/7110"}],"wp:attachment":[{"href":"https:\/\/dev.sbro.ro\/wp-json\/wp\/v2\/media?parent=1677"}],"wp:term":[{"taxonomy":"product_brand","embeddable":true,"href":"https:\/\/dev.sbro.ro\/wp-json\/wp\/v2\/product_brand?post=1677"},{"taxonomy":"product_cat","embeddable":true,"href":"https:\/\/dev.sbro.ro\/wp-json\/wp\/v2\/product_cat?post=1677"},{"taxonomy":"product_tag","embeddable":true,"href":"https:\/\/dev.sbro.ro\/wp-json\/wp\/v2\/product_tag?post=1677"}],"curies":[{"name":"wp","href":"https:\/\/api.w.org\/{rel}","templated":true}]}}