{"id":1678,"date":"2026-04-21T09:04:38","date_gmt":"2026-04-21T09:04:38","guid":{"rendered":"https:\/\/dev.sbro.ro\/?product=firul-de-aur"},"modified":"2026-04-21T09:04:38","modified_gmt":"2026-04-21T09:04:38","slug":"firul-de-aur","status":"publish","type":"product","link":"https:\/\/dev.sbro.ro\/product\/firul-de-aur\/","title":{"rendered":"Firul de aur"},"content":{"rendered":"<p>A fost odat\u0103 o \u00eemp\u0103r\u0103\u0163ie care se \u00eenvecina cu p\u0103durea Hemlock. \u00cen aceast\u0103 p\u0103dure \u00eenfrico\u015f\u0103toare tr\u0103ia un du\u015fman al \u00eemp\u0103r\u0103\u0163iei \u00eempreun\u0103 cu supu\u015fii s\u0103i. Oamenii \u015ftiau c\u0103 doar acei care se \u0163in de Firul de Aur se pot av\u00e2nta \u00een p\u0103dure, dar chiar \u015fi a\u015fa, numai cei care vor urma Firul cu credin\u0163\u0103 se vor putea \u00eentoarce \u00een siguran\u0163\u0103 acas\u0103. A\u015f vrea s\u0103 v\u0103 ajut \u015fi s\u0103 v\u0103 \u00eencurajez, pe voi \u015fi pe to\u0163i cei care citesc aceast\u0103 povestire, s\u0103 \u00eenv\u0103\u0163a\u0163i marea ei lec\u0163ie, lec\u0163ia c\u0103 trebuie s\u0103 ne \u00eencredem \u00eentotdeauna \u00een Dumnezeu \u015fi s\u0103 facem ce este drept, \u0163in\u00e2ndu-ne str\u00e2ns de Firul de aur, \u00een ciuda oric\u0103rei ispite \u015fi primejdii, siguri c\u0103 Dumnezeu ne va conduce \u00een casa Lui, \u00een lini\u015fte \u015fi pace. Dumnezeu d\u0103 fiec\u0103ruia un Fir de aur de care s\u0103 se \u0163in\u0103 acas\u0103 sau la \u015fcoal\u0103, la gr\u0103dini\u0163\u0103 sau la joac\u0103, \u00een orice zi \u015fi \u00een orice loc. Vocea Lui din inima noastr\u0103 \u015fi din Cuv\u00e2ntul S\u0103u ne spune \u00eentotdeauna ce este bine, dac\u0103 o ascult\u0103m. \u015ei voi pute\u0163i fi ispiti\u0163i \u00eentr-un fel sau altul s\u0103 l\u0103sa\u0163i din m\u00e2n\u0103 Firul de aur \u015fi s\u0103 fi\u0163i egoi\u015fti, neascult\u0103tori, lene\u015fi sau mincino\u015fi. Multe lucruri v\u0103 vor ispiti s\u0103 face\u0163i mai degrab\u0103 voia voastr\u0103, dec\u00e2t voia lui Dumnezeu.<\/p>\n","protected":false},"excerpt":{"rendered":"<p>A fost odat\u0103 o \u00eemp\u0103r\u0103\u0163ie care se \u00eenvecina cu p\u0103durea Hemlock. \u00cen aceast\u0103 p\u0103dure \u00eenfrico\u015f\u0103toare tr\u0103ia un du\u015fman al \u00eemp\u0103r\u0103\u0163iei \u00eempreun\u0103 cu supu\u015fii s\u0103i. Oamenii \u015ftiau c\u0103 doar acei care se \u0163in de Firul de Aur se pot av\u00e2nta \u00een p\u0103dure, dar chiar \u015fi a\u015fa, numai cei care vor urma Firul cu credin\u0163\u0103 se vor [&hellip;]<\/p>\n","protected":false},"featured_media":7111,"comment_status":"open","ping_status":"closed","template":"","meta":[],"product_brand":[],"product_cat":[30],"product_tag":[],"class_list":{"0":"post-1678","1":"product","2":"type-product","3":"status-publish","4":"has-post-thumbnail","6":"product_cat-beletristica","8":"first","9":"instock","10":"shipping-taxable","11":"purchasable","12":"product-type-simple"},"_links":{"self":[{"href":"https:\/\/dev.sbro.ro\/wp-json\/wp\/v2\/product\/1678","targetHints":{"allow":["GET"]}}],"collection":[{"href":"https:\/\/dev.sbro.ro\/wp-json\/wp\/v2\/product"}],"about":[{"href":"https:\/\/dev.sbro.ro\/wp-json\/wp\/v2\/types\/product"}],"replies":[{"embeddable":true,"href":"https:\/\/dev.sbro.ro\/wp-json\/wp\/v2\/comments?post=1678"}],"wp:featuredmedia":[{"embeddable":true,"href":"https:\/\/dev.sbro.ro\/wp-json\/wp\/v2\/media\/7111"}],"wp:attachment":[{"href":"https:\/\/dev.sbro.ro\/wp-json\/wp\/v2\/media?parent=1678"}],"wp:term":[{"taxonomy":"product_brand","embeddable":true,"href":"https:\/\/dev.sbro.ro\/wp-json\/wp\/v2\/product_brand?post=1678"},{"taxonomy":"product_cat","embeddable":true,"href":"https:\/\/dev.sbro.ro\/wp-json\/wp\/v2\/product_cat?post=1678"},{"taxonomy":"product_tag","embeddable":true,"href":"https:\/\/dev.sbro.ro\/wp-json\/wp\/v2\/product_tag?post=1678"}],"curies":[{"name":"wp","href":"https:\/\/api.w.org\/{rel}","templated":true}]}}