{"id":1681,"date":"2026-04-21T09:04:39","date_gmt":"2026-04-21T09:04:39","guid":{"rendered":"https:\/\/dev.sbro.ro\/?product=geneza-relevanta-dezbaterii-dintre-creationisti-si-evolutionisti"},"modified":"2026-04-21T09:04:39","modified_gmt":"2026-04-21T09:04:39","slug":"geneza-relevanta-dezbaterii-dintre-creationisti-si-evolutionisti","status":"publish","type":"product","link":"https:\/\/dev.sbro.ro\/product\/geneza-relevanta-dezbaterii-dintre-creationisti-si-evolutionisti\/","title":{"rendered":"Geneza &#8211; Relevan\u021ba dezbaterii dintre crea\u021bioni\u0219ti \u0219i evolu\u021bioni\u0219ti"},"content":{"rendered":"<p>\u00cen volumul de fa\u0163\u0103, Dr. McIntosh prive\u015fte cu mare aten\u0163ie la implica\u0163iile modelului crea\u0163ionist \u00een rela\u0163ie nu numai cu primele capitole ale c\u0103r\u0163ii Geneza, ci \u015fi cu subiectele mai generale ale teologiei cre\u015ftine. Exist\u0103 oameni care nu vor ajunge niciodat\u0103 s\u0103 \u00een\u0163eleag\u0103 c\u00e2t de c\u00e2t implica\u0163iile modelului crea\u0163ionist \u00een via\u0163a omenirii \u015fi daunele aduse adev\u0103rurilor cre\u015ftine prin adoptarea nes\u0103buit\u0103 a g\u00e2ndirii evolu\u0163ioniste. Cartea de fa\u0163\u0103 se va dovedi a fi o adev\u0103rat\u0103 surs\u0103 de revela\u0163ie.<\/p>\n","protected":false},"excerpt":{"rendered":"<p>\u00cen volumul de fa\u0163\u0103, Dr. McIntosh prive\u015fte cu mare aten\u0163ie la implica\u0163iile modelului crea\u0163ionist \u00een rela\u0163ie nu numai cu primele capitole ale c\u0103r\u0163ii Geneza, ci \u015fi cu subiectele mai generale ale teologiei cre\u015ftine. Exist\u0103 oameni care nu vor ajunge niciodat\u0103 s\u0103 \u00een\u0163eleag\u0103 c\u00e2t de c\u00e2t implica\u0163iile modelului crea\u0163ionist \u00een via\u0163a omenirii \u015fi daunele aduse adev\u0103rurilor [&hellip;]<\/p>\n","protected":false},"featured_media":7113,"comment_status":"open","ping_status":"closed","template":"","meta":[],"product_brand":[],"product_cat":[16],"product_tag":[],"class_list":{"0":"post-1681","1":"product","2":"type-product","3":"status-publish","4":"has-post-thumbnail","6":"product_cat-comentarii-biblice","8":"first","9":"outofstock","10":"shipping-taxable","11":"purchasable","12":"product-type-simple"},"_links":{"self":[{"href":"https:\/\/dev.sbro.ro\/wp-json\/wp\/v2\/product\/1681","targetHints":{"allow":["GET"]}}],"collection":[{"href":"https:\/\/dev.sbro.ro\/wp-json\/wp\/v2\/product"}],"about":[{"href":"https:\/\/dev.sbro.ro\/wp-json\/wp\/v2\/types\/product"}],"replies":[{"embeddable":true,"href":"https:\/\/dev.sbro.ro\/wp-json\/wp\/v2\/comments?post=1681"}],"wp:featuredmedia":[{"embeddable":true,"href":"https:\/\/dev.sbro.ro\/wp-json\/wp\/v2\/media\/7113"}],"wp:attachment":[{"href":"https:\/\/dev.sbro.ro\/wp-json\/wp\/v2\/media?parent=1681"}],"wp:term":[{"taxonomy":"product_brand","embeddable":true,"href":"https:\/\/dev.sbro.ro\/wp-json\/wp\/v2\/product_brand?post=1681"},{"taxonomy":"product_cat","embeddable":true,"href":"https:\/\/dev.sbro.ro\/wp-json\/wp\/v2\/product_cat?post=1681"},{"taxonomy":"product_tag","embeddable":true,"href":"https:\/\/dev.sbro.ro\/wp-json\/wp\/v2\/product_tag?post=1681"}],"curies":[{"name":"wp","href":"https:\/\/api.w.org\/{rel}","templated":true}]}}