{"id":1687,"date":"2026-04-21T09:04:39","date_gmt":"2026-04-21T09:04:39","guid":{"rendered":"https:\/\/dev.sbro.ro\/?product=identitate-furata"},"modified":"2026-04-21T09:04:39","modified_gmt":"2026-04-21T09:04:39","slug":"identitate-furata","status":"publish","type":"product","link":"https:\/\/dev.sbro.ro\/product\/identitate-furata\/","title":{"rendered":"Identitate furata"},"content":{"rendered":"<p style=\"text-align: justify;\"><span style=\"font-size: large;\">\u00centrebarea pe care o ridic\u0103 aceast\u0103 carte e urm\u0103toarea: Cine este cu  adev\u0103rat Omul care poart\u0103 coroana de spini pe frunte \u015fi de ce exist\u0103, \u00een  ultima vreme, at\u00e2ta \u00eenver\u015funare pentru a-i r\u0103pi cu orice pre\u0163  identitatea? Ce se ascunde de fapt \u00een spatele celui mai v\u00e2ndut roman din  istorie \u015fi al ecraniz\u0103rii acestuia? <\/span><br \/><span style=\"font-size: large;\">\u00cen col\u0163ul albastru, sus\u0163inut de  misteriosul Cod al lui da Vinci, menit s\u0103 ne destupe min\u0163ile \u015fi  ova\u0163ionat de o \u00eentreag\u0103 galerie de mistici \u015fi gnostici acum re\u00eenc\u0103rca\u0163i,  st\u0103 un Hristos cu multe fe\u0163e. Acesta ba o s\u0103rut\u0103 pe Maria Madgalena pe  gur\u0103 (\u00een Evanghelia lui Filip), ba vorbe\u015fte despre iluminare precum un  guru hindus (\u00een Evanghelia lui Toma), ba se poart\u0103 ca (doar) un simplu  om, bun la toate, util spiritualit\u0103\u0163ii optimist-atotcuprinz\u0103toare  contemporane. <\/span><br \/><span style=\"font-size: large;\">\u00cen col\u0163ul ro\u015fu (de s\u00e2nge) st\u0103 Hristosul des-figurat al  Patimilor \u015fi descris cu o simplitate n\u0103ucitoare de Evangheliile Sfintei  Scripturi \u015fi de Crezul cre\u015ftin: Fiu al lui Dumnezeu, \u00eentrupat \u00eentr-o  iesle, care a fost ispitit ca \u015fi noi, a p\u0103timit, a murit pentru a ne  r\u0103scump\u0103ra de p\u0103cate, a fost \u00eengropat, a \u00eenviat a treia zi \u015fi se va  \u00eentoarce \u00een slav\u0103 dup\u0103 ale\u015fii inimii Sale, la ceas ne\u015ftiut. <\/span><br \/><span style=\"font-size: large;\">Miza este enorm\u0103. Pozi\u0163ii neutre nu exist\u0103. \u00cen lumina adev\u0103rului, suntem invita\u0163i s\u0103 alegem.<\/span><\/p>\n<p style=\"text-align: justify;\">\u00a0<\/p>\n<p style=\"text-align: justify;\">\u00a0<\/p>\n<p style=\"text-align: justify;\">\u00a0<\/p>\n<p style=\"text-align: justify;\"><span style=\"font-size: large;\"><br \/><\/span><\/p>\n","protected":false},"excerpt":{"rendered":"<p>\u00centrebarea pe care o ridic\u0103 aceast\u0103 carte e urm\u0103toarea: Cine este cu adev\u0103rat Omul care poart\u0103 coroana de spini pe frunte \u015fi de ce exist\u0103, \u00een ultima vreme, at\u00e2ta \u00eenver\u015funare pentru a-i r\u0103pi cu orice pre\u0163 identitatea? Ce se ascunde de fapt \u00een spatele celui mai v\u00e2ndut roman din istorie \u015fi al ecraniz\u0103rii acestuia? \u00cen [&hellip;]<\/p>\n","protected":false},"featured_media":7119,"comment_status":"open","ping_status":"closed","template":"","meta":[],"product_brand":[],"product_cat":[18],"product_tag":[],"class_list":{"0":"post-1687","1":"product","2":"type-product","3":"status-publish","4":"has-post-thumbnail","6":"product_cat-viata-crestina","8":"first","9":"instock","10":"shipping-taxable","11":"purchasable","12":"product-type-simple"},"_links":{"self":[{"href":"https:\/\/dev.sbro.ro\/wp-json\/wp\/v2\/product\/1687","targetHints":{"allow":["GET"]}}],"collection":[{"href":"https:\/\/dev.sbro.ro\/wp-json\/wp\/v2\/product"}],"about":[{"href":"https:\/\/dev.sbro.ro\/wp-json\/wp\/v2\/types\/product"}],"replies":[{"embeddable":true,"href":"https:\/\/dev.sbro.ro\/wp-json\/wp\/v2\/comments?post=1687"}],"wp:featuredmedia":[{"embeddable":true,"href":"https:\/\/dev.sbro.ro\/wp-json\/wp\/v2\/media\/7119"}],"wp:attachment":[{"href":"https:\/\/dev.sbro.ro\/wp-json\/wp\/v2\/media?parent=1687"}],"wp:term":[{"taxonomy":"product_brand","embeddable":true,"href":"https:\/\/dev.sbro.ro\/wp-json\/wp\/v2\/product_brand?post=1687"},{"taxonomy":"product_cat","embeddable":true,"href":"https:\/\/dev.sbro.ro\/wp-json\/wp\/v2\/product_cat?post=1687"},{"taxonomy":"product_tag","embeddable":true,"href":"https:\/\/dev.sbro.ro\/wp-json\/wp\/v2\/product_tag?post=1687"}],"curies":[{"name":"wp","href":"https:\/\/api.w.org\/{rel}","templated":true}]}}