{"id":1748,"date":"2026-04-21T09:04:46","date_gmt":"2026-04-21T09:04:46","guid":{"rendered":"https:\/\/dev.sbro.ro\/?product=12-tesaloniceni"},"modified":"2026-04-21T09:04:46","modified_gmt":"2026-04-21T09:04:46","slug":"12-tesaloniceni","status":"publish","type":"product","link":"https:\/\/dev.sbro.ro\/product\/12-tesaloniceni\/","title":{"rendered":"1&#038;2 Tesaloniceni"},"content":{"rendered":"<p>Comentariu explicativ asupra celor dou\u0103 epistole ale lui Pavel c\u0103tre Tesaloniceni, din Noul Testament<\/p>\n<p>Sunt pu\u021bine c\u0103r\u021bi \u00een Noul Testament care s\u0103 aduc\u0103 at\u00e2t de aproape de noi tema Venirii Domnului Isus Hristos ca 1&#038;2 Tesaloniceni. Prin con\u021binutul lor, cele dou\u0103 epistole ne provoac\u0103 la o via\u021b\u0103 tr\u0103it\u0103 \u00een a\u0219teptarea lui Hristos. N\u0103dejdea Venirii Domnului Isus Hristos ar trebui s\u0103 fie cea mai puternic\u0103 motivare la sfin\u021bire, la dezbr\u0103carea oric\u0103rui p\u0103cat, pentru ca Duhul Sf\u00e2nt s\u0103 poat\u0103 modela \u00een noi chipul lui Hristos \u0219i s\u0103 fim astfel preg\u0103ti\u021bi pentru \u00eent\u00e2lnirea cu El.<\/p>\n<p>Venirea lui Hristos va fi precedat\u0103 de lep\u0103darea de credin\u021b\u0103 \u0219i de &#8220;ar\u0103tarea omului f\u0103r\u0103delegii, fiul pierz\u0103rii, potrivnicul, care se \u00eenal\u021b\u0103 mai presus de tot ce se nume\u0219te Dumnezeu, sau de ce este vrednic de \u00eenchinare, a\u0219a c\u0103 se va a\u0219eza \u00een Templul lui Dumnezeu, d\u00e2ndu-se drept Dumnezeu&#8221; (2 Tes. 2:3-4). Valul apostaziei care va preg\u0103ti astfel de vremuri amenin\u021b\u0103 \u00eens\u0103\u0219i Biserica. \u00centr-un asemenea context, \u00eentrebarea care se na\u0219te este ce anume trebuie s\u0103 fac\u0103 Biserica pentru a ridica st\u0103vilar \u00een calea lep\u0103d\u0103rii de credin\u021b\u0103? Sfatul lui Pavel adresat lui Timotei \u00een a doua sa epistol\u0103 este mai relevant ast\u0103zi ca oric\u00e2nd:<\/p>\n<p>    Te rog fierbinte, \u00eenaintea lui Dumnezeu \u015fi \u00eenaintea lui Hristos Isus, care are s\u0103 judece viii \u015fi mor\u0163ii, \u015fi pentru ar\u0103tarea \u015fi \u00cemp\u0103r\u0103\u0163ia Sa:propov\u0103duie\u015fte Cuv\u00e2ntul, st\u0103ruie asupra lui la timp \u015fi ne la timp, mustr\u0103, ceart\u0103, \u00eendeamn\u0103 cu toat\u0103 bl\u00e2nde\u0163ea \u015fi \u00eenv\u0103\u0163\u0103tura. C\u0103ci va veni vremea c\u00e2nd oamenii nu vor putea s\u0103 sufere \u00eenv\u0103\u0163\u0103tura s\u0103n\u0103toas\u0103, ci \u00eei vor g\u00e2dila urechile s\u0103 aud\u0103 lucruri pl\u0103cute \u015fi \u00ee\u015fi vor da \u00eenv\u0103\u0163\u0103tori dup\u0103 poftele lor. \u00ce\u015fi vor \u00eentoarce urechea de la adev\u0103r \u015fi se vor \u00eendrepta spre istorisiri \u00eenchipuite. Dar tu fii treaz \u00een toate lucrurile, rabd\u0103 suferin\u0163ele, f\u0103 lucrul unui evanghelist \u015fi \u00eempline\u015fte-\u0163i bine slujba. (2 Timotei 4:1-5)<\/p>\n","protected":false},"excerpt":{"rendered":"<p>Comentariu explicativ asupra celor dou\u0103 epistole ale lui Pavel c\u0103tre Tesaloniceni, din Noul Testament Sunt pu\u021bine c\u0103r\u021bi \u00een Noul Testament care s\u0103 aduc\u0103 at\u00e2t de aproape de noi tema Venirii Domnului Isus Hristos ca 1&#038;2 Tesaloniceni. Prin con\u021binutul lor, cele dou\u0103 epistole ne provoac\u0103 la o via\u021b\u0103 tr\u0103it\u0103 \u00een a\u0219teptarea lui Hristos. N\u0103dejdea Venirii Domnului [&hellip;]<\/p>\n","protected":false},"featured_media":7180,"comment_status":"open","ping_status":"closed","template":"","meta":[],"product_brand":[],"product_cat":[16],"product_tag":[],"class_list":{"0":"post-1748","1":"product","2":"type-product","3":"status-publish","4":"has-post-thumbnail","6":"product_cat-comentarii-biblice","8":"first","9":"outofstock","10":"shipping-taxable","11":"purchasable","12":"product-type-simple"},"_links":{"self":[{"href":"https:\/\/dev.sbro.ro\/wp-json\/wp\/v2\/product\/1748","targetHints":{"allow":["GET"]}}],"collection":[{"href":"https:\/\/dev.sbro.ro\/wp-json\/wp\/v2\/product"}],"about":[{"href":"https:\/\/dev.sbro.ro\/wp-json\/wp\/v2\/types\/product"}],"replies":[{"embeddable":true,"href":"https:\/\/dev.sbro.ro\/wp-json\/wp\/v2\/comments?post=1748"}],"wp:featuredmedia":[{"embeddable":true,"href":"https:\/\/dev.sbro.ro\/wp-json\/wp\/v2\/media\/7180"}],"wp:attachment":[{"href":"https:\/\/dev.sbro.ro\/wp-json\/wp\/v2\/media?parent=1748"}],"wp:term":[{"taxonomy":"product_brand","embeddable":true,"href":"https:\/\/dev.sbro.ro\/wp-json\/wp\/v2\/product_brand?post=1748"},{"taxonomy":"product_cat","embeddable":true,"href":"https:\/\/dev.sbro.ro\/wp-json\/wp\/v2\/product_cat?post=1748"},{"taxonomy":"product_tag","embeddable":true,"href":"https:\/\/dev.sbro.ro\/wp-json\/wp\/v2\/product_tag?post=1748"}],"curies":[{"name":"wp","href":"https:\/\/api.w.org\/{rel}","templated":true}]}}