{"id":1777,"date":"2026-04-21T09:04:49","date_gmt":"2026-04-21T09:04:49","guid":{"rendered":"https:\/\/dev.sbro.ro\/?product=temelia-familiei"},"modified":"2026-04-21T09:04:49","modified_gmt":"2026-04-21T09:04:49","slug":"temelia-familiei","status":"publish","type":"product","link":"https:\/\/dev.sbro.ro\/?product=temelia-familiei","title":{"rendered":"Temelia familiei"},"content":{"rendered":"<p style=\"text-align: justify;\"><span style=\"font-size: small;\">&#8220;Travis Plumlee simte chemarea din partea lui Dumnezeu de a sluji familiile. Educa\u0163ia \u015fi preg\u0103tirea academic\u0103 \u00eei dau dreptul s\u0103 ajute familiile s\u0103-\u015fi cl\u0103deasc\u0103 &#8212; \u015fi uneori s\u0103-\u015fi recl\u0103deasc\u0103 &#8212; via\u0163a de familie pe baza unui plan divin. Travis este prietenul meu \u015fi fratele meu \u00een Cristos, \u015fi recomand aceast\u0103 carte oric\u0103rei persoane care ia \u00een serios cl\u0103direa unei familii dup\u0103 principiile lui Dumnezeu.&#8221; &#8212; George Reddin, Director Executiv, Lifeword Broadcast Ministries<\/span><\/p>\n<p><span style=\"font-size: small;\">&#8220;Travis Plumlee \u00een\u0163elege foarte bine dinamica familiei. Este medicul cel mai plin de compasiune cu care am avut vreodat\u0103 pl\u0103cerea s\u0103 lucr\u0103m.&#8221; &#8212; Curt \u015fi Sandi Hove, Inspectori medicali cu acreditare na\u0163ional\u0103 \u00een domeniul abuzului de substan\u0163e<\/span><\/p>\n<p><span style=\"font-size: small;\">&#8220;Dumnezeu i-a dat lui Travis Plumlee o preocupare pentru familii \u015fi o lucrare dedicat\u0103 sprijinirii efortului de a \u00eentemeia familii puternice.&#8221; &#8212; Charles Attebery, Pre\u015fedinte, Central Baptist College<\/span><\/p>\n","protected":false},"excerpt":{"rendered":"<p>&#8220;Travis Plumlee simte chemarea din partea lui Dumnezeu de a sluji familiile. Educa\u0163ia \u015fi preg\u0103tirea academic\u0103 \u00eei dau dreptul s\u0103 ajute familiile s\u0103-\u015fi cl\u0103deasc\u0103 &#8212; \u015fi uneori s\u0103-\u015fi recl\u0103deasc\u0103 &#8212; via\u0163a de familie pe baza unui plan divin. Travis este prietenul meu \u015fi fratele meu \u00een Cristos, \u015fi recomand aceast\u0103 carte oric\u0103rei persoane care ia [&hellip;]<\/p>\n","protected":false},"featured_media":7209,"comment_status":"open","ping_status":"closed","template":"","meta":[],"product_brand":[],"product_cat":[79],"product_tag":[],"class_list":{"0":"post-1777","1":"product","2":"type-product","3":"status-publish","4":"has-post-thumbnail","6":"product_cat-casatorie","8":"first","9":"outofstock","10":"shipping-taxable","11":"purchasable","12":"product-type-simple"},"_links":{"self":[{"href":"https:\/\/dev.sbro.ro\/index.php?rest_route=\/wp\/v2\/product\/1777","targetHints":{"allow":["GET"]}}],"collection":[{"href":"https:\/\/dev.sbro.ro\/index.php?rest_route=\/wp\/v2\/product"}],"about":[{"href":"https:\/\/dev.sbro.ro\/index.php?rest_route=\/wp\/v2\/types\/product"}],"replies":[{"embeddable":true,"href":"https:\/\/dev.sbro.ro\/index.php?rest_route=%2Fwp%2Fv2%2Fcomments&post=1777"}],"wp:featuredmedia":[{"embeddable":true,"href":"https:\/\/dev.sbro.ro\/index.php?rest_route=\/wp\/v2\/media\/7209"}],"wp:attachment":[{"href":"https:\/\/dev.sbro.ro\/index.php?rest_route=%2Fwp%2Fv2%2Fmedia&parent=1777"}],"wp:term":[{"taxonomy":"product_brand","embeddable":true,"href":"https:\/\/dev.sbro.ro\/index.php?rest_route=%2Fwp%2Fv2%2Fproduct_brand&post=1777"},{"taxonomy":"product_cat","embeddable":true,"href":"https:\/\/dev.sbro.ro\/index.php?rest_route=%2Fwp%2Fv2%2Fproduct_cat&post=1777"},{"taxonomy":"product_tag","embeddable":true,"href":"https:\/\/dev.sbro.ro\/index.php?rest_route=%2Fwp%2Fv2%2Fproduct_tag&post=1777"}],"curies":[{"name":"wp","href":"https:\/\/api.w.org\/{rel}","templated":true}]}}