{"id":1785,"date":"2026-04-21T09:04:50","date_gmt":"2026-04-21T09:04:50","guid":{"rendered":"https:\/\/dev.sbro.ro\/?product=un-oaspete-neasteptat"},"modified":"2026-04-21T09:04:50","modified_gmt":"2026-04-21T09:04:50","slug":"un-oaspete-neasteptat","status":"publish","type":"product","link":"https:\/\/dev.sbro.ro\/product\/un-oaspete-neasteptat\/","title":{"rendered":"Un oaspete neasteptat"},"content":{"rendered":"<p>Christoph Von Schmid a fost autorul favorit al multor colec\u0163ionari. Aceast\u0103 colec\u0163ie \u00eenc\u00e2nt\u0103toare a povestirilor scurte scrise de Von Schmid ilustreaz\u0103 \u00eentr-un mod minunat iubirea lui Dumnezeu \u015fi planul S\u0103u des\u0103v\u00e2r\u015fit. \u00cen ceasurile noastre de \u00eencercare putem sta lini\u015fti\u0163i \u015ftiind c\u0103 Dumnezeu cunoa\u015fte totul \u015fi este un ajutor prezent oric\u00e2nd \u00een vreme de nevoie. Ca \u00een toate lucr\u0103rile lui Von Schmid, exist\u0103 un element de \u00eencercare sever\u0103 \u015fi de pierdere care pare ireparabil\u0103. Dar r\u0103scump\u0103rarea nea\u015fteptat\u0103 este aproape pentru cei care cred \u00een Dumnezeu \u00een ciuda \u00eemprejur\u0103rilor pe care le \u00eenfrunt\u0103. Aceast\u0103 carte con\u0163ine trei povestiri \u00een care autorul ilustreaz\u0103 providen\u0163a \u015fi planul des\u0103v\u00e2r\u015fit al lui Dumnezeu. \u00cen ceasurile cele mai \u00eentunecate putem r\u0103m\u00e2ne lini\u015fti\u0163i pentru c\u0103 El \u015ftie c\u00e2nd s\u0103 vin\u0103 \u00een ajutorul nostru.<\/p>\n","protected":false},"excerpt":{"rendered":"<p>Christoph Von Schmid a fost autorul favorit al multor colec\u0163ionari. Aceast\u0103 colec\u0163ie \u00eenc\u00e2nt\u0103toare a povestirilor scurte scrise de Von Schmid ilustreaz\u0103 \u00eentr-un mod minunat iubirea lui Dumnezeu \u015fi planul S\u0103u des\u0103v\u00e2r\u015fit. \u00cen ceasurile noastre de \u00eencercare putem sta lini\u015fti\u0163i \u015ftiind c\u0103 Dumnezeu cunoa\u015fte totul \u015fi este un ajutor prezent oric\u00e2nd \u00een vreme de nevoie. Ca [&hellip;]<\/p>\n","protected":false},"featured_media":7217,"comment_status":"open","ping_status":"closed","template":"","meta":[],"product_brand":[],"product_cat":[30],"product_tag":[],"class_list":{"0":"post-1785","1":"product","2":"type-product","3":"status-publish","4":"has-post-thumbnail","6":"product_cat-beletristica","8":"first","9":"instock","10":"shipping-taxable","11":"purchasable","12":"product-type-simple"},"_links":{"self":[{"href":"https:\/\/dev.sbro.ro\/wp-json\/wp\/v2\/product\/1785","targetHints":{"allow":["GET"]}}],"collection":[{"href":"https:\/\/dev.sbro.ro\/wp-json\/wp\/v2\/product"}],"about":[{"href":"https:\/\/dev.sbro.ro\/wp-json\/wp\/v2\/types\/product"}],"replies":[{"embeddable":true,"href":"https:\/\/dev.sbro.ro\/wp-json\/wp\/v2\/comments?post=1785"}],"wp:featuredmedia":[{"embeddable":true,"href":"https:\/\/dev.sbro.ro\/wp-json\/wp\/v2\/media\/7217"}],"wp:attachment":[{"href":"https:\/\/dev.sbro.ro\/wp-json\/wp\/v2\/media?parent=1785"}],"wp:term":[{"taxonomy":"product_brand","embeddable":true,"href":"https:\/\/dev.sbro.ro\/wp-json\/wp\/v2\/product_brand?post=1785"},{"taxonomy":"product_cat","embeddable":true,"href":"https:\/\/dev.sbro.ro\/wp-json\/wp\/v2\/product_cat?post=1785"},{"taxonomy":"product_tag","embeddable":true,"href":"https:\/\/dev.sbro.ro\/wp-json\/wp\/v2\/product_tag?post=1785"}],"curies":[{"name":"wp","href":"https:\/\/api.w.org\/{rel}","templated":true}]}}