{"id":1795,"date":"2026-04-21T09:04:51","date_gmt":"2026-04-21T09:04:51","guid":{"rendered":"https:\/\/dev.sbro.ro\/?product=amy-si-fratii-ei"},"modified":"2026-04-21T09:04:51","modified_gmt":"2026-04-21T09:04:51","slug":"amy-si-fratii-ei","status":"publish","type":"product","link":"https:\/\/dev.sbro.ro\/product\/amy-si-fratii-ei\/","title":{"rendered":"Amy si fratii ei"},"content":{"rendered":"<p>Suferin\u0163a, nevinov\u0103\u0163ia \u015fi credin\u0163a unui copil orfan picteaz\u0103 tabloul suferin\u0163ei ascunse din jurul nostru, provoc\u00e2ndu-ne s\u0103 fim mai sensibili la durerile altora. Poate chiar tu e\u015fti Amy \u2013 o persoan\u0103 \u00een via\u0163a c\u0103reia multitudinea responsabilit\u0103\u0163ilor ar putea s\u0103-\u0163i ia pacea. Poate te sim\u0163i de multe ori dezn\u0103d\u0103jduit\u0103 \u015fi nu mai ai puterea s\u0103 vezi raza de soare str\u0103pung\u00e2nd norii grei. Cite\u015fte aceast\u0103 carte. Prin ea \u00eel vei cunoa\u015fte pe Willy, fratele aflat \u00een aceea\u015fi stare cu tine, dar care va lupta pentru tine, \u00ee\u0163i va fi aproape \u015fi te va \u00eencuraja. Vei face cuno\u015ftin\u0163\u0103 cu domnul Charles Alden \u015fi so\u0163ia lui, cre\u015ftini care au \u00een\u0163eles c\u0103 Domnul i-a binecuv\u00e2ntat pentru ca \u015fi ei, la r\u00e2ndul lor, s\u0103 fie o binecuv\u00e2ntare pentru tine. Vei descoperi c\u0103 \u015fi \u00een greut\u0103\u0163i po\u0163i avea inima lini\u015ftit\u0103 \u015fi fa\u0163a luminoas\u0103 st\u00e2nd aproape de Cuv\u00e2ntul lui Dumnezeu \u015fi crez\u00e2nd deplin \u00een El. Vei continua s\u0103 te rogi pentru cei care s-au dep\u0103rtat de calea cea dreapt\u0103, \u015ftiind c\u0103 \u00eentr-o zi se vor \u00eentoarce. Vei avea \u00eencredere c\u0103 cei bolnavi al\u0103turi de care suferi \u015fi tu vor fi vindeca\u0163i. \u015ei poate cel mai frumos va fi s\u0103 \u015ftii c\u0103 prin via\u0163a ta, deplin \u00eencredin\u0163at\u0103 \u00een m\u00e2na Domnului, cei necredincio\u015fi vor vedea raza de soare str\u0103pung\u00e2nd norii grei \u2013 \u00eel vor g\u0103si pe Isus. Cartea aceasta este pentru tine, oricine ai fi. \u00ce\u0163i d\u0103 noi perspective asupra tr\u0103irii cu Dumnezeu.<\/p>\n","protected":false},"excerpt":{"rendered":"<p>Suferin\u0163a, nevinov\u0103\u0163ia \u015fi credin\u0163a unui copil orfan picteaz\u0103 tabloul suferin\u0163ei ascunse din jurul nostru, provoc\u00e2ndu-ne s\u0103 fim mai sensibili la durerile altora. Poate chiar tu e\u015fti Amy \u2013 o persoan\u0103 \u00een via\u0163a c\u0103reia multitudinea responsabilit\u0103\u0163ilor ar putea s\u0103-\u0163i ia pacea. Poate te sim\u0163i de multe ori dezn\u0103d\u0103jduit\u0103 \u015fi nu mai ai puterea s\u0103 vezi raza [&hellip;]<\/p>\n","protected":false},"featured_media":7227,"comment_status":"open","ping_status":"closed","template":"","meta":[],"product_brand":[],"product_cat":[30],"product_tag":[],"class_list":{"0":"post-1795","1":"product","2":"type-product","3":"status-publish","4":"has-post-thumbnail","6":"product_cat-beletristica","8":"first","9":"instock","10":"shipping-taxable","11":"purchasable","12":"product-type-simple"},"_links":{"self":[{"href":"https:\/\/dev.sbro.ro\/wp-json\/wp\/v2\/product\/1795","targetHints":{"allow":["GET"]}}],"collection":[{"href":"https:\/\/dev.sbro.ro\/wp-json\/wp\/v2\/product"}],"about":[{"href":"https:\/\/dev.sbro.ro\/wp-json\/wp\/v2\/types\/product"}],"replies":[{"embeddable":true,"href":"https:\/\/dev.sbro.ro\/wp-json\/wp\/v2\/comments?post=1795"}],"wp:featuredmedia":[{"embeddable":true,"href":"https:\/\/dev.sbro.ro\/wp-json\/wp\/v2\/media\/7227"}],"wp:attachment":[{"href":"https:\/\/dev.sbro.ro\/wp-json\/wp\/v2\/media?parent=1795"}],"wp:term":[{"taxonomy":"product_brand","embeddable":true,"href":"https:\/\/dev.sbro.ro\/wp-json\/wp\/v2\/product_brand?post=1795"},{"taxonomy":"product_cat","embeddable":true,"href":"https:\/\/dev.sbro.ro\/wp-json\/wp\/v2\/product_cat?post=1795"},{"taxonomy":"product_tag","embeddable":true,"href":"https:\/\/dev.sbro.ro\/wp-json\/wp\/v2\/product_tag?post=1795"}],"curies":[{"name":"wp","href":"https:\/\/api.w.org\/{rel}","templated":true}]}}