{"id":1966,"date":"2026-04-21T09:05:10","date_gmt":"2026-04-21T09:05:10","guid":{"rendered":"https:\/\/dev.sbro.ro\/?product=exodul-musulmanilor-in-libertatea-lui-hristos"},"modified":"2026-04-21T09:05:10","modified_gmt":"2026-04-21T09:05:10","slug":"exodul-musulmanilor-in-libertatea-lui-hristos","status":"publish","type":"product","link":"https:\/\/dev.sbro.ro\/product\/exodul-musulmanilor-in-libertatea-lui-hristos\/","title":{"rendered":"Exodul musulmanilor in libertatea lui Hristos"},"content":{"rendered":"<p style=\"text-align: justify;\">\u00a0<\/p>\n<p style=\"text-align: justify;\"><span style=\"font-size: large;\">Dorinta mea este sa va ajut sa deveniti o parte din ceea ce Dumnezeu face astazi la scara mica si va face \u00een curand \u00eentr-un mod cum n-a mai facut-o vreodata pana acum \u2013 aducandu-i pe musulmani \u00een libertatea lui Hristos.<\/span><br \/><span style=\"font-size: large;\">\u00a0Astazi, Islamul prezinta o provocare nu doar pentru occidentali, ci si pentru toti oamenii din lumea \u00eentreaga, inclusiv pentru musulmani! De fapt, multi musulmani ar prefera sa ofere lumii o imagine despre Islam destul de diferita de cea zugravita de ei si despre ei \u00een ultimii ani.<\/span><br \/><span style=\"font-size: large;\">\u00a0Nemusulmanii vad \u00een aceasta religie si \u00een acest mod de viata un mozaic viu si contrastant \u2013 din punct de vedere politic, social si economic. Islamul ocupa vaste regiuni geografice si are foarte multi sustinatori. Numarul acestora variaza \u00een mare masura, \u00een functie de cine anume \u00eei numara! Dar n-ar fi departe de adevar sa spunem ca aproximativ 1,3 miliarde de oameni considera Islamul drept religia lor. Musulmanii pot fi gasiti nu numai \u00een Orientul Mijlociu, unde s-a nascut Islamul, ci si \u00een aproape oricare mare oras de pe orice continent al lumii.<\/span><br \/><span style=\"font-size: large;\">\u00a0Musulmanii \u00eemi sunt foarte dragi. Scriind aceasta carte, am urmarit doua scopuri de baza. Mai \u00eentai, doresc sa-l ajut pe cititor sa dobandeasca o \u00eentelegere realista asupra Islamului, dar si un interes \u00een popoarele musulmane. \u00cen al doilea rand, doresc sa contribui la pregatirea martorilor crestini pentru ca ei sa poata comunica, \u00een mod sensibil si inteligent, cu musulmanii si, astfel, sa-i castige pentru Hristos si sa planteze Biserica \u00een mijlocul acestora.<\/span><br \/><span style=\"font-size: large;\">\u00a0Dorinta de a le \u00eempartasi musulmanilor Evanghelia nu \u00eenseamna faptul ca noi, crestinii, le suntem cumva superiori. Nicidecum! Noi nu credem ca suntem mai buni decat musulmanii sau oricare alti oameni. Mai degraba, credem ca, la fel ca toti ceilalti, suntem fiinte umane cazute. Totusi, harul lui Dumnezeu ne-a ridicat si ne-a eliberat ca sa traim pentru El. Acel har ne-a dat si o \u00eentelegere biblica asupra adevarului si a mandatului divin de a aduce alte fiinte umane cazute \u00een \u00cemparatia lui Dumnezeu.<\/span><br \/><span style=\"font-size: large;\">\u00a0Asa cum am afirmat mai devreme, musulmanii \u00eemi sunt foarte dragi. Faptul ca eu \u00eenteleg adevarul biblic ma face sa doresc ca si ei sa intre \u00een libertatea lui Hristos \u2013 aceasta este, de fapt, rugaciunea si chemarea mea.<\/span><\/p>\n<p><span style=\"font-size: large;\">Cuprins<\/span><\/p>\n<p><span style=\"font-size: large;\">Partea I: Omul, cartea si traditiile<\/span><br \/><span style=\"font-size: large;\">\u00a0\u00a0 1. Muhammed<\/span><br \/><span style=\"font-size: large;\">\u00a0\u00a0 2. Coranul<\/span><br \/><span style=\"font-size: large;\">\u00a0\u00a0 3. Hadit-ul<\/span><\/p>\n<p><span style=\"font-size: large;\">Partea a II-a: Chei pentru intelegerea islamului si a musulmanilor<\/span><br \/><span style=\"font-size: large;\">\u00a0\u00a0 4. O pagina de istorie<\/span><br \/><span style=\"font-size: large;\">\u00a0\u00a0 5. Sistemul islamic &#8211; Din<\/span><br \/><span style=\"font-size: large;\">\u00a0\u00a0 6. Comunitatea musulmana<\/span><br \/><span style=\"font-size: large;\">\u00a0\u00a0 7. Jihad<\/span><br \/><span style=\"font-size: large;\">\u00a0\u00a0 8. Islamul traditional<\/span><br \/><span style=\"font-size: large;\">\u00a0\u00a0 9. Directii si tendinte<\/span><\/p>\n<p><span style=\"font-size: large;\">Partea a III-a: Islamul si biserica<\/span><br \/><span style=\"font-size: large;\">\u00a0\u00a0 10. Crestinismul<\/span><br \/><span style=\"font-size: large;\">\u00a0\u00a0 11. Biblia<\/span><br \/><span style=\"font-size: large;\">\u00a0\u00a0 12. Trinitatea<\/span><br \/><span style=\"font-size: large;\">\u00a0\u00a0 13. Crucea<\/span><\/p>\n<p><span style=\"font-size: large;\">Parte a IV-a: Provocari si oportunitati<\/span><br \/><span style=\"font-size: large;\">\u00a0\u00a0 14. Intampinarea provocarilor<\/span><br \/><span style=\"font-size: large;\">\u00a0\u00a0 15. O strategie prudenta<\/span><br \/><span style=\"font-size: large;\">\u00a0\u00a0 16. Inclestarea fortelor<\/span><br \/><span style=\"font-size: large;\">\u00a0\u00a0 17. Experiente cu Hristos<\/span><br \/><span style=\"font-size: large;\">\u00a0\u00a0 18. Se intampla cu adevarat<\/span><\/p>\n","protected":false},"excerpt":{"rendered":"<p>\u00a0 Dorinta mea este sa va ajut sa deveniti o parte din ceea ce Dumnezeu face astazi la scara mica si va face \u00een curand \u00eentr-un mod cum n-a mai facut-o vreodata pana acum \u2013 aducandu-i pe musulmani \u00een libertatea lui Hristos.\u00a0Astazi, Islamul prezinta o provocare nu doar pentru occidentali, ci si pentru toti oamenii [&hellip;]<\/p>\n","protected":false},"featured_media":7396,"comment_status":"open","ping_status":"closed","template":"","meta":[],"product_brand":[],"product_cat":[71],"product_tag":[],"class_list":{"0":"post-1966","1":"product","2":"type-product","3":"status-publish","4":"has-post-thumbnail","6":"product_cat-misiologie","8":"first","9":"instock","10":"shipping-taxable","11":"purchasable","12":"product-type-simple"},"_links":{"self":[{"href":"https:\/\/dev.sbro.ro\/wp-json\/wp\/v2\/product\/1966","targetHints":{"allow":["GET"]}}],"collection":[{"href":"https:\/\/dev.sbro.ro\/wp-json\/wp\/v2\/product"}],"about":[{"href":"https:\/\/dev.sbro.ro\/wp-json\/wp\/v2\/types\/product"}],"replies":[{"embeddable":true,"href":"https:\/\/dev.sbro.ro\/wp-json\/wp\/v2\/comments?post=1966"}],"wp:featuredmedia":[{"embeddable":true,"href":"https:\/\/dev.sbro.ro\/wp-json\/wp\/v2\/media\/7396"}],"wp:attachment":[{"href":"https:\/\/dev.sbro.ro\/wp-json\/wp\/v2\/media?parent=1966"}],"wp:term":[{"taxonomy":"product_brand","embeddable":true,"href":"https:\/\/dev.sbro.ro\/wp-json\/wp\/v2\/product_brand?post=1966"},{"taxonomy":"product_cat","embeddable":true,"href":"https:\/\/dev.sbro.ro\/wp-json\/wp\/v2\/product_cat?post=1966"},{"taxonomy":"product_tag","embeddable":true,"href":"https:\/\/dev.sbro.ro\/wp-json\/wp\/v2\/product_tag?post=1966"}],"curies":[{"name":"wp","href":"https:\/\/api.w.org\/{rel}","templated":true}]}}