{"id":2021,"date":"2026-04-21T09:05:24","date_gmt":"2026-04-21T09:05:24","guid":{"rendered":"https:\/\/dev.sbro.ro\/?product=schite-de-predici-pentru-un-an"},"modified":"2026-04-21T09:05:24","modified_gmt":"2026-04-21T09:05:24","slug":"schite-de-predici-pentru-un-an","status":"publish","type":"product","link":"https:\/\/dev.sbro.ro\/product\/schite-de-predici-pentru-un-an\/","title":{"rendered":"Schite de predici pentru un an"},"content":{"rendered":"<p>\u00a0<\/p>\n<p><span style=\"font-size: large;\"><strong><span style=\"font-family: Verdana;\">104 schi\u0163e de predici pentru un an de predicare<\/span><\/strong><\/span><\/p>\n<p><span style=\"font-size: large;\"><strong><span style=\"font-family: Verdana;\"><br \/><\/span><\/strong><\/span><\/p>\n<p><span style=\"font-family: Verdana; font-size: large;\">Schi\u0163e de predici de zidire sufleteasc\u0103 \u015fi evanghelizare, Pa\u015fti \u015fi Cr\u0103ciun, Rusalii, \u00cen\u0103l\u0163are \u015fi An Nou.<\/span><\/p>\n<p><span style=\"font-family: Verdana; font-size: large;\">Predici pentru actele de cult: cina Domnului, botez, c\u0103s\u0103torie, \u00eenmorm\u00e2ntare \u015fi binecuv\u00e2ntare de copii.<\/span><\/p>\n<blockquote style=\"margin: 0 0 0 40px; border: none; padding: 0px;\"><\/blockquote>\n<p style=\"margin-bottom: 0in;\">\u00a0<\/p>\n<p style=\"margin-bottom: 0in;\"><span style=\"font-family: Verdana; font-size: large;\"><br \/> <\/span><\/p>\n","protected":false},"excerpt":{"rendered":"<p>\u00a0 104 schi\u0163e de predici pentru un an de predicare Schi\u0163e de predici de zidire sufleteasc\u0103 \u015fi evanghelizare, Pa\u015fti \u015fi Cr\u0103ciun, Rusalii, \u00cen\u0103l\u0163are \u015fi An Nou. Predici pentru actele de cult: cina Domnului, botez, c\u0103s\u0103torie, \u00eenmorm\u00e2ntare \u015fi binecuv\u00e2ntare de copii. \u00a0<\/p>\n","protected":false},"featured_media":7451,"comment_status":"open","ping_status":"closed","template":"","meta":[],"product_brand":[],"product_cat":[17],"product_tag":[],"class_list":{"0":"post-2021","1":"product","2":"type-product","3":"status-publish","4":"has-post-thumbnail","6":"product_cat-predici","8":"first","9":"outofstock","10":"shipping-taxable","11":"purchasable","12":"product-type-simple"},"_links":{"self":[{"href":"https:\/\/dev.sbro.ro\/wp-json\/wp\/v2\/product\/2021","targetHints":{"allow":["GET"]}}],"collection":[{"href":"https:\/\/dev.sbro.ro\/wp-json\/wp\/v2\/product"}],"about":[{"href":"https:\/\/dev.sbro.ro\/wp-json\/wp\/v2\/types\/product"}],"replies":[{"embeddable":true,"href":"https:\/\/dev.sbro.ro\/wp-json\/wp\/v2\/comments?post=2021"}],"wp:featuredmedia":[{"embeddable":true,"href":"https:\/\/dev.sbro.ro\/wp-json\/wp\/v2\/media\/7451"}],"wp:attachment":[{"href":"https:\/\/dev.sbro.ro\/wp-json\/wp\/v2\/media?parent=2021"}],"wp:term":[{"taxonomy":"product_brand","embeddable":true,"href":"https:\/\/dev.sbro.ro\/wp-json\/wp\/v2\/product_brand?post=2021"},{"taxonomy":"product_cat","embeddable":true,"href":"https:\/\/dev.sbro.ro\/wp-json\/wp\/v2\/product_cat?post=2021"},{"taxonomy":"product_tag","embeddable":true,"href":"https:\/\/dev.sbro.ro\/wp-json\/wp\/v2\/product_tag?post=2021"}],"curies":[{"name":"wp","href":"https:\/\/api.w.org\/{rel}","templated":true}]}}