{"id":2101,"date":"2026-04-21T09:05:32","date_gmt":"2026-04-21T09:05:32","guid":{"rendered":"https:\/\/dev.sbro.ro\/?product=lectii-pentru-viata-3"},"modified":"2026-04-21T09:05:32","modified_gmt":"2026-04-21T09:05:32","slug":"lectii-pentru-viata-3","status":"publish","type":"product","link":"https:\/\/dev.sbro.ro\/product\/lectii-pentru-viata-3\/","title":{"rendered":"Lectii pentru viata 3"},"content":{"rendered":"<p style=\"text-align: justify;\"><span style=\"font-size: medium;\">Din momentul \u00een care cartea Lec\u0163ii pentru via\u0163\u0103 a fost publicat\u0103 pentru prima dat\u0103 \u00een anul 1991, multe \u015fcoli duminicale, mici sau mari, precum \u015fi noi, au adoptat aceste serii de lec\u0163ii concepute dup\u0103 un plan ce se \u00eentinde pe patru ani, \u00eempreun\u0103 cu materialul didactic de care sunt \u00eenso\u0163ite \u015fi plan\u015fele &bdquo;de luat acas\u0103&rdquo;.<\/span><\/p>\n<p><span style=\"font-size: medium;\">Multe biserici sunt \u00eengrijorate de copiii \u015fi tinerii din comunit\u0103\u0163ile lor, care cresc f\u0103r\u0103 a fi familiariza\u0163i cu Biblia \u015fi f\u0103r\u0103 a avea cuno\u015ftin\u0163e cu privire la dragostea r\u0103scump\u0103r\u0103toare a lui Dumnezeu, adeseori fiind lipsi\u0163i chiar de o \u00eenv\u0103\u0163\u0103tur\u0103 etic\u0103 elementar\u0103. Cartea Lec\u0163ii pentru via\u0163\u0103 vine \u00een \u00eent&acirc;mpinarea acestei nevoi stringente, pun&acirc;nd la dispozi\u0163ia \u00eenv\u0103\u0163\u0103torilor de \u015fcoal\u0103 duminical\u0103 lec\u0163ii care con\u0163in \u00eenainte de toate mesaj evanghelistic \u015fi, totodat\u0103, trateaz\u0103 doctrinele \u015fi evenimentele majore ale Bibliei \u00eentr-o manier\u0103 memorabil\u0103.<\/span><\/p>\n<p><span style=\"font-size: medium;\">Fiecare volum acoper\u0103 aproximativ o p\u0103trime din Biblie \u015fi ofer\u0103 lec\u0163ii care con\u0163in material suficient de bogat pentru a putea fi adaptat la toate grupele de v&acirc;rst\u0103, \u00eenv\u0103\u0163\u0103torii av&acirc;nd posibilitatea de a selecta volumul nara\u0163iunilor \u015fi al aplica\u0163iilor relevante pentru grupa la care predau.<\/span><\/p>\n<p><span style=\"font-size: medium;\">Jill Masters &ndash; care a c\u0103p\u0103tat mai \u00eent&acirc;i experien\u0163\u0103 ca profesor specializat de adolescen\u0163i &ndash; \u015fi-a dedicat mare parte din via\u0163\u0103 lucr\u0103rii \u015fi promov\u0103rii \u015fcolilor duminicale. Este coordonator al celei mai mari \u015fcoli duminicale din Metropolitan Tabernacle, Londra, una dintre cele mai mari din Marea Britanie, \u015fi a \u0163inut prelegeri \u00eenaintea \u00eenv\u0103\u0163\u0103torilor de \u015fcoal\u0103 duminical\u0103 din \u00eentreaga lume.<\/span><\/p>\n<p><span style=\"font-size: medium;\">Cuprins<\/span><br \/><span style=\"font-size: medium;\">Volumul 3<\/span><\/p>\n<p><span style=\"font-size: medium;\">Cum s\u0103 folosi\u0163i aceast\u0103 carte<\/span><\/p>\n<p><span style=\"font-size: medium;\">Seria 12 &#8211; Evanghelia dup\u0103 Marcu (Partea III)<\/span><br \/><span style=\"font-size: medium;\">C&acirc;\u015ftiguri \u015fi pierderi c&acirc;nd \u00eel urm\u0103m pe Isus <\/span><br \/><span style=\"font-size: medium;\">Preg\u0103tirea pentru M&acirc;ntuitorul (93) <\/span><br \/><span style=\"font-size: medium;\">L\u0103s&acirc;nd totul pentru a-L urma pe Isus (94) <\/span><br \/><span style=\"font-size: medium;\">Importan\u0163a sufletului (95) <\/span><br \/><span style=\"font-size: medium;\">Moneda cerului (96) <\/span><br \/><span style=\"font-size: medium;\">Pre\u0163ul m&acirc;ntuirii noastre (97) <\/span><br \/><span style=\"font-size: medium;\">C&acirc;\u015ftig din pierdere (98) <\/span><br \/><span style=\"font-size: medium;\">Profit sau pierdere? (99) <\/span><\/p>\n<p><span style=\"font-size: medium;\">Seria 13 &#8211; 1 Samuel &#8211; 2 Cronici<\/span><br \/><span style=\"font-size: medium;\">Mari schimb\u0103ri \u015fi diferen\u0163e<\/span><br \/><span style=\"font-size: medium;\">Lec\u0163ii din via\u0163a lui David \u015fi a lui Solomon (100) <\/span><br \/><span style=\"font-size: medium;\">Cum se produce schimbarea (101) <\/span><br \/><span style=\"font-size: medium;\">Diferen\u0163a pe care o observ\u0103 Dumnezeu (102) <\/span><br \/><span style=\"font-size: medium;\">Perspective diferite asupra luptei (103) <\/span><br \/><span style=\"font-size: medium;\">Diferen\u0163a \u00een prietenie (104) <\/span><br \/><span style=\"font-size: medium;\">Cre\u015ftinii sunt diferi\u0163i (105) <\/span><br \/><span style=\"font-size: medium;\">Schimbarea pe care o aduce timpul (106) <\/span><br \/><span style=\"font-size: medium;\">Atitudini diferite fa\u0163\u0103 de p\u0103cat (107) <\/span><br \/><span style=\"font-size: medium;\">Schimbarea pe care o aduce poc\u0103in\u0163a (108) <\/span><br \/><span style=\"font-size: medium;\">Diferen\u0163a de la final (109) <\/span><br \/><span style=\"font-size: medium;\">M\u0103re\u0163ul Fiu al marelui David (110) <\/span><br \/><span style=\"font-size: medium;\">Solomon &ndash; \u00een toat\u0103 slava lui (111) <\/span><br \/><span style=\"font-size: medium;\">Dec\u0103derea lui Solomon \u015fi salvarea sa (112) <\/span><\/p>\n<p><span style=\"font-size: medium;\">Seria 14 &#8211; Faptele Apostolilor (Partea II)<\/span><br \/><span style=\"font-size: medium;\">Primele reac\u0163ii la mesajul apostolilor <\/span><br \/><span style=\"font-size: medium;\">Mul\u0163imile schimb\u0103toare (113) <\/span><br \/><span style=\"font-size: medium;\">Ucenicii lui Isus (114) <\/span><br \/><span style=\"font-size: medium;\">Liderii religio\u015fi (115) <\/span><br \/><span style=\"font-size: medium;\">Un c\u0103ut\u0103tor din Etiopia (116) <\/span><br \/><span style=\"font-size: medium;\">Un alt c\u0103ut\u0103tor dintre Neamuri (117) <\/span><br \/><span style=\"font-size: medium;\">Recapitulare (118) <\/span><\/p>\n<p><span style=\"font-size: medium;\">Seria 15 &#8211; 1 \u015fi 2 &Icirc;mp\u0103ra\u0163i &#8211; Ilie \u015fi Elisei<\/span><br \/><span style=\"font-size: medium;\">P\u0103catul \u015fi remediul pentru p\u0103cat 184<\/span><br \/><span style=\"font-size: medium;\">P\u0103catul &ndash; A-L respinge pe Dumnezeu (119) <\/span><br \/><span style=\"font-size: medium;\">P\u0103catul &ndash; A te juca cu al\u0163i &bdquo;dumnezei&rdquo; (120) <\/span><br \/><span style=\"font-size: medium;\">P\u0103catul &ndash; A-\u0163i \u00een\u0103bu\u015fi glasul con\u015ftiin\u0163ei (121)<\/span><br \/><span style=\"font-size: medium;\">P\u0103catul &ndash; A suferi de o boal\u0103 mortal\u0103 (122)<\/span><br \/><span style=\"font-size: medium;\">P\u0103catul &ndash; A te confrunta cu moartea (123)<\/span><br \/><span style=\"font-size: medium;\">P\u0103catul &ndash; A te r\u0103zboi cu Dumnezeu (124) <\/span><br \/><span style=\"font-size: medium;\">P\u0103catul &ndash; A refuza s\u0103 crezi (125)<\/span><\/p>\n<p><span style=\"font-size: medium;\">Seria 16 &#8211; Evanghelia dup\u0103 Matei (Partea I)<\/span><br \/><span style=\"font-size: medium;\">M&acirc;ntuitorul vine \u015fi \u00ee\u015fi \u00eencepe lucrarea<\/span><br \/><span style=\"font-size: medium;\">Dumnezeu este cu noi (127)<\/span><br \/><span style=\"font-size: medium;\">Magii \u015fi \u00eemp\u0103ratul Irod (128) <\/span><br \/><span style=\"font-size: medium;\">Domnul Isus este ispitit (129) <\/span><br \/><span style=\"font-size: medium;\">&Icirc;nv\u0103\u0163\u0103tura Domnului Isus &ndash; Cele dou\u0103 c\u0103i (130) <\/span><br \/><span style=\"font-size: medium;\">Cele dou\u0103 case (131) <\/span><br \/><span style=\"font-size: medium;\">Cei doi pomi (132)<\/span><br \/><span style=\"font-size: medium;\">Rug\u0103ciunea &bdquo;Tat\u0103l Nostru&rdquo; (133) <\/span><br \/><span style=\"font-size: medium;\">Isus vindec\u0103 un lepros (134)<\/span><br \/><span style=\"font-size: medium;\">Gr&acirc;ul \u015fi neghina (135) <\/span><br \/><span style=\"font-size: medium;\">M\u0103rg\u0103ritarul de mare pre\u0163 (136) <\/span><br \/><span style=\"font-size: medium;\">Isus umbl\u0103 pe mare (137) <\/span><br \/><span style=\"font-size: medium;\">Recapitulare (138) <\/span><\/p>\n","protected":false},"excerpt":{"rendered":"<p>Din momentul \u00een care cartea Lec\u0163ii pentru via\u0163\u0103 a fost publicat\u0103 pentru prima dat\u0103 \u00een anul 1991, multe \u015fcoli duminicale, mici sau mari, precum \u015fi noi, au adoptat aceste serii de lec\u0163ii concepute dup\u0103 un plan ce se \u00eentinde pe patru ani, \u00eempreun\u0103 cu materialul didactic de care sunt \u00eenso\u0163ite \u015fi plan\u015fele &bdquo;de luat acas\u0103&rdquo;. [&hellip;]<\/p>\n","protected":false},"featured_media":7531,"comment_status":"open","ping_status":"closed","template":"","meta":[],"product_brand":[],"product_cat":[18],"product_tag":[],"class_list":{"0":"post-2101","1":"product","2":"type-product","3":"status-publish","4":"has-post-thumbnail","6":"product_cat-viata-crestina","8":"first","9":"instock","10":"shipping-taxable","11":"purchasable","12":"product-type-simple"},"_links":{"self":[{"href":"https:\/\/dev.sbro.ro\/wp-json\/wp\/v2\/product\/2101","targetHints":{"allow":["GET"]}}],"collection":[{"href":"https:\/\/dev.sbro.ro\/wp-json\/wp\/v2\/product"}],"about":[{"href":"https:\/\/dev.sbro.ro\/wp-json\/wp\/v2\/types\/product"}],"replies":[{"embeddable":true,"href":"https:\/\/dev.sbro.ro\/wp-json\/wp\/v2\/comments?post=2101"}],"wp:featuredmedia":[{"embeddable":true,"href":"https:\/\/dev.sbro.ro\/wp-json\/wp\/v2\/media\/7531"}],"wp:attachment":[{"href":"https:\/\/dev.sbro.ro\/wp-json\/wp\/v2\/media?parent=2101"}],"wp:term":[{"taxonomy":"product_brand","embeddable":true,"href":"https:\/\/dev.sbro.ro\/wp-json\/wp\/v2\/product_brand?post=2101"},{"taxonomy":"product_cat","embeddable":true,"href":"https:\/\/dev.sbro.ro\/wp-json\/wp\/v2\/product_cat?post=2101"},{"taxonomy":"product_tag","embeddable":true,"href":"https:\/\/dev.sbro.ro\/wp-json\/wp\/v2\/product_tag?post=2101"}],"curies":[{"name":"wp","href":"https:\/\/api.w.org\/{rel}","templated":true}]}}