{"id":2117,"date":"2026-04-21T09:05:34","date_gmt":"2026-04-21T09:05:34","guid":{"rendered":"https:\/\/dev.sbro.ro\/?product=biblia-si-rugaciuni"},"modified":"2026-04-21T09:05:34","modified_gmt":"2026-04-21T09:05:34","slug":"biblia-si-rugaciuni","status":"publish","type":"product","link":"https:\/\/dev.sbro.ro\/?product=biblia-si-rugaciuni","title":{"rendered":"Biblia si Rugaciuni"},"content":{"rendered":"<p style=\"text-align: justify;\"><span style=\"font-size: medium;\">Biblia \u015fi rug\u0103ciuni pentru cei micu\u0163i este un set de 2 c\u0103r\u0163i-cadou. Destinate mai ales copiilor \u00eentre 1 \u015fi 3 ani, cele dou\u0103 c\u0103rticele le ofer\u0103 micu\u0163ilor posibilitatea s\u0103 p\u0103\u015feasc\u0103 \u00een lumea biblic\u0103 a Vechiului \u015fi a Noului Testament \u015fi, de asemenea, s\u0103 \u00eenve\u0163e s\u0103 se roage.<\/span><\/p>\n<p><span style=\"font-size: medium;\">Biblia pentru cei micu\u0163i cuprinde 20 de istorioare biblice repovestite \u00een cuvinte simple, accesibile copiilor \u015fi ilustrate cu imagini color, atractive.<\/span><\/p>\n<p><span style=\"font-size: medium;\">Rug\u0103ciuni pentru cei micu\u0163i con\u0163ine scurte rug\u0103ciuni de mul\u0163umire c\u0103tre Dumnezeu \u2013 rostite fie din perspectiva m\u0103micilor, fie din cea a copiilor \u2013, desprinse din experien\u0163ele zilnice, mereu \u00eembog\u0103\u0163ite, ale copila\u015filor.<\/span><\/p>\n<p><span style=\"font-size: medium;\">\u00ce\u0163i mul\u0163umim, Doamne, pentru to\u0163i scumpii copila\u015fi.<\/span><br \/><span style=\"font-size: medium;\">\u00ce\u0163i mul\u0163umim pentru ochii lor mari, pentru z\u00e2mbetele entuziaste \u015fi pentru chipurile lor \u00eencrez\u0103toare.<\/span><br \/><span style=\"font-size: medium;\">\u00ce\u0163i mul\u0163umim pentru darul minunat care sunt ei pentru noi.<\/span><br \/><span style=\"font-size: medium;\">Ajut\u0103-ne s\u0103 \u00eei \u00eenv\u0103\u0163\u0103m mai mult despre Tine \u015fi despre dragostea ce o ai pentru ei. Amin.<\/span><\/p>\n","protected":false},"excerpt":{"rendered":"<p>Biblia \u015fi rug\u0103ciuni pentru cei micu\u0163i este un set de 2 c\u0103r\u0163i-cadou. Destinate mai ales copiilor \u00eentre 1 \u015fi 3 ani, cele dou\u0103 c\u0103rticele le ofer\u0103 micu\u0163ilor posibilitatea s\u0103 p\u0103\u015feasc\u0103 \u00een lumea biblic\u0103 a Vechiului \u015fi a Noului Testament \u015fi, de asemenea, s\u0103 \u00eenve\u0163e s\u0103 se roage. Biblia pentru cei micu\u0163i cuprinde 20 de istorioare [&hellip;]<\/p>\n","protected":false},"featured_media":7547,"comment_status":"open","ping_status":"closed","template":"","meta":[],"product_brand":[],"product_cat":[74],"product_tag":[],"class_list":{"0":"post-2117","1":"product","2":"type-product","3":"status-publish","4":"has-post-thumbnail","6":"product_cat-biblii-pentru-copii","8":"first","9":"outofstock","10":"shipping-taxable","11":"purchasable","12":"product-type-simple"},"_links":{"self":[{"href":"https:\/\/dev.sbro.ro\/index.php?rest_route=\/wp\/v2\/product\/2117","targetHints":{"allow":["GET"]}}],"collection":[{"href":"https:\/\/dev.sbro.ro\/index.php?rest_route=\/wp\/v2\/product"}],"about":[{"href":"https:\/\/dev.sbro.ro\/index.php?rest_route=\/wp\/v2\/types\/product"}],"replies":[{"embeddable":true,"href":"https:\/\/dev.sbro.ro\/index.php?rest_route=%2Fwp%2Fv2%2Fcomments&post=2117"}],"wp:featuredmedia":[{"embeddable":true,"href":"https:\/\/dev.sbro.ro\/index.php?rest_route=\/wp\/v2\/media\/7547"}],"wp:attachment":[{"href":"https:\/\/dev.sbro.ro\/index.php?rest_route=%2Fwp%2Fv2%2Fmedia&parent=2117"}],"wp:term":[{"taxonomy":"product_brand","embeddable":true,"href":"https:\/\/dev.sbro.ro\/index.php?rest_route=%2Fwp%2Fv2%2Fproduct_brand&post=2117"},{"taxonomy":"product_cat","embeddable":true,"href":"https:\/\/dev.sbro.ro\/index.php?rest_route=%2Fwp%2Fv2%2Fproduct_cat&post=2117"},{"taxonomy":"product_tag","embeddable":true,"href":"https:\/\/dev.sbro.ro\/index.php?rest_route=%2Fwp%2Fv2%2Fproduct_tag&post=2117"}],"curies":[{"name":"wp","href":"https:\/\/api.w.org\/{rel}","templated":true}]}}