{"id":2181,"date":"2026-04-21T09:05:41","date_gmt":"2026-04-21T09:05:41","guid":{"rendered":"https:\/\/dev.sbro.ro\/?product=ce-minunata-e-dragostea-2"},"modified":"2026-04-21T09:05:41","modified_gmt":"2026-04-21T09:05:41","slug":"ce-minunata-e-dragostea-2","status":"publish","type":"product","link":"https:\/\/dev.sbro.ro\/product\/ce-minunata-e-dragostea-2\/","title":{"rendered":"Ce minunata e dragostea 2"},"content":{"rendered":"<p>C\u00e2ntarea c\u00e2ntarilor este cel mai frumos c\u00e2ntec de dragoste scris vreodata, de aceea maiestria si bogatia imaginilor evocate nu \u00eenceteaza sa ne \u00eenc\u00e2nte inima. \u00cen acest c\u00e2ntec sunt descrise sentimente profunde, dorintele inimii si taria legam\u00e2ntului dintre doi iubiti. \u00cen intimitatea acestui dialog explicit si plin de pasiune dintre doi parteneri, deslusim perspectiva divina cu privire la puritatea si frumusetea unei iubiri sacre, \u00een cadrul casatoriei. \u00cen dragostea si pasiunea care fac tema centrala a acestui poem impresionant \u00eentrezarim minunata dragoste a lui Dumnezeu pentru noi, pe care o experimentam, dar o si \u00eempartasim cu cei dragi noua.<\/p>\n<p>Cartea Ce minunata e dragostea! e un mod \u00eenc\u00e2ntator de exprimare a iubirii!  design si imagini frumoase, originale  un cadou deosebit pentru prietenie, logodna, nunta sau aniversare  constituie un cadou potrivit \u00een oricare perioada a anului<\/p>\n<p>Textul folosit reprezinta o compilatie si adaptare a cartii C\u00e2ntarea c\u00e2ntarilor.<\/p>\n","protected":false},"excerpt":{"rendered":"<p>C\u00e2ntarea c\u00e2ntarilor este cel mai frumos c\u00e2ntec de dragoste scris vreodata, de aceea maiestria si bogatia imaginilor evocate nu \u00eenceteaza sa ne \u00eenc\u00e2nte inima. \u00cen acest c\u00e2ntec sunt descrise sentimente profunde, dorintele inimii si taria legam\u00e2ntului dintre doi iubiti. \u00cen intimitatea acestui dialog explicit si plin de pasiune dintre doi parteneri, deslusim perspectiva divina cu [&hellip;]<\/p>\n","protected":false},"featured_media":7611,"comment_status":"open","ping_status":"closed","template":"","meta":[],"product_brand":[],"product_cat":[44],"product_tag":[],"class_list":{"0":"post-2181","1":"product","2":"type-product","3":"status-publish","4":"has-post-thumbnail","6":"product_cat-tineri","8":"first","9":"instock","10":"shipping-taxable","11":"purchasable","12":"product-type-simple"},"_links":{"self":[{"href":"https:\/\/dev.sbro.ro\/wp-json\/wp\/v2\/product\/2181","targetHints":{"allow":["GET"]}}],"collection":[{"href":"https:\/\/dev.sbro.ro\/wp-json\/wp\/v2\/product"}],"about":[{"href":"https:\/\/dev.sbro.ro\/wp-json\/wp\/v2\/types\/product"}],"replies":[{"embeddable":true,"href":"https:\/\/dev.sbro.ro\/wp-json\/wp\/v2\/comments?post=2181"}],"wp:featuredmedia":[{"embeddable":true,"href":"https:\/\/dev.sbro.ro\/wp-json\/wp\/v2\/media\/7611"}],"wp:attachment":[{"href":"https:\/\/dev.sbro.ro\/wp-json\/wp\/v2\/media?parent=2181"}],"wp:term":[{"taxonomy":"product_brand","embeddable":true,"href":"https:\/\/dev.sbro.ro\/wp-json\/wp\/v2\/product_brand?post=2181"},{"taxonomy":"product_cat","embeddable":true,"href":"https:\/\/dev.sbro.ro\/wp-json\/wp\/v2\/product_cat?post=2181"},{"taxonomy":"product_tag","embeddable":true,"href":"https:\/\/dev.sbro.ro\/wp-json\/wp\/v2\/product_tag?post=2181"}],"curies":[{"name":"wp","href":"https:\/\/api.w.org\/{rel}","templated":true}]}}