{"id":2187,"date":"2026-04-21T09:05:41","date_gmt":"2026-04-21T09:05:41","guid":{"rendered":"https:\/\/dev.sbro.ro\/?product=tezaurul-promisiunilor-lui-dumnezeu"},"modified":"2026-04-21T09:05:41","modified_gmt":"2026-04-21T09:05:41","slug":"tezaurul-promisiunilor-lui-dumnezeu","status":"publish","type":"product","link":"https:\/\/dev.sbro.ro\/product\/tezaurul-promisiunilor-lui-dumnezeu\/","title":{"rendered":"Tezaurul promisiunilor lui Dumnezeu"},"content":{"rendered":"<blockquote>\n<p>\u00a0<\/p>\n<p><span style=\"font-size: large;\"><strong>\u201cC\u00e2nd vei auzi un vuiet de pa\u015fi \u00een v\u00e2rful duzilor,  atunci s\u0103 te gr\u0103be\u015fti, c\u0103ci Domnul merge \u00eenaintea ta, ca s\u0103-i bat\u0103 pe  Filisteni.\u201d<\/strong> (2 Samuel 5.24)<\/span><\/p>\n<\/blockquote>\n<p><span style=\"font-size: large;\">Pe calea noastr\u0103 se g\u0103sesc semne ale lucr\u0103rii lui Dumnezeu, care ar  trebui sa ne mi\u015fte. Duhul lui Dumnezeu sufl\u0103 \u00eencotro vrea \u015fi tu \u00eei auzi  sunetul. Atunci trebuie s\u0103 fim cu at\u00e2t mai aten\u0163i. S\u0103 profit\u0103m de aceste  \u00eemprejur\u0103ri pre\u0163ioase, folosindu-le. Noi avem de luptat contra  Filistenilor \u00een orice timp; dar c\u00e2nd \u00eensu\u015fi Domnul merge \u00eenaintea  noastr\u0103, s\u0103 fim cu at\u00e2t mai trezi.<\/span><\/p>\n<p><span style=\"font-size: large;\">V\u00e2ntul mi\u015fc\u0103 v\u00e2rful duzilor, \u015fi David cu oamenii s\u0103i au recunoscut  acest sunet ca fiind semnalul de atac \u015fi, \u00een timp ce ei \u00eenaintau, Domnul  \u00eensu\u015fi \u00eei lovea pe filisteni. Oh, Domnul s\u0103 ne dea azi prilejul de a  vorbi acelora care ne \u00eenconjoar\u0103. Cine \u015ftie dac\u0103 azi nu este o zi de  ve\u015fti bune, pentru m\u00e2ntuirea vreunui suflet? S\u0103 \u0163inem deschis\u0103 urechea  pentru a asculta vuietul v\u00e2ntului, \u015fi mintea noastr\u0103 gata s\u0103 se supun\u0103  semnalului. F\u0103g\u0103duin\u0163a Sa este c\u0103: \u201catunci Domnul va ie\u015fi \u00eenaintea  noastr\u0103\u201d. \u2013 Nu g\u0103sim aici o \u00eencurajare de a \u00eencepe lupta? \u00c5\u017ei dac\u0103 Domnul  merge \u00eenaintea noastr\u0103, nu vom r\u0103m\u00e2ne pe loc.<\/span><\/p>\n","protected":false},"excerpt":{"rendered":"<p>\u00a0 \u201cC\u00e2nd vei auzi un vuiet de pa\u015fi \u00een v\u00e2rful duzilor, atunci s\u0103 te gr\u0103be\u015fti, c\u0103ci Domnul merge \u00eenaintea ta, ca s\u0103-i bat\u0103 pe Filisteni.\u201d (2 Samuel 5.24) Pe calea noastr\u0103 se g\u0103sesc semne ale lucr\u0103rii lui Dumnezeu, care ar trebui sa ne mi\u015fte. Duhul lui Dumnezeu sufl\u0103 \u00eencotro vrea \u015fi tu \u00eei auzi sunetul. [&hellip;]<\/p>\n","protected":false},"featured_media":7617,"comment_status":"open","ping_status":"closed","template":"","meta":[],"product_brand":[],"product_cat":[8],"product_tag":[],"class_list":{"0":"post-2187","1":"product","2":"type-product","3":"status-publish","4":"has-post-thumbnail","6":"product_cat-carti","8":"first","9":"outofstock","10":"shipping-taxable","11":"purchasable","12":"product-type-simple"},"_links":{"self":[{"href":"https:\/\/dev.sbro.ro\/wp-json\/wp\/v2\/product\/2187","targetHints":{"allow":["GET"]}}],"collection":[{"href":"https:\/\/dev.sbro.ro\/wp-json\/wp\/v2\/product"}],"about":[{"href":"https:\/\/dev.sbro.ro\/wp-json\/wp\/v2\/types\/product"}],"replies":[{"embeddable":true,"href":"https:\/\/dev.sbro.ro\/wp-json\/wp\/v2\/comments?post=2187"}],"wp:featuredmedia":[{"embeddable":true,"href":"https:\/\/dev.sbro.ro\/wp-json\/wp\/v2\/media\/7617"}],"wp:attachment":[{"href":"https:\/\/dev.sbro.ro\/wp-json\/wp\/v2\/media?parent=2187"}],"wp:term":[{"taxonomy":"product_brand","embeddable":true,"href":"https:\/\/dev.sbro.ro\/wp-json\/wp\/v2\/product_brand?post=2187"},{"taxonomy":"product_cat","embeddable":true,"href":"https:\/\/dev.sbro.ro\/wp-json\/wp\/v2\/product_cat?post=2187"},{"taxonomy":"product_tag","embeddable":true,"href":"https:\/\/dev.sbro.ro\/wp-json\/wp\/v2\/product_tag?post=2187"}],"curies":[{"name":"wp","href":"https:\/\/api.w.org\/{rel}","templated":true}]}}