{"id":2202,"date":"2026-04-21T09:05:44","date_gmt":"2026-04-21T09:05:44","guid":{"rendered":"https:\/\/dev.sbro.ro\/?product=asuma-ti-riscul"},"modified":"2026-04-21T09:05:44","modified_gmt":"2026-04-21T09:05:44","slug":"asuma-ti-riscul","status":"publish","type":"product","link":"https:\/\/dev.sbro.ro\/?product=asuma-ti-riscul","title":{"rendered":"Asuma-ti riscul"},"content":{"rendered":"<p>\u00cen cultura noastr\u0103 bazat\u0103 pe evitarea riscului, punem mare pre\u021b pe siguran\u021b\u0103. Ne asigur\u0103m chiar \u0219i concediile. Ne extindem garan\u021bia la aparatele casnice. \u00cens\u0103 izol\u00e2ndu-ne de necunoscut &#8211; de riscurile vie\u021bii &#8211; pierdem marea aventur\u0103 a vie\u021bii tr\u0103ite la poten\u021bial maxim.<\/p>\n<p>Ben Carson \u0219i-a petrecut copil\u0103ria fiind supus permanent riscului pe str\u0103zile ora\u0219ului Detroit, iar azi \u00ee\u0219i asum\u0103 zilnic riscuri, f\u0103c\u00e2nd opera\u021bii complexe pe creier \u0219i pe coloana vertebral\u0103. \u00cen aceast\u0103 carte plin\u0103 de exemple personale inspiratoare, Dr. Carson  ne invit\u0103 s\u0103 accept\u0103m riscul \u00een via\u021ba noastr\u0103. Din partea unui om a c\u0103rui via\u021b\u0103 portretizeaz\u0103 \u00een mod dramatic leg\u0103tura dintre riscuri mari \u0219i succese \u0219i mai mari, vei g\u0103si aici sfaturi care te vor ajuta s\u0103 scapi de frica riscului, astfel \u00eenc\u00e2t s\u0103 po\u021bi visa la lucruri m\u0103re\u021be, s\u0103 \u021binte\u0219ti sus, s\u0103 mergi \u00eencrez\u0103tor \u0219i s\u0103 culegi recompense pe care nici nu \u021bi le-ai imaginat vreodat\u0103.<\/p>\n<p>Dr. Benjamin Carson este profesor de neurochirurgie, chirurgie plastic\u0103, oncologie \u0219i pediatrie \u0219i directorul Sec\u021biei de neurochirurgie pediatric\u0103 de la Johns Hopkins. Este de asemenea \u0219i autorul a trei alte bestselleuri &#8211; M\u00e2ini \u00eenzestrate, G\u00e2nde\u0219te cutez\u0103tor \u0219i Imaginea de ansamblu. Face parte din consiliile de administra\u021bie ale mai multor companii, printre care Kellogg Company, Costco Wholesale Corp. \u0219i American&#8217;s Promise. Este membru emerit al Yale Corporation. El \u0219i so\u021bia sa Candy sunt p\u0103rin\u021bii a trei fii adul\u021bi \u0219i locuiesc \u00een Baltimore, Maryland.<\/p>\n<p>Gregg Lewis este un autor premiat \u0219i coautor a mai bine de cincizeci de titluri, printre care Imaginea de ansamblu, cu Dr. Ben Carson. Locuie\u0219te \u00een Roma, Georgia, cu so\u021bia \u0219i colega sa Deborah Shaw Lewis. \u00cempreun\u0103 au cinci copii adul\u021bi.<\/p>\n","protected":false},"excerpt":{"rendered":"<p>\u00cen cultura noastr\u0103 bazat\u0103 pe evitarea riscului, punem mare pre\u021b pe siguran\u021b\u0103. Ne asigur\u0103m chiar \u0219i concediile. Ne extindem garan\u021bia la aparatele casnice. \u00cens\u0103 izol\u00e2ndu-ne de necunoscut &#8211; de riscurile vie\u021bii &#8211; pierdem marea aventur\u0103 a vie\u021bii tr\u0103ite la poten\u021bial maxim. Ben Carson \u0219i-a petrecut copil\u0103ria fiind supus permanent riscului pe str\u0103zile ora\u0219ului Detroit, iar [&hellip;]<\/p>\n","protected":false},"featured_media":7632,"comment_status":"open","ping_status":"closed","template":"","meta":[],"product_brand":[],"product_cat":[18],"product_tag":[],"class_list":{"0":"post-2202","1":"product","2":"type-product","3":"status-publish","4":"has-post-thumbnail","6":"product_cat-viata-crestina","8":"first","9":"instock","10":"shipping-taxable","11":"purchasable","12":"product-type-simple"},"_links":{"self":[{"href":"https:\/\/dev.sbro.ro\/index.php?rest_route=\/wp\/v2\/product\/2202","targetHints":{"allow":["GET"]}}],"collection":[{"href":"https:\/\/dev.sbro.ro\/index.php?rest_route=\/wp\/v2\/product"}],"about":[{"href":"https:\/\/dev.sbro.ro\/index.php?rest_route=\/wp\/v2\/types\/product"}],"replies":[{"embeddable":true,"href":"https:\/\/dev.sbro.ro\/index.php?rest_route=%2Fwp%2Fv2%2Fcomments&post=2202"}],"wp:featuredmedia":[{"embeddable":true,"href":"https:\/\/dev.sbro.ro\/index.php?rest_route=\/wp\/v2\/media\/7632"}],"wp:attachment":[{"href":"https:\/\/dev.sbro.ro\/index.php?rest_route=%2Fwp%2Fv2%2Fmedia&parent=2202"}],"wp:term":[{"taxonomy":"product_brand","embeddable":true,"href":"https:\/\/dev.sbro.ro\/index.php?rest_route=%2Fwp%2Fv2%2Fproduct_brand&post=2202"},{"taxonomy":"product_cat","embeddable":true,"href":"https:\/\/dev.sbro.ro\/index.php?rest_route=%2Fwp%2Fv2%2Fproduct_cat&post=2202"},{"taxonomy":"product_tag","embeddable":true,"href":"https:\/\/dev.sbro.ro\/index.php?rest_route=%2Fwp%2Fv2%2Fproduct_tag&post=2202"}],"curies":[{"name":"wp","href":"https:\/\/api.w.org\/{rel}","templated":true}]}}