{"id":2221,"date":"2026-04-21T09:05:46","date_gmt":"2026-04-21T09:05:46","guid":{"rendered":"https:\/\/dev.sbro.ro\/?product=biblia-pe-care-a-citit-o-isus"},"modified":"2026-04-21T09:05:46","modified_gmt":"2026-04-21T09:05:46","slug":"biblia-pe-care-a-citit-o-isus","status":"publish","type":"product","link":"https:\/\/dev.sbro.ro\/product\/biblia-pe-care-a-citit-o-isus\/","title":{"rendered":"Biblia pe care a citit-o Isus"},"content":{"rendered":"<\/p>\n<p style=\"text-align: left;\"><span class=\"n_t\" style=\"font-size: large;\">Dac\u0103 crezi c\u0103 Vechiul Testament este doar o carte misterioas\u0103 \u015fi dep\u0103\u015fit\u0103, MAI G\u00c2NDE\u00c5\u017eTE-TE&#8230; Este Biblia pe care a citit-o, a folosit-o \u015fi a iubit-o Isus. Vei descoperi c\u0103 este remarcabil de relevant\u0103 pentru zilele noastre! <\/span><\/p>\n","protected":false},"excerpt":{"rendered":"<p>Dac\u0103 crezi c\u0103 Vechiul Testament este doar o carte misterioas\u0103 \u015fi dep\u0103\u015fit\u0103, MAI G\u00c2NDE\u00c5\u017eTE-TE&#8230; Este Biblia pe care a citit-o, a folosit-o \u015fi a iubit-o Isus. Vei descoperi c\u0103 este remarcabil de relevant\u0103 pentru zilele noastre!<\/p>\n","protected":false},"featured_media":7651,"comment_status":"open","ping_status":"closed","template":"","meta":[],"product_brand":[],"product_cat":[54],"product_tag":[],"class_list":{"0":"post-2221","1":"product","2":"type-product","3":"status-publish","4":"has-post-thumbnail","6":"product_cat-pastorale","8":"first","9":"outofstock","10":"shipping-taxable","11":"purchasable","12":"product-type-simple"},"_links":{"self":[{"href":"https:\/\/dev.sbro.ro\/wp-json\/wp\/v2\/product\/2221","targetHints":{"allow":["GET"]}}],"collection":[{"href":"https:\/\/dev.sbro.ro\/wp-json\/wp\/v2\/product"}],"about":[{"href":"https:\/\/dev.sbro.ro\/wp-json\/wp\/v2\/types\/product"}],"replies":[{"embeddable":true,"href":"https:\/\/dev.sbro.ro\/wp-json\/wp\/v2\/comments?post=2221"}],"wp:featuredmedia":[{"embeddable":true,"href":"https:\/\/dev.sbro.ro\/wp-json\/wp\/v2\/media\/7651"}],"wp:attachment":[{"href":"https:\/\/dev.sbro.ro\/wp-json\/wp\/v2\/media?parent=2221"}],"wp:term":[{"taxonomy":"product_brand","embeddable":true,"href":"https:\/\/dev.sbro.ro\/wp-json\/wp\/v2\/product_brand?post=2221"},{"taxonomy":"product_cat","embeddable":true,"href":"https:\/\/dev.sbro.ro\/wp-json\/wp\/v2\/product_cat?post=2221"},{"taxonomy":"product_tag","embeddable":true,"href":"https:\/\/dev.sbro.ro\/wp-json\/wp\/v2\/product_tag?post=2221"}],"curies":[{"name":"wp","href":"https:\/\/api.w.org\/{rel}","templated":true}]}}