{"id":2224,"date":"2026-04-21T09:05:46","date_gmt":"2026-04-21T09:05:46","guid":{"rendered":"https:\/\/dev.sbro.ro\/?product=casatoria-implinire-sau-frustrare"},"modified":"2026-04-21T09:05:46","modified_gmt":"2026-04-21T09:05:46","slug":"casatoria-implinire-sau-frustrare","status":"publish","type":"product","link":"https:\/\/dev.sbro.ro\/?product=casatoria-implinire-sau-frustrare","title":{"rendered":"Casatoria implinire sau frustrare"},"content":{"rendered":"<p style=\"text-align: justify;\"><span style=\"font-size: small;\"><strong>O carte despre romantism, dragoste, conflicte \u00een c\u0103snicie, femeia casnic\u0103, rezolvarea problemelor legate de menopauz\u0103 \u015fi despre crizele v\u00e2rstei de mijloc \u00een c\u0103s\u0103torie.<\/strong><\/span><\/p>\n<p style=\"text-align: justify;\"><span style=\"font-size: small;\"><strong><br \/><\/strong><\/span><\/p>\n<p style=\"text-align: justify;\"><span style=\"font-size: small;\">Ve\u0163i g\u0103si \u00een aceast\u0103 carte subiecte <em>fierbin\u0163i<\/em> pentru majoritatea dintre noi. Autorul r\u0103spunde la multe \u00eentreb\u0103ri puse de cititori referitoare la identitatea b\u0103rbatului \u015fi a femeii, la rolul tradi\u0163ional al celor doi \u00een zidirea c\u0103minului, la conflictele ce apar \u00een familie, la homosexualitate \u015fi la v\u00e2rsta de mijloc. Facem o referire special\u0103 la subiectul femeii casnice, un <em>lux<\/em> pentru majoritatea femeilor \u00een contextul economic din \u0163ara noastr\u0103. Suntem de acord cu importan\u0163a cov\u00e2r\u015fitoare a <em>slujbei<\/em> de mam\u0103 \u015fi credem c\u0103 \u00een cazul \u00een care nu ar fi fost condi\u0163ionat\u0103 de considerente economice, dedicarea femeii \u00een special acestui rol ar fi \u00eensemnat un progres real al societ\u0103\u0163ii rom\u00e2ne\u015fti. Nu \u015ftim \u00een ce m\u0103sur\u0103 se pot aplica ideile autorului \u00een contextul nostru, dar nu putem s\u0103 nu recunoa\u015ftem valoarea lor.<\/span><br \/><span style=\"font-size: small;\"> \u00a0\u00a0\u00a0\u00a0\u00a0Sper\u0103m ca aceast\u0103 carte s\u0103 fie util\u0103 la clarificarea unora dintre dilemele omului modern \u015fi la sprijinirea familiei, singura \u00een m\u0103sur\u0103 s\u0103 asigure supravie\u0163uirea societ\u0103\u0163ii. Iat\u0103 subiectele tratate \u00een capitolele acestei c\u0103r\u0163i:<\/span><\/p>\n<ul style=\"text-align: justify;\">\n<li><span style=\"font-size: small;\">Dragostea romantic\u0103.<\/span><\/li>\n<li><span style=\"font-size: small;\">Conflictul \u00een c\u0103snicie. <\/span><\/li>\n<li><span style=\"font-size: small;\">Femeia casnic\u0103. <\/span><\/li>\n<li><span style=\"font-size: small;\">Unicitatea masculin\u0103 \u015fi cea      feminin\u0103.<\/span><\/li>\n<li><span style=\"font-size: small;\">Semnifica\u0163ia masculinit\u0103\u0163ii. <\/span><\/li>\n<li><span style=\"font-size: small;\">Via\u0163a sexual\u0103 a adul\u0163ilor . <\/span><\/li>\n<li><span style=\"font-size: small;\">Rezolvarea problemelor legate      de menopauz\u0103. <\/span><\/li>\n<li><span style=\"font-size: small;\">La v\u00eersta de mijloc \u015fi dup\u0103&#8230; <\/span><\/li>\n<\/ul>\n<ul style=\"text-align: justify;\">\n<li><span style=\"font-family: Arial,Helvetica,sans-serif; font-size: small;\"> <\/span><\/li>\n<\/ul>\n","protected":false},"excerpt":{"rendered":"<p>O carte despre romantism, dragoste, conflicte \u00een c\u0103snicie, femeia casnic\u0103, rezolvarea problemelor legate de menopauz\u0103 \u015fi despre crizele v\u00e2rstei de mijloc \u00een c\u0103s\u0103torie. Ve\u0163i g\u0103si \u00een aceast\u0103 carte subiecte fierbin\u0163i pentru majoritatea dintre noi. Autorul r\u0103spunde la multe \u00eentreb\u0103ri puse de cititori referitoare la identitatea b\u0103rbatului \u015fi a femeii, la rolul tradi\u0163ional al celor doi [&hellip;]<\/p>\n","protected":false},"featured_media":7654,"comment_status":"open","ping_status":"closed","template":"","meta":[],"product_brand":[],"product_cat":[79],"product_tag":[],"class_list":{"0":"post-2224","1":"product","2":"type-product","3":"status-publish","4":"has-post-thumbnail","6":"product_cat-casatorie","8":"first","9":"instock","10":"shipping-taxable","11":"purchasable","12":"product-type-simple"},"_links":{"self":[{"href":"https:\/\/dev.sbro.ro\/index.php?rest_route=\/wp\/v2\/product\/2224","targetHints":{"allow":["GET"]}}],"collection":[{"href":"https:\/\/dev.sbro.ro\/index.php?rest_route=\/wp\/v2\/product"}],"about":[{"href":"https:\/\/dev.sbro.ro\/index.php?rest_route=\/wp\/v2\/types\/product"}],"replies":[{"embeddable":true,"href":"https:\/\/dev.sbro.ro\/index.php?rest_route=%2Fwp%2Fv2%2Fcomments&post=2224"}],"wp:featuredmedia":[{"embeddable":true,"href":"https:\/\/dev.sbro.ro\/index.php?rest_route=\/wp\/v2\/media\/7654"}],"wp:attachment":[{"href":"https:\/\/dev.sbro.ro\/index.php?rest_route=%2Fwp%2Fv2%2Fmedia&parent=2224"}],"wp:term":[{"taxonomy":"product_brand","embeddable":true,"href":"https:\/\/dev.sbro.ro\/index.php?rest_route=%2Fwp%2Fv2%2Fproduct_brand&post=2224"},{"taxonomy":"product_cat","embeddable":true,"href":"https:\/\/dev.sbro.ro\/index.php?rest_route=%2Fwp%2Fv2%2Fproduct_cat&post=2224"},{"taxonomy":"product_tag","embeddable":true,"href":"https:\/\/dev.sbro.ro\/index.php?rest_route=%2Fwp%2Fv2%2Fproduct_tag&post=2224"}],"curies":[{"name":"wp","href":"https:\/\/api.w.org\/{rel}","templated":true}]}}