{"id":2233,"date":"2026-04-21T09:05:47","date_gmt":"2026-04-21T09:05:47","guid":{"rendered":"https:\/\/dev.sbro.ro\/?product=dragostea-adevarata"},"modified":"2026-04-21T09:05:47","modified_gmt":"2026-04-21T09:05:47","slug":"dragostea-adevarata","status":"publish","type":"product","link":"https:\/\/dev.sbro.ro\/product\/dragostea-adevarata\/","title":{"rendered":"Dragostea adevarata"},"content":{"rendered":"<p style=\"text-align: justify;\">\u00a0<\/p>\n<p style=\"text-align: justify;\"><span style=\"font-size: large;\"><em><strong>Aceast\u0103 carte este \u00eencercarea mea de a oferi tinerilor de azi un material care s\u0103 le vorbeasc\u0103 deschis despre sexualitate, din perspectiva cre\u015ftin\u0103, <\/strong><\/em><strong><em><br \/> <em>material pe care \u00eel merit\u0103 din plin.<\/em><\/em><\/strong><strong> <\/strong>(Jim Burns)<\/span><\/p>\n<p style=\"text-align: justify;\">\u00a0<\/p>\n<p style=\"text-align: justify;\"><span style=\"font-size: large;\">\u00a0\u00a0Am vorbit odat\u0103 \u00een fa\u0163a unor elevi de liceu \u015fi atmosfera a fost foarte bun\u0103. <\/span><br \/><span style=\"font-size: large;\"> S-a realizat o comunicare deschis\u0103 \u00eentre noi. Le-am spus celor aproape 2500 de elevi aduna\u0163i la acea \u00eent\u00e2lnire c\u0103, dup\u0103 datele statistice, un t\u00e2n\u0103r de 16 ani se g\u00e2nde\u015fte la sexualitate o dat\u0103 la 20 de secunde. To\u0163i au izbucnit \u00een r\u00e2s \u015fi au \u00eenceput s\u0103 fac\u0103 glume pe seama celor de 16 ani din auditoriu care \u00eencercau s\u0103 se ascund\u0103 sub scaune. \u00cen pauz\u0103, un b\u0103iat a venit la mine \u015fi mi-a spus: <em>Bun\u0103, Jim. M\u0103 numesc Jack \u015fi am 16 ani<\/em>. <\/span><br \/><span style=\"font-size: large;\"> \u00a0\u00a0\u00a0\u00a0\u00a0<em>Bun\u0103, Jack,<\/em> i-am r\u0103spuns. <em>\u00cemi pare bine de cuno\u015ftin\u0163\u0103.<\/em><\/span><br \/><span style=\"font-size: large;\"> \u00a0\u00a0\u00a0\u00a0\u00a0El a spus: <em>\u00c5\u017etiu c\u0103 datele statistice spun c\u0103 la fiecare 20 de secunde ne trece prin minte c\u00e2te un g\u00e2nd legat de sexualitate, dar eu vreau s\u0103 \u015ftiu la ce s\u0103 m\u0103 g\u00e2ndesc \u00een celelalte 19 secunde, pentru c\u0103 tot astfel de g\u00e2nduri \u00eemi vin \u00een minte?<\/em> <\/span><br \/><span style=\"font-size: large;\"> \u00a0\u00a0\u00a0\u00a0\u00a0Am r\u00e2s am\u00e2ndoi, dar \u00eentrebarea lui a fost serioas\u0103. <\/span><br \/><span style=\"font-size: large;\"> \u00a0\u00a0\u00a0\u00a0\u00a0Problemele legate de rela\u0163iile b\u0103ie\u0163i-fete \u015fi de sexualitate \u00eei preocup\u0103 foarte mult pe tineri (\u015fi cred c\u0103 pe adul\u0163i de asemenea). De aceea, sunt de p\u0103rere c\u0103 trebuie s\u0103 discut\u0103m cu toat\u0103 onestitatea despre sexualitate cu ei. \u00cen timpul celor 20 de ani de lucrare cu tinerii, am avut ocazia s\u0103 vorbesc des cu ei despre sexualitate \u015fi am \u00eenv\u0103\u0163at foarte mult de la ei. De exemplu, am \u00eenv\u0103\u0163at c\u0103 sunt suficient de maturi s\u0103 discute chiar \u015fi cele mai delicate subiecte. Au fost foarte sinceri c\u00e2nd \u015fi-au exprimat opiniile \u015fi \u00eendr\u0103zne\u0163i c\u00e2nd au pus \u00eentreb\u0103ri dificile. Mi-au \u00eencredin\u0163at secretele lor \u015fi lec\u0163iile pe care le-au \u00eenv\u0103\u0163at din propriile gre\u015feli. <\/span><br \/><span style=\"font-size: large;\"> \u00a0\u00a0\u00a0\u00a0\u00a0Eu sunt de p\u0103rere c\u0103 mul\u0163i tineri au o dorin\u0163\u0103 sincer\u0103 s\u0103 devin\u0103 ceea ce dore\u015fte Dumnezeu. Am vorbit cu mii de tineri, cre\u015ftini \u015fi necre\u015ftini, preocupa\u0163i sincer s\u0103 cunoasc\u0103 perspectiva cre\u015ftin\u0103 asupra sexualit\u0103\u0163ii. M\u0103 tem \u00eens\u0103 c\u0103 mul\u0163i dintre ei au o p\u0103rere foarte gre\u015fit\u0103 \u00een leg\u0103tur\u0103 cu concep\u0163ia lui Dumnezeu despre sexualitate. M-am v\u0103zut obligat de multe ori s\u0103 le repet c\u0103 Dumnezeu nu ne interzice satisfac\u0163iile de ordin sexual. Dumnezeu ne-a creat b\u0103rba\u0163i \u015fi femei \u015fi El consider\u0103 aceast\u0103 \u00eemp\u0103r\u0163ire a oamenilor foarte bun\u0103 \u015fi, pentru c\u0103 ne iube\u015fte, dore\u015fte numai ceea ce este mai bun pentru noi.<\/span><br \/><span style=\"font-size: large;\"> \u00a0\u00a0\u00a0\u00a0\u00a0Din interac\u0163iunea mea cu tinerii a ap\u0103rut aceast\u0103 carte. Tinerii din ziua de azi sunt foarte nedumeri\u0163i \u00een ceea ce prive\u015fte sexualitatea. Lumea sus\u0163ine c\u0103 to\u0163i oamenii au via\u0163\u0103 sexual\u0103, indiferent dac\u0103 sunt c\u0103s\u0103tori\u0163i sau nu, iar cre\u015ftinii &#8211; at\u00e2t biserica, c\u00e2t \u015fi p\u0103rin\u0163ii &#8211; nu vorbesc prea des despre acest subiect. Tinerii de ast\u0103zi iau deciziile legate de sexualitate pe baza:<\/span><\/p>\n<ul style=\"text-align: justify;\">\n<li><span style=\"font-size: large;\">Influen\u0163ei anturajului;<\/span><\/li>\n<li><span style=\"font-size: large;\">Emo\u0163iilor necontrolate, pe care nu \u015fi le pot st\u0103p\u00e2ni      datorit\u0103 imaturit\u0103\u0163ii lor;<\/span><\/li>\n<li><span style=\"font-size: large;\">Lipsei unei educa\u0163ii sexuale adecvate care s\u0103      sublinieze aspectele morale. <\/span><\/li>\n<\/ul>\n<p style=\"text-align: justify;\">\u00a0<\/p>\n<p style=\"text-align: justify;\">\u00a0<\/p>\n","protected":false},"excerpt":{"rendered":"<p>\u00a0 Aceast\u0103 carte este \u00eencercarea mea de a oferi tinerilor de azi un material care s\u0103 le vorbeasc\u0103 deschis despre sexualitate, din perspectiva cre\u015ftin\u0103, material pe care \u00eel merit\u0103 din plin. (Jim Burns) \u00a0 \u00a0\u00a0Am vorbit odat\u0103 \u00een fa\u0163a unor elevi de liceu \u015fi atmosfera a fost foarte bun\u0103. S-a realizat o comunicare deschis\u0103 \u00eentre [&hellip;]<\/p>\n","protected":false},"featured_media":7663,"comment_status":"open","ping_status":"closed","template":"","meta":[],"product_brand":[],"product_cat":[44],"product_tag":[],"class_list":{"0":"post-2233","1":"product","2":"type-product","3":"status-publish","4":"has-post-thumbnail","6":"product_cat-tineri","8":"first","9":"instock","10":"shipping-taxable","11":"purchasable","12":"product-type-simple"},"_links":{"self":[{"href":"https:\/\/dev.sbro.ro\/wp-json\/wp\/v2\/product\/2233","targetHints":{"allow":["GET"]}}],"collection":[{"href":"https:\/\/dev.sbro.ro\/wp-json\/wp\/v2\/product"}],"about":[{"href":"https:\/\/dev.sbro.ro\/wp-json\/wp\/v2\/types\/product"}],"replies":[{"embeddable":true,"href":"https:\/\/dev.sbro.ro\/wp-json\/wp\/v2\/comments?post=2233"}],"wp:featuredmedia":[{"embeddable":true,"href":"https:\/\/dev.sbro.ro\/wp-json\/wp\/v2\/media\/7663"}],"wp:attachment":[{"href":"https:\/\/dev.sbro.ro\/wp-json\/wp\/v2\/media?parent=2233"}],"wp:term":[{"taxonomy":"product_brand","embeddable":true,"href":"https:\/\/dev.sbro.ro\/wp-json\/wp\/v2\/product_brand?post=2233"},{"taxonomy":"product_cat","embeddable":true,"href":"https:\/\/dev.sbro.ro\/wp-json\/wp\/v2\/product_cat?post=2233"},{"taxonomy":"product_tag","embeddable":true,"href":"https:\/\/dev.sbro.ro\/wp-json\/wp\/v2\/product_tag?post=2233"}],"curies":[{"name":"wp","href":"https:\/\/api.w.org\/{rel}","templated":true}]}}