{"id":2301,"date":"2026-04-21T09:05:54","date_gmt":"2026-04-21T09:05:54","guid":{"rendered":"https:\/\/dev.sbro.ro\/?product=frumusetea-lui-hristos"},"modified":"2026-04-21T09:05:54","modified_gmt":"2026-04-21T09:05:54","slug":"frumusetea-lui-hristos","status":"publish","type":"product","link":"https:\/\/dev.sbro.ro\/product\/frumusetea-lui-hristos\/","title":{"rendered":"Frumusetea lui Hristos"},"content":{"rendered":"<p style=\"text-align: justify;\">\u00a0<\/p>\n<p style=\"text-align: justify;\"><span style=\"font-size: large;\">Cartea aceasta, o cutie mic\u0103 plin\u0103 cu multe bijuterii, va avea,  n\u0103d\u0103jduiesc, o larg\u0103 circula\u0163ie. Totu\u015fi n\u0103d\u0103jduiesc mult mai mult ca ea  s\u0103 ajung\u0103 at\u00e2t \u00een ad\u00e2ncime, c\u00e2t \u015fi \u00een dep\u0103rt\u0103ri \u015fi, prin harul lui  Dumnezeu, s\u0103 imprime asupra sufletelor cititorilor ei ceva din acea  mul\u0163umire \u015fi desf\u0103tare suprem\u0103 \u00een Domnul Isus, care au fost lumina  vie\u0163ii lui Samuel Rutherford. \u00cen ziua de ast\u0103zi nimic nu este mai  necesar \u00een Biserica cre\u015ftin\u0103 dec\u00e2t o mai m\u0103rea\u0163\u0103 vedere prin credin\u0163\u0103 a  \u201e\u00cemp\u0103ratului \u00een frumuse\u0163ea Lui.\u201d Auzim mult de multe lucruri, dar prea  pu\u0163in despre EL. A-l citi pe Rutherford, cu inima deschis\u0103 \u015fi rug\u0103ciune,  este un ajutor puternic \u015fi frumos c\u0103tre acea \u201eviziune beatific\u0103\u201d a  R\u0103scump\u0103r\u0103torului nostru, pe care o putem avea chiar aici, pe p\u0103m\u00e2nt. <\/span><\/p>\n<p style=\"text-align: justify;\"><span style=\"font-size: large;\">\u00cendr\u0103znesc s\u0103 spun c\u0103 stilourile \u00eengerilor, limbile \u00eengerilor, ba mai  mult, tot at\u00e2tea lumi de \u00eengeri c\u00e2te pic\u0103turi de ap\u0103 sunt \u00een toate  m\u0103rile, \u015fi izvoarele \u015fi r\u00e2urile de pe p\u0103m\u00e2nt, nu-L pot zugr\u0103vi pe El  \u00eenaintea ta.<\/span><\/p>\n","protected":false},"excerpt":{"rendered":"<p>\u00a0 Cartea aceasta, o cutie mic\u0103 plin\u0103 cu multe bijuterii, va avea, n\u0103d\u0103jduiesc, o larg\u0103 circula\u0163ie. Totu\u015fi n\u0103d\u0103jduiesc mult mai mult ca ea s\u0103 ajung\u0103 at\u00e2t \u00een ad\u00e2ncime, c\u00e2t \u015fi \u00een dep\u0103rt\u0103ri \u015fi, prin harul lui Dumnezeu, s\u0103 imprime asupra sufletelor cititorilor ei ceva din acea mul\u0163umire \u015fi desf\u0103tare suprem\u0103 \u00een Domnul Isus, care au [&hellip;]<\/p>\n","protected":false},"featured_media":7730,"comment_status":"open","ping_status":"closed","template":"","meta":[],"product_brand":[],"product_cat":[20],"product_tag":[],"class_list":{"0":"post-2301","1":"product","2":"type-product","3":"status-publish","4":"has-post-thumbnail","6":"product_cat-biografii-eseuri-marturii","8":"first","9":"outofstock","10":"shipping-taxable","11":"purchasable","12":"product-type-simple"},"_links":{"self":[{"href":"https:\/\/dev.sbro.ro\/wp-json\/wp\/v2\/product\/2301","targetHints":{"allow":["GET"]}}],"collection":[{"href":"https:\/\/dev.sbro.ro\/wp-json\/wp\/v2\/product"}],"about":[{"href":"https:\/\/dev.sbro.ro\/wp-json\/wp\/v2\/types\/product"}],"replies":[{"embeddable":true,"href":"https:\/\/dev.sbro.ro\/wp-json\/wp\/v2\/comments?post=2301"}],"wp:featuredmedia":[{"embeddable":true,"href":"https:\/\/dev.sbro.ro\/wp-json\/wp\/v2\/media\/7730"}],"wp:attachment":[{"href":"https:\/\/dev.sbro.ro\/wp-json\/wp\/v2\/media?parent=2301"}],"wp:term":[{"taxonomy":"product_brand","embeddable":true,"href":"https:\/\/dev.sbro.ro\/wp-json\/wp\/v2\/product_brand?post=2301"},{"taxonomy":"product_cat","embeddable":true,"href":"https:\/\/dev.sbro.ro\/wp-json\/wp\/v2\/product_cat?post=2301"},{"taxonomy":"product_tag","embeddable":true,"href":"https:\/\/dev.sbro.ro\/wp-json\/wp\/v2\/product_tag?post=2301"}],"curies":[{"name":"wp","href":"https:\/\/api.w.org\/{rel}","templated":true}]}}