{"id":2304,"date":"2026-04-21T09:05:54","date_gmt":"2026-04-21T09:05:54","guid":{"rendered":"https:\/\/dev.sbro.ro\/?product=atributele-lui-dumnezeu"},"modified":"2026-04-21T09:05:54","modified_gmt":"2026-04-21T09:05:54","slug":"atributele-lui-dumnezeu","status":"publish","type":"product","link":"https:\/\/dev.sbro.ro\/product\/atributele-lui-dumnezeu\/","title":{"rendered":"Atributele lui Dumnezeu"},"content":{"rendered":"<p style=\"text-align: justify;\">\n<p style=\"text-align: justify;\"><span style=\"font-size: large;\">Lucrarea lui Tozer \u2013 <em>Atributele lui Dumnezeu<\/em> \u2013 este, cu-adevarat, o scriere remarcabila. Cartea uimeste prin simplitatea exprimarii si prin profunzimea afirmatiilor, prin bogatia teologica si prin candoarea cunoasterii intime a Celui Preasfant, prin naturaletea unei frazari fluide, cadentate si prin greutatea spirituala a ideilor exprimate in ea. Nici un cuvant nu pare redundant; nimic nu pare a tulbura bucuria si satisfactia de a medita, prin intermediul cuvantului scris, la Cel ce este obiectul credintei noastre; totul se calibreaza, se centreaza in jurul Fiintei marete, a Dumnezeului triunic a carui personalitate coplesitoare poate strivi orice minte muritoare limitata. Desi face dovada unei inteligente sclipitoare, Tozer declara deschis, si nu de putine ori, incapacitatea sa de a percepe si de a pricepe in detaliu substanta divina, miraculosul etern, insondabilele profunzimi pe care natura lui Dumnezeu le ascunde.<\/span><\/p>\n<p style=\"text-align: justify;\">\n<p>Cuprins Introducere: Caracterul lui Dumnezeu 1. Infinitatea lui Dumnezeu 2. Imensitatea lui Dumnezeu 3. Bun\u0103tatea lui Dumnezeu 4. Dreptatea lui Dumnezeu 5. \u00cendurarea lui Dumnezeu 6. Harul lui Dumnezeu 7. Omniprezen\u0163a lui Dumnezeu 8. Imanen\u0163a lui Dumnezeu 9. Sfin\u0163enia lui Dumnezeu 10. Perfec\u0163iunea lui Dumnezeu 11. Existen\u0163a lui Dumnezeu prin Sine \u00censu\u015fi 12. Trascenden\u0163a lui Dumnezeu 13. Eternitatea lui Dumnezeu 14. Omnipoten\u0163a lui Dumnezeu 15. Imutabilitatea lui Dumnezeu 16. Omni\u015ftiin\u0163a lui Dumnezeu 17. \u00cen\u0163elepciunea lui Dumnezeu 18. Suveranitatea lui Dumnezeu 19. Credincio\u015fia lui Dumnezeu 20. Dragostea lui Dumnezeu<\/p>\n","protected":false},"excerpt":{"rendered":"<p>Lucrarea lui Tozer \u2013 Atributele lui Dumnezeu \u2013 este, cu-adevarat, o scriere remarcabila. Cartea uimeste prin simplitatea exprimarii si prin profunzimea afirmatiilor, prin bogatia teologica si prin candoarea cunoasterii intime a Celui Preasfant, prin naturaletea unei frazari fluide, cadentate si prin greutatea spirituala a ideilor exprimate in ea. Nici un cuvant nu pare redundant; nimic [&hellip;]<\/p>\n","protected":false},"featured_media":7733,"comment_status":"open","ping_status":"closed","template":"","meta":[],"product_brand":[],"product_cat":[51],"product_tag":[],"class_list":{"0":"post-2304","1":"product","2":"type-product","3":"status-publish","4":"has-post-thumbnail","6":"product_cat-doctrina-despre-dumnezeu","8":"first","9":"instock","10":"shipping-taxable","11":"purchasable","12":"product-type-simple"},"_links":{"self":[{"href":"https:\/\/dev.sbro.ro\/wp-json\/wp\/v2\/product\/2304","targetHints":{"allow":["GET"]}}],"collection":[{"href":"https:\/\/dev.sbro.ro\/wp-json\/wp\/v2\/product"}],"about":[{"href":"https:\/\/dev.sbro.ro\/wp-json\/wp\/v2\/types\/product"}],"replies":[{"embeddable":true,"href":"https:\/\/dev.sbro.ro\/wp-json\/wp\/v2\/comments?post=2304"}],"wp:featuredmedia":[{"embeddable":true,"href":"https:\/\/dev.sbro.ro\/wp-json\/wp\/v2\/media\/7733"}],"wp:attachment":[{"href":"https:\/\/dev.sbro.ro\/wp-json\/wp\/v2\/media?parent=2304"}],"wp:term":[{"taxonomy":"product_brand","embeddable":true,"href":"https:\/\/dev.sbro.ro\/wp-json\/wp\/v2\/product_brand?post=2304"},{"taxonomy":"product_cat","embeddable":true,"href":"https:\/\/dev.sbro.ro\/wp-json\/wp\/v2\/product_cat?post=2304"},{"taxonomy":"product_tag","embeddable":true,"href":"https:\/\/dev.sbro.ro\/wp-json\/wp\/v2\/product_tag?post=2304"}],"curies":[{"name":"wp","href":"https:\/\/api.w.org\/{rel}","templated":true}]}}