{"id":2314,"date":"2026-04-21T09:05:55","date_gmt":"2026-04-21T09:05:55","guid":{"rendered":"https:\/\/dev.sbro.ro\/?product=1-2-petru"},"modified":"2026-04-21T09:05:55","modified_gmt":"2026-04-21T09:05:55","slug":"1-2-petru","status":"publish","type":"product","link":"https:\/\/dev.sbro.ro\/?product=1-2-petru","title":{"rendered":"1 &#038; 2 Petru"},"content":{"rendered":"<p style=\"text-align: justify;\">\n<p style=\"text-align: justify;\"><span style=\"font-size: medium;\">Parcurgerea epistolelor sobornice\u015fti ale apostolului Petru ne oblig\u0103  uneori s\u0103 ne fr\u0103m&acirc;nt\u0103m cu fr&acirc;nturi de text \u00een care autorul alunec\u0103 \u00een  spa\u0163iile de tain\u0103 ale ve\u015fniciei sau ale t\u0103r&acirc;mului duhurilor.   Deoarece  Petru deschide doar fereastra spre aceste spa\u0163ii, f\u0103r\u0103 s\u0103 r\u0103spund\u0103  tuturor \u00eentreb\u0103rilor noastre, pericolul alunec\u0103rii \u00een interpret\u0103ri  fanteziste este mare. Nevoia de ordine \u015fi de coeren\u0163\u0103 a ra\u0163iunii ne  fur\u0103, arunc&acirc;ndu-ne \u00een \u00eencercarea de a zidi sisteme \u015fi de a elucida ceea  ce nu se las\u0103 explicat. Afla\u0163i \u00een asemenea por\u0163iuni de text, s\u0103 nu uit\u0103m  c\u0103 textul este cel care trebuie s\u0103 guverneze \u00eentotdeauna afirma\u0163iile  noastre. Iar atunci c&acirc;nd, \u00een pofida efortului exegetic, \u00een\u0163elesul  continu\u0103 s\u0103 r\u0103m&acirc;n\u0103 obscur, este important s\u0103 l\u0103rgim contextul la  \u00eentregul canon.   Eforturile studierii acestei epistole vor fi  r\u0103spl\u0103tite din plin, deoarece Petru desf\u0103\u015foar\u0103 \u00eenaintea ochilor no\u015ftri  adev\u0103rurile ad&acirc;nci ale planului lui Dumnezeu: conceptul alegerii, al  m&acirc;ntuirii, al suferin\u0163ei, al preo\u0163iei, conceptul luptei spirituale \u015fi al  p\u0103zirii noastre \u00een mijlocul ei, conceptul m&acirc;ntuirii prezente prin  botez, al supunerii, al slujirii etc. Uneori, z\u0103bovirea pe un termen sau  pe o por\u0163iune de verset este lung\u0103 \u015fi anevoioas\u0103, dar, \u00een acela\u015fi timp,  r\u0103spl\u0103titoare, pentru c\u0103 bucuria \u00eent&acirc;lnirii cu Dumnezeul revelat \u00een  text nu poate fi asem\u0103nat\u0103 cu nimic altceva. Astfel, ajungerea la  cuvintele curate ale lui Dumnezeu, la \u00een\u0163elegerea tainelor planului S\u0103u  \u00een Hristos, merit\u0103 tot efortul.<\/span><\/p>\n","protected":false},"excerpt":{"rendered":"<p>Parcurgerea epistolelor sobornice\u015fti ale apostolului Petru ne oblig\u0103 uneori s\u0103 ne fr\u0103m&acirc;nt\u0103m cu fr&acirc;nturi de text \u00een care autorul alunec\u0103 \u00een spa\u0163iile de tain\u0103 ale ve\u015fniciei sau ale t\u0103r&acirc;mului duhurilor. Deoarece Petru deschide doar fereastra spre aceste spa\u0163ii, f\u0103r\u0103 s\u0103 r\u0103spund\u0103 tuturor \u00eentreb\u0103rilor noastre, pericolul alunec\u0103rii \u00een interpret\u0103ri fanteziste este mare. Nevoia de ordine \u015fi [&hellip;]<\/p>\n","protected":false},"featured_media":7743,"comment_status":"open","ping_status":"closed","template":"","meta":[],"product_brand":[],"product_cat":[16],"product_tag":[],"class_list":{"0":"post-2314","1":"product","2":"type-product","3":"status-publish","4":"has-post-thumbnail","6":"product_cat-comentarii-biblice","8":"first","9":"outofstock","10":"shipping-taxable","11":"purchasable","12":"product-type-simple"},"_links":{"self":[{"href":"https:\/\/dev.sbro.ro\/index.php?rest_route=\/wp\/v2\/product\/2314","targetHints":{"allow":["GET"]}}],"collection":[{"href":"https:\/\/dev.sbro.ro\/index.php?rest_route=\/wp\/v2\/product"}],"about":[{"href":"https:\/\/dev.sbro.ro\/index.php?rest_route=\/wp\/v2\/types\/product"}],"replies":[{"embeddable":true,"href":"https:\/\/dev.sbro.ro\/index.php?rest_route=%2Fwp%2Fv2%2Fcomments&post=2314"}],"wp:featuredmedia":[{"embeddable":true,"href":"https:\/\/dev.sbro.ro\/index.php?rest_route=\/wp\/v2\/media\/7743"}],"wp:attachment":[{"href":"https:\/\/dev.sbro.ro\/index.php?rest_route=%2Fwp%2Fv2%2Fmedia&parent=2314"}],"wp:term":[{"taxonomy":"product_brand","embeddable":true,"href":"https:\/\/dev.sbro.ro\/index.php?rest_route=%2Fwp%2Fv2%2Fproduct_brand&post=2314"},{"taxonomy":"product_cat","embeddable":true,"href":"https:\/\/dev.sbro.ro\/index.php?rest_route=%2Fwp%2Fv2%2Fproduct_cat&post=2314"},{"taxonomy":"product_tag","embeddable":true,"href":"https:\/\/dev.sbro.ro\/index.php?rest_route=%2Fwp%2Fv2%2Fproduct_tag&post=2314"}],"curies":[{"name":"wp","href":"https:\/\/api.w.org\/{rel}","templated":true}]}}