{"id":2343,"date":"2026-04-21T09:05:58","date_gmt":"2026-04-21T09:05:58","guid":{"rendered":"https:\/\/dev.sbro.ro\/?product=crucea-3"},"modified":"2026-04-21T09:05:58","modified_gmt":"2026-04-21T09:05:58","slug":"crucea-3","status":"publish","type":"product","link":"https:\/\/dev.sbro.ro\/?product=crucea-3","title":{"rendered":"Crucea"},"content":{"rendered":"<p style=\"text-align: justify;\">\u00a0<\/p>\n<p style=\"text-align: justify;\"><span class=\"scrisNormal\" style=\"font-size: large;\"><strong>Martyn Lloyd-Jones<\/strong>:\u00cen timpul celor  douazeci \u015fi \u015fase de ani petrecu\u0163i la amvonul meu din Westminster au fost  momente c\u00e2nd, \u00een cumplita-mi nebunie, m-am g\u00e2ndit &#8211; sau Diavolul mi-a  sugerat &#8211; c\u0103 nu mai am nimic altceva s\u0103 spun dec\u00e2t ceea ce am predicat  deja. Mul\u0163umesc lui Dumnezeu, acum pot spune c\u0103 simt c\u0103 sunt abia la  \u00eenceput. Nu este sf\u00e2r\u015fit la acest glorios mesaj al crucii, pentru c\u0103  totdeauna este ceva nou, proaspat \u015fi \u00eenc\u00e2nt\u0103tor, mi\u015fc\u0103tor \u015fi \u00een\u0103l\u0163\u0103tor,  ceva ce nu a fost v\u0103zut \u00eenainte. <\/span><\/p>\n<p style=\"text-align: justify;\">\u00a0<\/p>\n<p style=\"text-align: justify;\"><span class=\"scrisNormal\" style=\"font-size: large;\"> <\/span><\/p>\n<p><span style=\"font-size: large;\">Ai putea sau ai vrea s\u0103-\u0163i petreci cu drag\u0103 inim\u0103 toate zilele \u00een felul  acesta? Aceasta este \u00eentrebarea. Ai vrea s\u0103-\u0163i petreci toat\u0103 via\u0163a   l\u0103ud\u00e2ndu-L pe acest Prieten ale c\u0103rui cuvinte, toate, sunt adev\u0103rate?<\/span><\/p>\n<p><span style=\"font-size: large;\">Ei bine, dac\u0103 aceasta este dorin\u0163a ta, \u00een aceast\u0103  m\u0103rturisire a apostolului Pavel, g\u0103se\u015fti drumul \u00een acest fel de via\u0163a:  \u201e\u00cen ce m\u0103 prive\u015fte, departe de mine g\u00e2ndul s\u0103 m\u0103 laud cu altceva dec\u00e2t  cu crucea Domnului nostru Isus Hristos, prin care lumea este r\u0103stignit\u0103  fa\u0163\u0103 de mine, \u015fi eu fa\u0163\u0103 de lume\u201d.<\/span><\/p>\n<p>\u00a0<\/p>\n","protected":false},"excerpt":{"rendered":"<p>\u00a0 Martyn Lloyd-Jones:\u00cen timpul celor douazeci \u015fi \u015fase de ani petrecu\u0163i la amvonul meu din Westminster au fost momente c\u00e2nd, \u00een cumplita-mi nebunie, m-am g\u00e2ndit &#8211; sau Diavolul mi-a sugerat &#8211; c\u0103 nu mai am nimic altceva s\u0103 spun dec\u00e2t ceea ce am predicat deja. Mul\u0163umesc lui Dumnezeu, acum pot spune c\u0103 simt c\u0103 sunt [&hellip;]<\/p>\n","protected":false},"featured_media":7772,"comment_status":"open","ping_status":"closed","template":"","meta":[],"product_brand":[],"product_cat":[58],"product_tag":[],"class_list":{"0":"post-2343","1":"product","2":"type-product","3":"status-publish","4":"has-post-thumbnail","6":"product_cat-omiletica","8":"first","9":"instock","10":"shipping-taxable","11":"purchasable","12":"product-type-simple"},"_links":{"self":[{"href":"https:\/\/dev.sbro.ro\/index.php?rest_route=\/wp\/v2\/product\/2343","targetHints":{"allow":["GET"]}}],"collection":[{"href":"https:\/\/dev.sbro.ro\/index.php?rest_route=\/wp\/v2\/product"}],"about":[{"href":"https:\/\/dev.sbro.ro\/index.php?rest_route=\/wp\/v2\/types\/product"}],"replies":[{"embeddable":true,"href":"https:\/\/dev.sbro.ro\/index.php?rest_route=%2Fwp%2Fv2%2Fcomments&post=2343"}],"wp:featuredmedia":[{"embeddable":true,"href":"https:\/\/dev.sbro.ro\/index.php?rest_route=\/wp\/v2\/media\/7772"}],"wp:attachment":[{"href":"https:\/\/dev.sbro.ro\/index.php?rest_route=%2Fwp%2Fv2%2Fmedia&parent=2343"}],"wp:term":[{"taxonomy":"product_brand","embeddable":true,"href":"https:\/\/dev.sbro.ro\/index.php?rest_route=%2Fwp%2Fv2%2Fproduct_brand&post=2343"},{"taxonomy":"product_cat","embeddable":true,"href":"https:\/\/dev.sbro.ro\/index.php?rest_route=%2Fwp%2Fv2%2Fproduct_cat&post=2343"},{"taxonomy":"product_tag","embeddable":true,"href":"https:\/\/dev.sbro.ro\/index.php?rest_route=%2Fwp%2Fv2%2Fproduct_tag&post=2343"}],"curies":[{"name":"wp","href":"https:\/\/api.w.org\/{rel}","templated":true}]}}