{"id":2345,"date":"2026-04-21T09:05:58","date_gmt":"2026-04-21T09:05:58","guid":{"rendered":"https:\/\/dev.sbro.ro\/?product=cararea-rugaciunii"},"modified":"2026-04-21T09:05:58","modified_gmt":"2026-04-21T09:05:58","slug":"cararea-rugaciunii","status":"publish","type":"product","link":"https:\/\/dev.sbro.ro\/product\/cararea-rugaciunii\/","title":{"rendered":"Cararea rugaciunii"},"content":{"rendered":"<p style=\"text-align: justify;\"><span class=\"scrisNormal\" style=\"font-size: medium;\">Domnul i-a \u00eenv\u0103\u0163at pe oameni s\u0103 se roage lui  Dumnezeu ca Tat\u0103. Acesta este faptul central al \u00eenv\u0103\u0163\u0103turii Lui. \u201eC\u00e2nd  v\u0103 ruga\u0163i s\u0103 spune\u0163i: \u2018Tat\u0103l nostru care e\u015fti \u00een ceruri\u2019.\u201d El mustr\u0103  orice parad\u0103 \u015fi orice pref\u0103c\u0103torie \u00een rug\u0103ciune. Trebuie s\u0103 fie \u00een locul  tainic, iar u\u015fa trebuie s\u0103 fie \u00eenchis\u0103. \u00cen locul tainic trebuie s\u0103 fie  simplitate \u015fi sinceritate. Ipocrizia nu poate exista acolo unde mul\u0163imea  vorbelor \u015fi exprimarea impresionant\u0103 sunt interzise. Ta\u0163ii \u015fi copiii  nu-\u015fi fac discursuri unul altuia. Dumnezeu nu este departe. Este  aproape. Nu are nevoie s\u0103 fie informat, c\u0103ci Isus a spus: \u201ec\u0103ci Tat\u0103l  vostru \u015ftie de ce ave\u0163i trebuin\u0163\u0103, mai \u00eenainte ca s\u0103-I cere\u0163i voi\u201d. El  nu trebuie s\u0103 fie nici convins; c\u0103ci dac\u0103 \u201evoi, care sunte\u0163i r\u0103i, \u015fti\u0163i  s\u0103 da\u0163i daruri bune copiilor vo\u015ftri, cu c\u00e2t mai mult Tat\u0103l vostru, care  este \u00een ceruri, va da lucruri bune celor ce I le cer!\u201d Nimic nu poate fi  mai simplu, mai natural, mai sigur. \u201eCere\u0163i \u015fi vi se va da\u201d, \u201ec\u0103ci ori  \u015fi cine cere, cap\u0103t\u0103.\u201d<\/span><\/p>\n","protected":false},"excerpt":{"rendered":"<p>Domnul i-a \u00eenv\u0103\u0163at pe oameni s\u0103 se roage lui Dumnezeu ca Tat\u0103. Acesta este faptul central al \u00eenv\u0103\u0163\u0103turii Lui. \u201eC\u00e2nd v\u0103 ruga\u0163i s\u0103 spune\u0163i: \u2018Tat\u0103l nostru care e\u015fti \u00een ceruri\u2019.\u201d El mustr\u0103 orice parad\u0103 \u015fi orice pref\u0103c\u0103torie \u00een rug\u0103ciune. Trebuie s\u0103 fie \u00een locul tainic, iar u\u015fa trebuie s\u0103 fie \u00eenchis\u0103. \u00cen locul tainic trebuie [&hellip;]<\/p>\n","protected":false},"featured_media":7774,"comment_status":"open","ping_status":"closed","template":"","meta":[],"product_brand":[],"product_cat":[18],"product_tag":[],"class_list":{"0":"post-2345","1":"product","2":"type-product","3":"status-publish","4":"has-post-thumbnail","6":"product_cat-viata-crestina","8":"first","9":"instock","10":"shipping-taxable","11":"purchasable","12":"product-type-simple"},"_links":{"self":[{"href":"https:\/\/dev.sbro.ro\/wp-json\/wp\/v2\/product\/2345","targetHints":{"allow":["GET"]}}],"collection":[{"href":"https:\/\/dev.sbro.ro\/wp-json\/wp\/v2\/product"}],"about":[{"href":"https:\/\/dev.sbro.ro\/wp-json\/wp\/v2\/types\/product"}],"replies":[{"embeddable":true,"href":"https:\/\/dev.sbro.ro\/wp-json\/wp\/v2\/comments?post=2345"}],"wp:featuredmedia":[{"embeddable":true,"href":"https:\/\/dev.sbro.ro\/wp-json\/wp\/v2\/media\/7774"}],"wp:attachment":[{"href":"https:\/\/dev.sbro.ro\/wp-json\/wp\/v2\/media?parent=2345"}],"wp:term":[{"taxonomy":"product_brand","embeddable":true,"href":"https:\/\/dev.sbro.ro\/wp-json\/wp\/v2\/product_brand?post=2345"},{"taxonomy":"product_cat","embeddable":true,"href":"https:\/\/dev.sbro.ro\/wp-json\/wp\/v2\/product_cat?post=2345"},{"taxonomy":"product_tag","embeddable":true,"href":"https:\/\/dev.sbro.ro\/wp-json\/wp\/v2\/product_tag?post=2345"}],"curies":[{"name":"wp","href":"https:\/\/api.w.org\/{rel}","templated":true}]}}