{"id":2365,"date":"2026-04-21T09:06:00","date_gmt":"2026-04-21T09:06:00","guid":{"rendered":"https:\/\/dev.sbro.ro\/?product=duhul-adevarului"},"modified":"2026-04-21T09:06:00","modified_gmt":"2026-04-21T09:06:00","slug":"duhul-adevarului","status":"publish","type":"product","link":"https:\/\/dev.sbro.ro\/product\/duhul-adevarului\/","title":{"rendered":"Duhul adevarului"},"content":{"rendered":"<p style=\"text-align: justify;\"><span style=\"font-size: medium;\">Aceast\u0103 carte aduce anumite clarific\u0103ri privitoare la caracterul \u015fi lucrarea Duhului Sf\u00e2nt, oferindu-i celui ce conduce un studiu biblic sau predic\u0103 din Cuv\u00e2nt mijlocul necesar pentru a-\u015fi putea \u00eendeplini misiunea cu autoritate, men\u0163in\u00e2nd astfel s\u0103n\u0103tatea \u015fi via\u0163a unei biserici care \u00cel glorific\u0103 pe Dumnezeu \u00een unitate, \u00een duh \u015fi \u00een adev\u0103r. Pe parcursul analizei f\u0103cute asupra unui subiect cunoscut, \u00een general, din pricina ne\u00een\u0163elegerilor pe care acesta le genereaz\u0103, Jackman ne c\u0103l\u0103uze\u015fte sigur pe calea \u00eenv\u0103\u0163\u0103turii despre Duhul Sf\u00e2nt. Este un subiect pe care fiecare credincios ar trebui s\u0103-l cunoasc\u0103 temeinic, iar cartea aceasta ne sprijin\u0103 tocmai \u00een atingerea acestui scop. Cu o m\u0103iestrie \u015fi cu o cunoa\u015ftere pastoral\u0103, ea ne ajut\u0103 s\u0103 ne dezvolt\u0103m capacitatea de \u00een\u0163elegere \u015fi pre\u0163uire a Celui care este a treia Persoan\u0103 a Sfintei Treimi. <\/span><\/p>\n","protected":false},"excerpt":{"rendered":"<p>Aceast\u0103 carte aduce anumite clarific\u0103ri privitoare la caracterul \u015fi lucrarea Duhului Sf\u00e2nt, oferindu-i celui ce conduce un studiu biblic sau predic\u0103 din Cuv\u00e2nt mijlocul necesar pentru a-\u015fi putea \u00eendeplini misiunea cu autoritate, men\u0163in\u00e2nd astfel s\u0103n\u0103tatea \u015fi via\u0163a unei biserici care \u00cel glorific\u0103 pe Dumnezeu \u00een unitate, \u00een duh \u015fi \u00een adev\u0103r. Pe parcursul analizei f\u0103cute [&hellip;]<\/p>\n","protected":false},"featured_media":7794,"comment_status":"open","ping_status":"closed","template":"","meta":[],"product_brand":[],"product_cat":[18],"product_tag":[],"class_list":{"0":"post-2365","1":"product","2":"type-product","3":"status-publish","4":"has-post-thumbnail","6":"product_cat-viata-crestina","8":"first","9":"instock","10":"shipping-taxable","11":"purchasable","12":"product-type-simple"},"_links":{"self":[{"href":"https:\/\/dev.sbro.ro\/wp-json\/wp\/v2\/product\/2365","targetHints":{"allow":["GET"]}}],"collection":[{"href":"https:\/\/dev.sbro.ro\/wp-json\/wp\/v2\/product"}],"about":[{"href":"https:\/\/dev.sbro.ro\/wp-json\/wp\/v2\/types\/product"}],"replies":[{"embeddable":true,"href":"https:\/\/dev.sbro.ro\/wp-json\/wp\/v2\/comments?post=2365"}],"wp:featuredmedia":[{"embeddable":true,"href":"https:\/\/dev.sbro.ro\/wp-json\/wp\/v2\/media\/7794"}],"wp:attachment":[{"href":"https:\/\/dev.sbro.ro\/wp-json\/wp\/v2\/media?parent=2365"}],"wp:term":[{"taxonomy":"product_brand","embeddable":true,"href":"https:\/\/dev.sbro.ro\/wp-json\/wp\/v2\/product_brand?post=2365"},{"taxonomy":"product_cat","embeddable":true,"href":"https:\/\/dev.sbro.ro\/wp-json\/wp\/v2\/product_cat?post=2365"},{"taxonomy":"product_tag","embeddable":true,"href":"https:\/\/dev.sbro.ro\/wp-json\/wp\/v2\/product_tag?post=2365"}],"curies":[{"name":"wp","href":"https:\/\/api.w.org\/{rel}","templated":true}]}}