{"id":2367,"date":"2026-04-21T09:06:00","date_gmt":"2026-04-21T09:06:00","guid":{"rendered":"https:\/\/dev.sbro.ro\/?product=credinta-dincolo-de-ratiune"},"modified":"2026-04-21T09:06:00","modified_gmt":"2026-04-21T09:06:00","slug":"credinta-dincolo-de-ratiune","status":"publish","type":"product","link":"https:\/\/dev.sbro.ro\/?product=credinta-dincolo-de-ratiune","title":{"rendered":"Credinta dincolo de ratiune"},"content":{"rendered":"<p>\u00a0<\/p>\n<p style=\"text-align: justify;\"><span class=\"scrisNormal\" style=\"font-size: large;\"> <\/span><\/p>\n<p><span style=\"font-size: large;\"><strong>CUPRINS<\/strong><\/span><\/p>\n<p>\u00a0<\/p>\n<p><span style=\"font-size: large;\">1. Tuturor celor ce L-au primit<\/span><\/p>\n<p><span style=\"font-size: large;\">2. Revela\u0163ia nu este suficient\u0103<\/span><\/p>\n<p><span style=\"font-size: large;\">3. Credin\u0163\u0103 \u00een caracterul lui Dumnezeu<\/span><\/p>\n<p><span style=\"font-size: large;\">4. Adev\u0103ra\u0163ii ucenici ai lui Cristos<\/span><\/p>\n<p><span style=\"font-size: large;\">5. Con\u015ftiin\u0163a izoleaz\u0103 fiecare persoan\u0103<\/span><\/p>\n<p><span style=\"font-size: large;\">6. &#8220;Voi ave\u0163i de tat\u0103 pe diavolul&#8221;<\/span><\/p>\n<p><span style=\"font-size: large;\">7. Fiind un martor eficient pentru Cristos<\/span><\/p>\n<p><span style=\"font-size: large;\">8. Lumea este o pustie moral\u0103<\/span><\/p>\n<p><span style=\"font-size: large;\">9. Funia \u00eentins\u0103 \u00eentre sacru \u015fi profan<\/span><\/p>\n<p><span style=\"font-size: large;\">10. Biserica este pe o mare furtunoas\u0103<\/span><\/p>\n<p><span style=\"font-size: large;\">C\u00e2nd nevoia noastr\u0103 este at\u00e2t de mare \u00eenc\u00e2t nu mai putem merge f\u0103r\u0103 El, El va veni!<\/span><\/p>\n<p><span style=\"font-size: large;\">Fiecare om este ceea ce admir\u0103 \u00een tain\u0103. Dac\u0103 a\u015f putea afla ce  admiri, a\u015f \u015fti ceea ce e\u015fti fiindc\u0103 oamenii sunt ceea ce g\u00e2ndesc c\u00e2nd  sunt liberi s\u0103 se g\u00e2ndeasc\u0103 la ce vor.<\/span><\/p>\n","protected":false},"excerpt":{"rendered":"<p>\u00a0 CUPRINS \u00a0 1. Tuturor celor ce L-au primit 2. Revela\u0163ia nu este suficient\u0103 3. Credin\u0163\u0103 \u00een caracterul lui Dumnezeu 4. Adev\u0103ra\u0163ii ucenici ai lui Cristos 5. Con\u015ftiin\u0163a izoleaz\u0103 fiecare persoan\u0103 6. &#8220;Voi ave\u0163i de tat\u0103 pe diavolul&#8221; 7. Fiind un martor eficient pentru Cristos 8. Lumea este o pustie moral\u0103 9. Funia \u00eentins\u0103 \u00eentre [&hellip;]<\/p>\n","protected":false},"featured_media":7796,"comment_status":"open","ping_status":"closed","template":"","meta":[],"product_brand":[],"product_cat":[18],"product_tag":[],"class_list":{"0":"post-2367","1":"product","2":"type-product","3":"status-publish","4":"has-post-thumbnail","6":"product_cat-viata-crestina","8":"first","9":"instock","10":"shipping-taxable","11":"purchasable","12":"product-type-simple"},"_links":{"self":[{"href":"https:\/\/dev.sbro.ro\/index.php?rest_route=\/wp\/v2\/product\/2367","targetHints":{"allow":["GET"]}}],"collection":[{"href":"https:\/\/dev.sbro.ro\/index.php?rest_route=\/wp\/v2\/product"}],"about":[{"href":"https:\/\/dev.sbro.ro\/index.php?rest_route=\/wp\/v2\/types\/product"}],"replies":[{"embeddable":true,"href":"https:\/\/dev.sbro.ro\/index.php?rest_route=%2Fwp%2Fv2%2Fcomments&post=2367"}],"wp:featuredmedia":[{"embeddable":true,"href":"https:\/\/dev.sbro.ro\/index.php?rest_route=\/wp\/v2\/media\/7796"}],"wp:attachment":[{"href":"https:\/\/dev.sbro.ro\/index.php?rest_route=%2Fwp%2Fv2%2Fmedia&parent=2367"}],"wp:term":[{"taxonomy":"product_brand","embeddable":true,"href":"https:\/\/dev.sbro.ro\/index.php?rest_route=%2Fwp%2Fv2%2Fproduct_brand&post=2367"},{"taxonomy":"product_cat","embeddable":true,"href":"https:\/\/dev.sbro.ro\/index.php?rest_route=%2Fwp%2Fv2%2Fproduct_cat&post=2367"},{"taxonomy":"product_tag","embeddable":true,"href":"https:\/\/dev.sbro.ro\/index.php?rest_route=%2Fwp%2Fv2%2Fproduct_tag&post=2367"}],"curies":[{"name":"wp","href":"https:\/\/api.w.org\/{rel}","templated":true}]}}