{"id":2430,"date":"2026-04-21T09:06:07","date_gmt":"2026-04-21T09:06:07","guid":{"rendered":"https:\/\/dev.sbro.ro\/?product=tragedie-in-biserica"},"modified":"2026-04-21T09:06:07","modified_gmt":"2026-04-21T09:06:07","slug":"tragedie-in-biserica","status":"publish","type":"product","link":"https:\/\/dev.sbro.ro\/product\/tragedie-in-biserica\/","title":{"rendered":"Tragedie in Biserica"},"content":{"rendered":"<\/p>\n<p style=\"text-align: justify;\">\n<p><span style=\"font-size: large;\">Spunem c\u0103 avem toate privilegiile \u015fi responsabilit\u0103\u0163ile pe care le-au avut odat\u0103 credincio\u015fii de la Rusalii. Planul \u015fi promisiunile lui Dumnezeu pentru copiii Lui credincio\u015fi nu s-au diminuat nici m\u0103car pu\u0163in. Nic\u0103ieri \u00een Cuv\u00e2ntul lui Dumnezeu nu exist\u0103 vreun pasaj care s\u0103 poat\u0103 fi r\u0103st\u0103lm\u0103cit \u00een a\u015fa fel \u00eenc\u00e2t s\u0103 \u00eensemne c\u0103 Biserica vie, unitar\u0103 a lui Isus Cristos de dinaintea venirii Sale, nu va avea acelea\u015fi drepturi, aceea\u015fi putere \u015fi acelea\u015fi obliga\u0163ii pe care le-a avut \u015fi \u00een Ziua Cincizecimii. Eu unul, sunt hot\u0103r\u00e2t s\u0103 nu capitulez \u00een fa\u0163a vremurilor \u00een care tr\u0103im! Putem deveni de neclintit \u00een aceast\u0103 hot\u0103r\u00e2re. \u00cen puterea Duhului, trebuie s\u0103 spunem: \u201eNu cedez \u015fi nu voi ceda \u00een fa\u0163a vremurilor \u00een care tr\u0103iesc!\u201d Putem spune aceast lucru Domnului nostru, nou\u0103 \u00een\u015fine \u015fi, din c\u00e2nd \u00een c\u00e2nd, putem s-o spunem peste um\u0103r diavolului.<\/span><\/p>\n<p><span style=\"font-size: large;\">Nu este suficient ca o biseric\u0103 local\u0103 s\u0103 aib\u0103 doar o etichet\u0103 de ortodoxie. To\u0163i cei care \u00cel iubim pe Domnul nostru Isus Cristos ne confrunt\u0103m cu schimb\u0103ri majore \u00een perioada de dinaintea venirii Lui. Trebuie s\u0103 reexperiment\u0103m acel fel de trezire spiritual\u0103 care s\u0103 sf\u00e2r\u015feasc\u0103 \u00eentr-o nou\u0103 putere moral\u0103, \u00eentr-o nou\u0103 dorin\u0163\u0103 de separare de lume, o nou\u0103 cur\u0103\u0163ie de inim\u0103, o nou\u0103 rev\u0103rsare a darurilor Duhului Sf\u00e2nt al lui Dumnezeu.<\/span><\/p>\n","protected":false},"excerpt":{"rendered":"<p>Spunem c\u0103 avem toate privilegiile \u015fi responsabilit\u0103\u0163ile pe care le-au avut odat\u0103 credincio\u015fii de la Rusalii. Planul \u015fi promisiunile lui Dumnezeu pentru copiii Lui credincio\u015fi nu s-au diminuat nici m\u0103car pu\u0163in. Nic\u0103ieri \u00een Cuv\u00e2ntul lui Dumnezeu nu exist\u0103 vreun pasaj care s\u0103 poat\u0103 fi r\u0103st\u0103lm\u0103cit \u00een a\u015fa fel \u00eenc\u00e2t s\u0103 \u00eensemne c\u0103 Biserica vie, unitar\u0103 [&hellip;]<\/p>\n","protected":false},"featured_media":7859,"comment_status":"open","ping_status":"closed","template":"","meta":[],"product_brand":[],"product_cat":[71],"product_tag":[],"class_list":{"0":"post-2430","1":"product","2":"type-product","3":"status-publish","4":"has-post-thumbnail","6":"product_cat-misiologie","8":"first","9":"instock","10":"shipping-taxable","11":"purchasable","12":"product-type-simple"},"_links":{"self":[{"href":"https:\/\/dev.sbro.ro\/wp-json\/wp\/v2\/product\/2430","targetHints":{"allow":["GET"]}}],"collection":[{"href":"https:\/\/dev.sbro.ro\/wp-json\/wp\/v2\/product"}],"about":[{"href":"https:\/\/dev.sbro.ro\/wp-json\/wp\/v2\/types\/product"}],"replies":[{"embeddable":true,"href":"https:\/\/dev.sbro.ro\/wp-json\/wp\/v2\/comments?post=2430"}],"wp:featuredmedia":[{"embeddable":true,"href":"https:\/\/dev.sbro.ro\/wp-json\/wp\/v2\/media\/7859"}],"wp:attachment":[{"href":"https:\/\/dev.sbro.ro\/wp-json\/wp\/v2\/media?parent=2430"}],"wp:term":[{"taxonomy":"product_brand","embeddable":true,"href":"https:\/\/dev.sbro.ro\/wp-json\/wp\/v2\/product_brand?post=2430"},{"taxonomy":"product_cat","embeddable":true,"href":"https:\/\/dev.sbro.ro\/wp-json\/wp\/v2\/product_cat?post=2430"},{"taxonomy":"product_tag","embeddable":true,"href":"https:\/\/dev.sbro.ro\/wp-json\/wp\/v2\/product_tag?post=2430"}],"curies":[{"name":"wp","href":"https:\/\/api.w.org\/{rel}","templated":true}]}}