{"id":2488,"date":"2026-04-21T09:06:13","date_gmt":"2026-04-21T09:06:13","guid":{"rendered":"https:\/\/dev.sbro.ro\/?product=veniti-cei-insetati"},"modified":"2026-04-21T09:06:13","modified_gmt":"2026-04-21T09:06:13","slug":"veniti-cei-insetati","status":"publish","type":"product","link":"https:\/\/dev.sbro.ro\/product\/veniti-cei-insetati\/","title":{"rendered":"Veniti cei insetati"},"content":{"rendered":"<p style=\"text-align: justify;\">\u00a0<\/p>\n<p style=\"text-align: justify;\"><span style=\"font-size: large;\">Ai sorbit vreodat\u0103 dintr-o balt\u0103? Ai b\u0103ut din potopul vie\u0163ii? Exist\u0103  lucruri \u00een apa aceea pe care n-ar fi trebuit s\u0103 le bei niciodata.  Pastile? Ele s-ar putea s\u0103 \u00een\u0103bu\u015fe durerea, dar nu pot vindeca o inim\u0103.  Banii? Bine\u00een\u0163eles c\u0103 ei pot cump\u0103ra lucrurile necesare pentru  supravie\u0163uirea trupului t\u0103u, dar nu pot asigura nevoile sufletului t\u0103u.  Religia? S-ar putea s\u0103 lini\u015fteasc\u0103, dar nu poate satisface niciodat\u0103.  Activitatea bisericii ar putea ascunde setea, dar numai Cristos o poate  potoli. Nu t\u00e2nje\u015fti s\u0103 sco\u0163i din ascunz\u0103toare frica\u2026 anxietatea\u2026  vinov\u0103\u0163ia? Po\u0163i face asta. Toate sunt binevenite. Nu trebuie s\u0103 fii  bogat, religios sau plin de succes; este nevoie doar s\u0103 urmezi  instruc\u0163iunile referitoare la ce anume \u2013 sau mai bine, pe cine anume \u2013  s\u0103 bei. Pe El. De dragul celor care au nevoie de dragostea ta,  hidrateaz\u0103-\u0163i sufletul! Tine seama de setea ta. Bea ad\u00e2nc \u015fi frecvent.  \u00c5\u017ei din tine vor curge r\u00e2uri de ap\u0103 vie.<\/span><\/p>\n","protected":false},"excerpt":{"rendered":"<p>\u00a0 Ai sorbit vreodat\u0103 dintr-o balt\u0103? Ai b\u0103ut din potopul vie\u0163ii? Exist\u0103 lucruri \u00een apa aceea pe care n-ar fi trebuit s\u0103 le bei niciodata. Pastile? Ele s-ar putea s\u0103 \u00een\u0103bu\u015fe durerea, dar nu pot vindeca o inim\u0103. Banii? Bine\u00een\u0163eles c\u0103 ei pot cump\u0103ra lucrurile necesare pentru supravie\u0163uirea trupului t\u0103u, dar nu pot asigura nevoile [&hellip;]<\/p>\n","protected":false},"featured_media":7917,"comment_status":"open","ping_status":"closed","template":"","meta":[],"product_brand":[],"product_cat":[18],"product_tag":[],"class_list":{"0":"post-2488","1":"product","2":"type-product","3":"status-publish","4":"has-post-thumbnail","6":"product_cat-viata-crestina","8":"first","9":"instock","10":"shipping-taxable","11":"purchasable","12":"product-type-simple"},"_links":{"self":[{"href":"https:\/\/dev.sbro.ro\/wp-json\/wp\/v2\/product\/2488","targetHints":{"allow":["GET"]}}],"collection":[{"href":"https:\/\/dev.sbro.ro\/wp-json\/wp\/v2\/product"}],"about":[{"href":"https:\/\/dev.sbro.ro\/wp-json\/wp\/v2\/types\/product"}],"replies":[{"embeddable":true,"href":"https:\/\/dev.sbro.ro\/wp-json\/wp\/v2\/comments?post=2488"}],"wp:featuredmedia":[{"embeddable":true,"href":"https:\/\/dev.sbro.ro\/wp-json\/wp\/v2\/media\/7917"}],"wp:attachment":[{"href":"https:\/\/dev.sbro.ro\/wp-json\/wp\/v2\/media?parent=2488"}],"wp:term":[{"taxonomy":"product_brand","embeddable":true,"href":"https:\/\/dev.sbro.ro\/wp-json\/wp\/v2\/product_brand?post=2488"},{"taxonomy":"product_cat","embeddable":true,"href":"https:\/\/dev.sbro.ro\/wp-json\/wp\/v2\/product_cat?post=2488"},{"taxonomy":"product_tag","embeddable":true,"href":"https:\/\/dev.sbro.ro\/wp-json\/wp\/v2\/product_tag?post=2488"}],"curies":[{"name":"wp","href":"https:\/\/api.w.org\/{rel}","templated":true}]}}