{"id":2498,"date":"2026-04-21T09:06:14","date_gmt":"2026-04-21T09:06:14","guid":{"rendered":"https:\/\/dev.sbro.ro\/?product=biblie-mare-co77-ti"},"modified":"2026-04-21T09:06:14","modified_gmt":"2026-04-21T09:06:14","slug":"biblie-mare-co77-ti","status":"publish","type":"product","link":"https:\/\/dev.sbro.ro\/product\/biblie-mare-co77-ti\/","title":{"rendered":"Biblie mare CO77 TI"},"content":{"rendered":"<p>Biblia sau Sf\u00e2nta Scriptur\u0103 a Vechiului \u0219i Noului Testament cu trimiteri. Biblie mare, cu concordan\u021b\u0103 \u0219i explica\u021bii, \u00een piele f\u0103r\u0103 fermoar, cu margini aurii \u0219i index. Con\u021bine urm\u0103toarele materiale ajut\u0103toare: Explica\u021bii la fiecare carte a Bibliei Concordan\u021b\u0103 biblic\u0103 &#8211; 359 pagini Minunile Domnului Isus Pildele Domnului Isus Unit\u0103\u021bi de m\u0103sur\u0103 \u00een Biblie H\u0103r\u021bi<\/p>\n","protected":false},"excerpt":{"rendered":"<p>Biblia sau Sf\u00e2nta Scriptur\u0103 a Vechiului \u0219i Noului Testament cu trimiteri. Biblie mare, cu concordan\u021b\u0103 \u0219i explica\u021bii, \u00een piele f\u0103r\u0103 fermoar, cu margini aurii \u0219i index. Con\u021bine urm\u0103toarele materiale ajut\u0103toare: Explica\u021bii la fiecare carte a Bibliei Concordan\u021b\u0103 biblic\u0103 &#8211; 359 pagini Minunile Domnului Isus Pildele Domnului Isus Unit\u0103\u021bi de m\u0103sur\u0103 \u00een Biblie H\u0103r\u021bi<\/p>\n","protected":false},"featured_media":7927,"comment_status":"open","ping_status":"closed","template":"","meta":[],"product_brand":[],"product_cat":[90,73,27],"product_tag":[],"class_list":{"0":"post-2498","1":"product","2":"type-product","3":"status-publish","4":"has-post-thumbnail","6":"product_cat-biblie-cu-explicatii","7":"product_cat-biblie-mare","8":"product_cat-editie-de-lux","10":"first","11":"instock","12":"shipping-taxable","13":"purchasable","14":"product-type-simple"},"_links":{"self":[{"href":"https:\/\/dev.sbro.ro\/wp-json\/wp\/v2\/product\/2498","targetHints":{"allow":["GET"]}}],"collection":[{"href":"https:\/\/dev.sbro.ro\/wp-json\/wp\/v2\/product"}],"about":[{"href":"https:\/\/dev.sbro.ro\/wp-json\/wp\/v2\/types\/product"}],"replies":[{"embeddable":true,"href":"https:\/\/dev.sbro.ro\/wp-json\/wp\/v2\/comments?post=2498"}],"wp:featuredmedia":[{"embeddable":true,"href":"https:\/\/dev.sbro.ro\/wp-json\/wp\/v2\/media\/7927"}],"wp:attachment":[{"href":"https:\/\/dev.sbro.ro\/wp-json\/wp\/v2\/media?parent=2498"}],"wp:term":[{"taxonomy":"product_brand","embeddable":true,"href":"https:\/\/dev.sbro.ro\/wp-json\/wp\/v2\/product_brand?post=2498"},{"taxonomy":"product_cat","embeddable":true,"href":"https:\/\/dev.sbro.ro\/wp-json\/wp\/v2\/product_cat?post=2498"},{"taxonomy":"product_tag","embeddable":true,"href":"https:\/\/dev.sbro.ro\/wp-json\/wp\/v2\/product_tag?post=2498"}],"curies":[{"name":"wp","href":"https:\/\/api.w.org\/{rel}","templated":true}]}}