{"id":2501,"date":"2026-04-21T09:06:15","date_gmt":"2026-04-21T09:06:15","guid":{"rendered":"https:\/\/dev.sbro.ro\/?product=prin-har-pana-la-marginile-pamantului"},"modified":"2026-04-21T09:06:15","modified_gmt":"2026-04-21T09:06:15","slug":"prin-har-pana-la-marginile-pamantului","status":"publish","type":"product","link":"https:\/\/dev.sbro.ro\/?product=prin-har-pana-la-marginile-pamantului","title":{"rendered":"Prin har pana la marginile pamantului"},"content":{"rendered":"<p style=\"text-align: justify;\"><span style=\"font-size: large;\"> <\/span><\/p>\n<h2><span style=\"font-size: large;\">Accept\u0103-\u0163i zdrobirea \u015fi experimenteaz\u0103 atingerea lui Dumnezeu<\/span><\/h2>\n<p>\u00a0<\/p>\n<p style=\"text-align: justify;\"><span style=\"font-size: large;\">Via\u0163a este o combina\u0163ie uimitoare de victorii \u015fi \u00eenfr\u00e2ngeri, de  succese \u015fi e\u015fecuri, de bucurie \u015fi durere, de pace \u015fi lupte, de fericire  \u015fi zdrobire. Dar via\u0163a \u00een Isus ne asigur\u0103 biruin\u0163a final\u0103 asupra tuturor  lucrurilor. Aceast\u0103 carte relateaz\u0103 \u015fi evalueaz\u0103 modul \u00een care, \u00een  ciuda tuturor sui\u015furilor \u015fi cobor\u00e2\u015furilor, vie\u0163ile care \u00cei sunt dedicate  lui Isus \u00ee\u015fi pot continua cursul, urm\u00e2nd scopurile Sale.<\/span><\/p>\n<p style=\"text-align: justify;\">\u00a0<\/p>\n<p style=\"text-align: justify;\"><span style=\"font-size: large;\">\u201eTrebuie s\u0103 ne continu\u0103m alergarea, av\u00e2nd  privirea a\u0163intit\u0103 spre M\u00e2ntuitorul, Domnul Isus Cristos. Haide\u0163i s\u0103  accept\u0103m suferin\u0163a \u015fi durerea \u015fi s\u0103 le permitem s\u0103 ne fac\u0103 oameni mai  buni pentru gloria Lui\u201d, spune George Verwer, d\u00e2nd multe exemple din  via\u0163a sa real\u0103 \u015fi din cei 52 de ani de lucrare.<\/span><\/p>\n","protected":false},"excerpt":{"rendered":"<p>Accept\u0103-\u0163i zdrobirea \u015fi experimenteaz\u0103 atingerea lui Dumnezeu \u00a0 Via\u0163a este o combina\u0163ie uimitoare de victorii \u015fi \u00eenfr\u00e2ngeri, de succese \u015fi e\u015fecuri, de bucurie \u015fi durere, de pace \u015fi lupte, de fericire \u015fi zdrobire. Dar via\u0163a \u00een Isus ne asigur\u0103 biruin\u0163a final\u0103 asupra tuturor lucrurilor. Aceast\u0103 carte relateaz\u0103 \u015fi evalueaz\u0103 modul \u00een care, \u00een ciuda tuturor [&hellip;]<\/p>\n","protected":false},"featured_media":7930,"comment_status":"open","ping_status":"closed","template":"","meta":[],"product_brand":[],"product_cat":[18],"product_tag":[],"class_list":{"0":"post-2501","1":"product","2":"type-product","3":"status-publish","4":"has-post-thumbnail","6":"product_cat-viata-crestina","8":"first","9":"instock","10":"shipping-taxable","11":"purchasable","12":"product-type-simple"},"_links":{"self":[{"href":"https:\/\/dev.sbro.ro\/index.php?rest_route=\/wp\/v2\/product\/2501","targetHints":{"allow":["GET"]}}],"collection":[{"href":"https:\/\/dev.sbro.ro\/index.php?rest_route=\/wp\/v2\/product"}],"about":[{"href":"https:\/\/dev.sbro.ro\/index.php?rest_route=\/wp\/v2\/types\/product"}],"replies":[{"embeddable":true,"href":"https:\/\/dev.sbro.ro\/index.php?rest_route=%2Fwp%2Fv2%2Fcomments&post=2501"}],"wp:featuredmedia":[{"embeddable":true,"href":"https:\/\/dev.sbro.ro\/index.php?rest_route=\/wp\/v2\/media\/7930"}],"wp:attachment":[{"href":"https:\/\/dev.sbro.ro\/index.php?rest_route=%2Fwp%2Fv2%2Fmedia&parent=2501"}],"wp:term":[{"taxonomy":"product_brand","embeddable":true,"href":"https:\/\/dev.sbro.ro\/index.php?rest_route=%2Fwp%2Fv2%2Fproduct_brand&post=2501"},{"taxonomy":"product_cat","embeddable":true,"href":"https:\/\/dev.sbro.ro\/index.php?rest_route=%2Fwp%2Fv2%2Fproduct_cat&post=2501"},{"taxonomy":"product_tag","embeddable":true,"href":"https:\/\/dev.sbro.ro\/index.php?rest_route=%2Fwp%2Fv2%2Fproduct_tag&post=2501"}],"curies":[{"name":"wp","href":"https:\/\/api.w.org\/{rel}","templated":true}]}}