{"id":2525,"date":"2026-04-21T09:06:17","date_gmt":"2026-04-21T09:06:17","guid":{"rendered":"https:\/\/dev.sbro.ro\/?product=viata-care-se-revarsa"},"modified":"2026-04-21T09:06:17","modified_gmt":"2026-04-21T09:06:17","slug":"viata-care-se-revarsa","status":"publish","type":"product","link":"https:\/\/dev.sbro.ro\/product\/viata-care-se-revarsa\/","title":{"rendered":"Viata care se revarsa"},"content":{"rendered":"<p style=\"text-align: justify;\"><span style=\"font-size: large;\">CUPRINS<\/span><br \/><span style=\"font-size: large;\"> Introducere<\/span><br \/><span style=\"font-size: large;\"> Adev\u0103ratul scop al vie\u0163ii<\/span><br \/><span style=\"font-size: large;\"> A ne pierde via\u0163a sufletului<\/span><br \/><span style=\"font-size: large;\"> Neajungerea la \u0163int\u0103<\/span><br \/><span style=\"font-size: large;\"> Via\u0163a ve\u015fnic\u0103<\/span><br \/><span style=\"font-size: large;\"> Via\u0163a spiritual\u0103<\/span><br \/><span style=\"font-size: large;\"> Via\u0163a lui Cristos<\/span><br \/><span style=\"font-size: large;\"> Cristos pentru mintea noastr\u0103<\/span><br \/><span style=\"font-size: large;\"> O via\u0163\u0103 fizic\u0103 superioar\u0103<\/span><br \/><span style=\"font-size: large;\"> Via\u0163a umplut\u0103 de Duhul<\/span><br \/><span style=\"font-size: large;\"> Via\u0163a de \u00eenviere<\/span><br \/><span style=\"font-size: large;\"> Vie\u0163i transformate<\/span><br \/><span style=\"font-size: large;\"> Vie\u0163i iradiante<\/span><br \/><span style=\"font-size: large;\"> Via\u0163a \u00eenving\u0103toare<\/span><br \/><span style=\"font-size: large;\"> Mai mult dec\u00e2t \u00eenving\u0103tori<\/span><br \/><span style=\"font-size: large;\"> Folos din \u00eencercare<\/span><br \/><span style=\"font-size: large;\"> Folos din \u00eentristare<\/span><br \/><span style=\"font-size: large;\"> Folos din orice \u00eemprejur\u0103ri<\/span><br \/><span style=\"font-size: large;\"> Folos din leg\u0103turile cu oamenii<\/span><br \/><span style=\"font-size: large;\"> Folosind orice \u00eemprejurare \u00een slujba lui Dumnezeu<\/span><br \/><span style=\"font-size: large;\"> O \u00eendoit\u0103 m\u0103sur\u0103<\/span><br \/><span style=\"font-size: large;\"> Mo\u015ftenirea lui Caleb<\/span><br \/><span style=\"font-size: large;\"> Adev\u0103rata m\u0103re\u0163ie<\/span><br \/><span style=\"font-size: large;\"> Ultimele fort\u0103re\u0163e<\/span><br \/><span style=\"font-size: large;\"> Rug\u0103ciunea eficient\u0103<\/span><br \/><span style=\"font-size: large;\"> \u00cencercarea credin\u0163ei<\/span><br \/><span style=\"font-size: large;\"> C\u00e2t de mare este Dumnezeul t\u0103u?<\/span><br \/><span style=\"font-size: large;\"> O viziune mai mare<\/span><br \/><span style=\"font-size: large;\"> O mare ambi\u0163ie<\/span><br \/><span style=\"font-size: large;\"> Tr\u0103ind Biblia<\/span><br \/><span style=\"font-size: large;\"> Cuv\u00e2ntul de laud\u0103 al St\u0103p\u00e2nului<\/span><\/p>\n","protected":false},"excerpt":{"rendered":"<p>CUPRINS Introducere Adev\u0103ratul scop al vie\u0163ii A ne pierde via\u0163a sufletului Neajungerea la \u0163int\u0103 Via\u0163a ve\u015fnic\u0103 Via\u0163a spiritual\u0103 Via\u0163a lui Cristos Cristos pentru mintea noastr\u0103 O via\u0163\u0103 fizic\u0103 superioar\u0103 Via\u0163a umplut\u0103 de Duhul Via\u0163a de \u00eenviere Vie\u0163i transformate Vie\u0163i iradiante Via\u0163a \u00eenving\u0103toare Mai mult dec\u00e2t \u00eenving\u0103tori Folos din \u00eencercare Folos din \u00eentristare Folos din orice [&hellip;]<\/p>\n","protected":false},"featured_media":7954,"comment_status":"open","ping_status":"closed","template":"","meta":[],"product_brand":[],"product_cat":[18],"product_tag":[],"class_list":{"0":"post-2525","1":"product","2":"type-product","3":"status-publish","4":"has-post-thumbnail","6":"product_cat-viata-crestina","8":"first","9":"instock","10":"shipping-taxable","11":"purchasable","12":"product-type-simple"},"_links":{"self":[{"href":"https:\/\/dev.sbro.ro\/wp-json\/wp\/v2\/product\/2525","targetHints":{"allow":["GET"]}}],"collection":[{"href":"https:\/\/dev.sbro.ro\/wp-json\/wp\/v2\/product"}],"about":[{"href":"https:\/\/dev.sbro.ro\/wp-json\/wp\/v2\/types\/product"}],"replies":[{"embeddable":true,"href":"https:\/\/dev.sbro.ro\/wp-json\/wp\/v2\/comments?post=2525"}],"wp:featuredmedia":[{"embeddable":true,"href":"https:\/\/dev.sbro.ro\/wp-json\/wp\/v2\/media\/7954"}],"wp:attachment":[{"href":"https:\/\/dev.sbro.ro\/wp-json\/wp\/v2\/media?parent=2525"}],"wp:term":[{"taxonomy":"product_brand","embeddable":true,"href":"https:\/\/dev.sbro.ro\/wp-json\/wp\/v2\/product_brand?post=2525"},{"taxonomy":"product_cat","embeddable":true,"href":"https:\/\/dev.sbro.ro\/wp-json\/wp\/v2\/product_cat?post=2525"},{"taxonomy":"product_tag","embeddable":true,"href":"https:\/\/dev.sbro.ro\/wp-json\/wp\/v2\/product_tag?post=2525"}],"curies":[{"name":"wp","href":"https:\/\/api.w.org\/{rel}","templated":true}]}}