{"id":2635,"date":"2026-04-21T09:06:29","date_gmt":"2026-04-21T09:06:29","guid":{"rendered":"https:\/\/dev.sbro.ro\/?product=nestemate-de-mare-pret"},"modified":"2026-04-21T09:06:29","modified_gmt":"2026-04-21T09:06:29","slug":"nestemate-de-mare-pret","status":"publish","type":"product","link":"https:\/\/dev.sbro.ro\/?product=nestemate-de-mare-pret","title":{"rendered":"Nestemate de mare pret"},"content":{"rendered":"<p style=\"margin-bottom: 0in; text-align: justify;\"><span style=\"font-family: Verdana; font-size: large;\">Dac\u0103 suferin\u0163ele lui Cristos, care S-a smerit \u015fi a devenit ascult\u0103tor p\u00e2n\u0103 la moarte \u2013 moartea de cruce \u2013, ar fi ad\u00e2nc \u00eentip\u0103rite \u00een inima mea, a\u015f vedea c\u0103 cel mai mare du\u015fman al meu este m\u00e2ndria, \u00een special m\u00e2ndria \u00een\u0163elepciunii \u015fi m\u00e2ndria drept\u0103\u0163ii. I-a\u015f porunci sufletului meu, a\u015fa cum a f\u0103cut \u00eemp\u0103ratul Siriei cu c\u0103peteniile lui: \u201eS\u0103 nu v\u0103 lupta\u0163i nici cu cei mici, nici cu cei mari, ci s\u0103 v\u0103 lupta\u0163i numai cu \u00eemp\u0103ratul lui Israel\u201d (1 \u00cemp\u0103ra\u0163i 22:31). \u00cen lupta sufletului meu, odat\u0103 ce am ajuns s\u0103 supun m\u00e2ndria, toate celelalte p\u0103cate vor fi \u0163inute \u00een lan\u0163uri.<\/span><\/p>\n<p style=\"margin-bottom: 0in; text-align: justify;\"><span style=\"font-family: Verdana; font-size: large;\"><br \/><\/span><\/p>\n<p style=\"margin-bottom: 0in; text-align: justify;\"><span style=\"font-family: Verdana; font-size: large;\">Am face bine s\u0103 ne amintim c\u0103 Dumnezeu este la fel de credincios avertismentelor Lui legate de m\u00e2nie \u015fi blestem cum este \u015fi promisiunilor Lui legate de har. Noi ni le \u00eensu\u015fim pe acestea din urm\u0103 pentru propria noastr\u0103 m\u00e2ng\u00e2iere, dar ar trebui, de asemenea, s\u0103 cuget\u0103m cu seriozitate la primele, pentru o cunoa\u015ftere matur\u0103 \u015fi deplin\u0103 a lui Dumnezeu.<\/span><\/p>\n","protected":false},"excerpt":{"rendered":"<p>Dac\u0103 suferin\u0163ele lui Cristos, care S-a smerit \u015fi a devenit ascult\u0103tor p\u00e2n\u0103 la moarte \u2013 moartea de cruce \u2013, ar fi ad\u00e2nc \u00eentip\u0103rite \u00een inima mea, a\u015f vedea c\u0103 cel mai mare du\u015fman al meu este m\u00e2ndria, \u00een special m\u00e2ndria \u00een\u0163elepciunii \u015fi m\u00e2ndria drept\u0103\u0163ii. I-a\u015f porunci sufletului meu, a\u015fa cum a f\u0103cut \u00eemp\u0103ratul Siriei cu [&hellip;]<\/p>\n","protected":false},"featured_media":8064,"comment_status":"open","ping_status":"closed","template":"","meta":[],"product_brand":[],"product_cat":[18],"product_tag":[],"class_list":{"0":"post-2635","1":"product","2":"type-product","3":"status-publish","4":"has-post-thumbnail","6":"product_cat-viata-crestina","8":"first","9":"instock","10":"shipping-taxable","11":"purchasable","12":"product-type-simple"},"_links":{"self":[{"href":"https:\/\/dev.sbro.ro\/index.php?rest_route=\/wp\/v2\/product\/2635","targetHints":{"allow":["GET"]}}],"collection":[{"href":"https:\/\/dev.sbro.ro\/index.php?rest_route=\/wp\/v2\/product"}],"about":[{"href":"https:\/\/dev.sbro.ro\/index.php?rest_route=\/wp\/v2\/types\/product"}],"replies":[{"embeddable":true,"href":"https:\/\/dev.sbro.ro\/index.php?rest_route=%2Fwp%2Fv2%2Fcomments&post=2635"}],"wp:featuredmedia":[{"embeddable":true,"href":"https:\/\/dev.sbro.ro\/index.php?rest_route=\/wp\/v2\/media\/8064"}],"wp:attachment":[{"href":"https:\/\/dev.sbro.ro\/index.php?rest_route=%2Fwp%2Fv2%2Fmedia&parent=2635"}],"wp:term":[{"taxonomy":"product_brand","embeddable":true,"href":"https:\/\/dev.sbro.ro\/index.php?rest_route=%2Fwp%2Fv2%2Fproduct_brand&post=2635"},{"taxonomy":"product_cat","embeddable":true,"href":"https:\/\/dev.sbro.ro\/index.php?rest_route=%2Fwp%2Fv2%2Fproduct_cat&post=2635"},{"taxonomy":"product_tag","embeddable":true,"href":"https:\/\/dev.sbro.ro\/index.php?rest_route=%2Fwp%2Fv2%2Fproduct_tag&post=2635"}],"curies":[{"name":"wp","href":"https:\/\/api.w.org\/{rel}","templated":true}]}}