{"id":2680,"date":"2026-04-21T09:06:35","date_gmt":"2026-04-21T09:06:35","guid":{"rendered":"https:\/\/dev.sbro.ro\/?product=biblie-medie-052"},"modified":"2026-04-21T09:06:35","modified_gmt":"2026-04-21T09:06:35","slug":"biblie-medie-052","status":"publish","type":"product","link":"https:\/\/dev.sbro.ro\/product\/biblie-medie-052\/","title":{"rendered":"Biblie medie 052"},"content":{"rendered":"<p>Biblia sau Sf\u00e2nta Scriptur\u0103 a Vechiului \u0219i Noului Testament cu trimiteri. Biblie medie, copert\u0103 moale, margini aurii. Con\u021bine urm\u0103toarele materiale ajut\u0103toare: Plan de citire a Bibliei \u00eentr-un an Dic\u021bionar de cuvinte Lista de cuvinte care au fost corectate conform normelor ortografice actuale Minunile Domnului Isus Pildele Domnului Isus Unit\u0103\u021bi de m\u0103sur\u0103 \u00een Biblie H\u0103r\u021bi<\/p>\n","protected":false},"excerpt":{"rendered":"<p>Biblia sau Sf\u00e2nta Scriptur\u0103 a Vechiului \u0219i Noului Testament cu trimiteri. Biblie medie, copert\u0103 moale, margini aurii. Con\u021bine urm\u0103toarele materiale ajut\u0103toare: Plan de citire a Bibliei \u00eentr-un an Dic\u021bionar de cuvinte Lista de cuvinte care au fost corectate conform normelor ortografice actuale Minunile Domnului Isus Pildele Domnului Isus Unit\u0103\u021bi de m\u0103sur\u0103 \u00een Biblie H\u0103r\u021bi<\/p>\n","protected":false},"featured_media":0,"comment_status":"open","ping_status":"closed","template":"","meta":[],"product_brand":[],"product_cat":[7,6,72],"product_tag":[],"class_list":{"0":"post-2680","1":"product","2":"type-product","3":"status-publish","5":"product_cat-biblie-mijlocie","6":"product_cat-editie-economica","7":"product_cat-reduceri","9":"first","10":"instock","11":"shipping-taxable","12":"purchasable","13":"product-type-simple"},"_links":{"self":[{"href":"https:\/\/dev.sbro.ro\/wp-json\/wp\/v2\/product\/2680","targetHints":{"allow":["GET"]}}],"collection":[{"href":"https:\/\/dev.sbro.ro\/wp-json\/wp\/v2\/product"}],"about":[{"href":"https:\/\/dev.sbro.ro\/wp-json\/wp\/v2\/types\/product"}],"replies":[{"embeddable":true,"href":"https:\/\/dev.sbro.ro\/wp-json\/wp\/v2\/comments?post=2680"}],"wp:attachment":[{"href":"https:\/\/dev.sbro.ro\/wp-json\/wp\/v2\/media?parent=2680"}],"wp:term":[{"taxonomy":"product_brand","embeddable":true,"href":"https:\/\/dev.sbro.ro\/wp-json\/wp\/v2\/product_brand?post=2680"},{"taxonomy":"product_cat","embeddable":true,"href":"https:\/\/dev.sbro.ro\/wp-json\/wp\/v2\/product_cat?post=2680"},{"taxonomy":"product_tag","embeddable":true,"href":"https:\/\/dev.sbro.ro\/wp-json\/wp\/v2\/product_tag?post=2680"}],"curies":[{"name":"wp","href":"https:\/\/api.w.org\/{rel}","templated":true}]}}