{"id":2703,"date":"2026-04-21T09:06:36","date_gmt":"2026-04-21T09:06:36","guid":{"rendered":"https:\/\/dev.sbro.ro\/?product=mary-jones-si-biblia-ei"},"modified":"2026-04-21T09:06:36","modified_gmt":"2026-04-21T09:06:36","slug":"mary-jones-si-biblia-ei","status":"publish","type":"product","link":"https:\/\/dev.sbro.ro\/product\/mary-jones-si-biblia-ei\/","title":{"rendered":"Mary Jones si Biblia ei"},"content":{"rendered":"<p class=\"product-description description\" style=\"text-align: justify;\"><span style=\"font-size: large;\">Marele vis de a avea o Biblie \u015fi de a putea citi \u00een ea, \u00eentr-o vreme c\u00e2nd ele erau a\u015fa de rare \u015fi de scumpe, scot la iveal\u0103 \u00een aceast\u0103 istorisire captivant\u0103, curajul, perseveren\u0163a \u015fi remarcabila viziune misionar\u0103 a eroinei Mary Jones.<\/span><\/p>\n<p class=\"product-description description\" style=\"text-align: justify;\">\n<span style=\"font-size: large;\">\u201eDac\u0103 prive\u015fti la o ghind\u0103 mic\u0103, este greu s\u0103-\u0163i imaginezi un stejar falnic de dou\u0103 sute de ani \u015fi astfel s\u0103-\u0163i dai seama de bog\u0103\u0163ia ascuns\u0103 \u015fi de puterea concentrat\u0103 \u00een ghind\u0103.\u201d Micu\u0163a eroin\u0103, Mary Jones, s-a n\u0103scut \u00eentr-o familie de \u0163es\u0103tori din \u00c5\u00a2ara Galilor, a tr\u0103it \u00een simplitate \u015fi modestie, \u00eens\u0103 \u00een sufletul ei s-a n\u0103scut dorul fierbinte de a avea o Biblie \u015fi de a putea citi \u00een ea. Timp de \u015fase ani a adunat fiecare b\u0103nu\u0163 pentru a-\u015fi putea \u00eemplini visul, angaj\u00e2ndu-se chiar \u00eentr-o lung\u0103 c\u0103l\u0103torie pe jos de peste 50 de mile. Via\u0163a ei \u00eentreag\u0103 a fost marcat\u0103 de \u00eenv\u0103\u0163\u0103turile Bibliei, transform\u00e2nd-o \u00eentr-o mare binecuv\u00e2ntare pentru cei din jurul ei. Contribu\u0163ia ei la \u00eenfiin\u0163area Societ\u0103\u0163ii Biblice ce avea \u00een vedere r\u0103sp\u00e2ndirea Cuv\u00e2ntului lui Dumnezeu \u00een lume \u015fi motiva\u0163ia dat\u0103 de dorul nespus al sufletului ei de a vedea tot mai mul\u0163i oameni ie\u015find din \u00eentuneric au format \u00een Mary Jones un caracter nobil, demn de urmat. Istoricul Kenneth Latourette spunea \u00een acest sens: \u201eOdat\u0103 cu trecerea secolelor se adun\u0103 tot mai multe dovezi cu privire la faptul c\u0103, m\u0103surat dup\u0103 efectele pe care le-a produs \u00een istorie, Isus a tr\u0103it via\u0163a cea mai influent\u0103 din c\u00e2te s-au tr\u0103it vreodat\u0103 pe aceast\u0103 planet\u0103 \u015fi aceast\u0103 influen\u0163\u0103 pare a fi \u00een continu\u0103 cre\u015ftere.\u201d <\/span><\/p>\n","protected":false},"excerpt":{"rendered":"<p>Marele vis de a avea o Biblie \u015fi de a putea citi \u00een ea, \u00eentr-o vreme c\u00e2nd ele erau a\u015fa de rare \u015fi de scumpe, scot la iveal\u0103 \u00een aceast\u0103 istorisire captivant\u0103, curajul, perseveren\u0163a \u015fi remarcabila viziune misionar\u0103 a eroinei Mary Jones. \u201eDac\u0103 prive\u015fti la o ghind\u0103 mic\u0103, este greu s\u0103-\u0163i imaginezi un stejar falnic [&hellip;]<\/p>\n","protected":false},"featured_media":8130,"comment_status":"open","ping_status":"closed","template":"","meta":[],"product_brand":[],"product_cat":[8],"product_tag":[],"class_list":{"0":"post-2703","1":"product","2":"type-product","3":"status-publish","4":"has-post-thumbnail","6":"product_cat-carti","8":"first","9":"instock","10":"shipping-taxable","11":"purchasable","12":"product-type-simple"},"_links":{"self":[{"href":"https:\/\/dev.sbro.ro\/wp-json\/wp\/v2\/product\/2703","targetHints":{"allow":["GET"]}}],"collection":[{"href":"https:\/\/dev.sbro.ro\/wp-json\/wp\/v2\/product"}],"about":[{"href":"https:\/\/dev.sbro.ro\/wp-json\/wp\/v2\/types\/product"}],"replies":[{"embeddable":true,"href":"https:\/\/dev.sbro.ro\/wp-json\/wp\/v2\/comments?post=2703"}],"wp:featuredmedia":[{"embeddable":true,"href":"https:\/\/dev.sbro.ro\/wp-json\/wp\/v2\/media\/8130"}],"wp:attachment":[{"href":"https:\/\/dev.sbro.ro\/wp-json\/wp\/v2\/media?parent=2703"}],"wp:term":[{"taxonomy":"product_brand","embeddable":true,"href":"https:\/\/dev.sbro.ro\/wp-json\/wp\/v2\/product_brand?post=2703"},{"taxonomy":"product_cat","embeddable":true,"href":"https:\/\/dev.sbro.ro\/wp-json\/wp\/v2\/product_cat?post=2703"},{"taxonomy":"product_tag","embeddable":true,"href":"https:\/\/dev.sbro.ro\/wp-json\/wp\/v2\/product_tag?post=2703"}],"curies":[{"name":"wp","href":"https:\/\/api.w.org\/{rel}","templated":true}]}}