{"id":2735,"date":"2026-04-21T09:06:40","date_gmt":"2026-04-21T09:06:40","guid":{"rendered":"https:\/\/dev.sbro.ro\/?product=rasunetul-secerisului-rolul-muzicii-in-biserica-si-cultura"},"modified":"2026-04-21T09:06:40","modified_gmt":"2026-04-21T09:06:40","slug":"rasunetul-secerisului-rolul-muzicii-in-biserica-si-cultura","status":"publish","type":"product","link":"https:\/\/dev.sbro.ro\/product\/rasunetul-secerisului-rolul-muzicii-in-biserica-si-cultura\/","title":{"rendered":"R\u0103sunetul seceri\u0219ului. Rolul muzicii \u00een biseric\u0103 \u0219i cultur\u0103"},"content":{"rendered":"<p style=\"text-align: justify;\">\n<div>\n<p><span style=\"font-size: large;\">J. Nathan Corbitt este muzicolog \u015fi strateg \u00een arta comunic\u0103rii (o persoan\u0103 responsabil\u0103 de a g\u0103si cele mai bune metode de comunicare, pentru ca mesajul inten\u0163ionat de emi\u0163\u0103tor s\u0103 ajung\u0103 \u00een condi\u0163ii optime \u015fi s\u0103 fie recep\u0163ionat ca atare de receptor), \u015fi-a ob\u0163inut doctoratul \u00een arte muzicale la Seminarul Teologic Baptist de Sud.<\/span><\/p>\n<p><span style=\"font-size: large;\">Printre studiile sale post-doctorale se inclus: lingvistica, antropologia, rolul autorit\u0103\u0163ii \u00een via\u0163a individului \u015fi a colectivit\u0103\u0163ii, respectiv studii de cercetare \u00een domeniul comunic\u0103rii transculturale.<\/span><\/p>\n<p><span style=\"font-family: arial,helvetica,sans-serif; font-size: large;\"> <\/span><\/p>\n<p><span style=\"font-size: large;\">Dr. Corbitt a slujit at\u00e2t ca muzicolog, c\u00e2t \u015fi ca strateg \u00een comunicare transcultural\u0103 \u00een Africa de Sud \u015fi de Est \u00eentre anii 1982 \u015fi 1992. Acolo a fost implicat \u00een mai multe misiuni \u015fi a condus un centru multina\u0163ional de media. \u00centre anii 1994-2000 a fost \u015feful departamentului de arte ale comunic\u0103rii din cadrul Universit\u0103\u0163ii de est din Pennsylvania. \u00cen anul 2000 a fost cofondator al organiza\u0163iei non-profit BuildaBridge International, o organiza\u0163ie de educare transcultural\u0103 prin intermediul artelor, angajat\u0103 s\u0103 foloseasc\u0103 artele \u00een diverse domenii, de la educa\u0163ie la s\u0103n\u0103tate \u015fi la armonia \u00een rela\u0163iile sociale, av\u00e2nd ca public \u0163int\u0103 \u00een principal comunit\u0103\u0163ile vulnerabile din mediile urbane.<\/span><\/p>\n<p><span style=\"font-size: large;\">Dr. Corbitt este autorul lucr\u0103rii <em>R\u0103sunetul seceri\u015fului,<\/em> o carte \u00een care experien\u0163a transcultural\u0103 a autorului \u00ee\u015fi spune cuv\u00e2ntul. Dr. Corbitt abordeaz\u0103 \u00een lucrarea aceasta tema muzicii sau altfel spus <em>spinul <\/em>bisericilor evanghelice. Cartea ne lanseaz\u0103 provocarea de a vedea muzica din diferite puncte de vedere \u015fi prin diferite \u201cperechi de ochi\u201d. Adic\u0103 pe l\u00e2ng\u0103 trasarea unor caracteristici generale \u00een ce prive\u015fte genurile muzicale, dr. Nathan Corbitt ne transport\u0103 oarecum \u00een varii contexte geografice \u015fi sociale pentru a vedea rolul \u015fi impactul muzicii asupra celor care o c\u00e2nt\u0103 sau o ascult\u0103. Muzica desf\u0103\u015foar\u0103 o misiune holistic\u0103, afirm\u0103 autorul Nathan Corbitt, ea are rol de preot, de profet, de vestitor, de vindec\u0103tor, de \u00eenv\u0103\u0163\u0103tor \u015fi chiar de predicator. Se subliniaz\u0103 un lucru esen\u0163ial \u00een ce prive\u015fte muzica, \u015fi anume faptul c\u0103 ea este str\u00e2ns legat\u0103 de poporul \u015fi cultura din care izvor\u0103\u015fte, pentru c\u0103 prin ea oamenii dau glas tr\u0103irilor, aspira\u0163iilor, bucuriilor \u015fi triste\u0163ilor lor. \u00cen contextul bisericesc muzica are o mare pondere, iar autorul ne atrage aten\u0163ia \u015fi ne ajut\u0103 s\u0103 descoperim c\u0103 fiecare cre\u015ftin are un mandat \u201clevitic\u201d. \u00cen prefa\u0163a c\u0103r\u0163ii <em>R\u0103sunetul seceri\u015fului<\/em>, Nathan Corbitt spune: \u201cChemarea cre\u015ftinului este s\u0103 \u00eengrijeasc\u0103 de aceast\u0103 gr\u0103din\u0103 muzical\u0103 a \u00cemp\u0103r\u0103\u0163iei a\u015fa cum ar face Tat\u0103l ceresc, c\u0103ruia \u00cei pas\u0103 la fel de mult de inimile oamenilor, cum \u00cei pas\u0103 \u015fi de trupurile \u00een care acestea s\u0103l\u0103\u015fluiesc \u015fi care locuiesc \u00een pie\u0163ele \u015fi pe str\u0103zile cet\u0103\u0163ii.\u201d<\/span><\/p>\n<p><span style=\"font-size: large;\"><em>R\u0103sunetul seceri\u015fului<\/em> \u00eendep\u0103rteaz\u0103 marama prejudec\u0103\u0163ilor de pe fa\u0163a cititorului \u015fi \u00eel ajut\u0103 s\u0103 vad\u0103 mai clar puterea pe care o are muzica \u00een via\u0163a individului. De asemenea ne con\u015ftientizeaz\u0103 de marea r\u0103spundere a muzicantului at\u00e2t fa\u0163\u0103 de auditoriul vizibil, c\u00e2t \u015fi fa\u0163\u0103 de cel invizibil, respectiv de r\u0103spunderea fiec\u0103rui ascult\u0103tor fa\u0163\u0103 de interpre\u0163i \u015fi fa\u0163\u0103 de ceilal\u0163i participan\u0163i la evenimentul muzical. Dar poate cel mai mare atuu al c\u0103r\u0163ii acesteia este faptul c\u0103 ofer\u0103 r\u0103spuns unei \u00eentreb\u0103ri ce fr\u0103m\u00e2nt\u0103 de mult\u0103 vreme mintea noastr\u0103 a cre\u015ftinilor \u015fi anume: \u201cAv\u00e2nd \u00een vedere c\u0103 muzica este omniprezent\u0103 \u015fi c\u0103 o \u00eent\u00e2lnim sub multe forme, oare muzica celor care se numesc cre\u015ftini are ceva diferit, unic, ba poate chiar sf\u00e2nt? Are ea ceva aparte? Cum putem \u015fti care este cea mai bun\u0103 muzic\u0103 cre\u015ftin\u0103?\u201d<\/span><\/p>\n<p><span style=\"font-size: large;\">Putem spune c\u0103 lucrarea <em>R\u0103sunetul seceri\u015fului<\/em> semnat\u0103 de Nathan Corbitt nu se adreseaz\u0103 exclusiv celor implica\u0163i \u00een lucrarea muzical\u0103, ci ea ne are \u00een vedere pe oricare dintre noi, care particip\u0103m \u00een mod activ la via\u0163a comunit\u0103\u0163ilor din care facem parte, fie c\u0103 suntem sau nu con\u015ftien\u0163i de acest fapt. Muzicienii de toate v\u00e2rstele \u015fi genurile muzicale, de la tinerii care sunt implica\u0163i la nivel micro, \u00een bisericile din care fac parte sau \u00een diferite alte forma\u0163ii muzicale, p\u00e2n\u0103 la muzicienii consacra\u0163i, vor g\u0103si \u00een volumul de fa\u0163\u0103 o unealt\u0103 minunat\u0103 de lucru, \u00ee\u015fi vor putea formula mult mai bine programele muzicale inten\u0163ionate \u015fi evident \u00ee\u015fi vor putea verifica mult mai u\u015for motiva\u0163iile personale \u00een ce prive\u015fte implicarea lor \u00een via\u0163a muzical\u0103. De asemenea, ascult\u0103torii g\u0103sesc r\u0103spunsuri legat de a\u015ftept\u0103rile pe care le au de la cei afla\u0163i pe scen\u0103, respectiv afl\u0103 care le sunt propriile responsabilit\u0103\u0163i ca muzica s\u0103-\u015fi poat\u0103 atinge cu adev\u0103rat scopul ei nativ.<\/span><\/p>\n<\/div>\n","protected":false},"excerpt":{"rendered":"<p>J. Nathan Corbitt este muzicolog \u015fi strateg \u00een arta comunic\u0103rii (o persoan\u0103 responsabil\u0103 de a g\u0103si cele mai bune metode de comunicare, pentru ca mesajul inten\u0163ionat de emi\u0163\u0103tor s\u0103 ajung\u0103 \u00een condi\u0163ii optime \u015fi s\u0103 fie recep\u0163ionat ca atare de receptor), \u015fi-a ob\u0163inut doctoratul \u00een arte muzicale la Seminarul Teologic Baptist de Sud. Printre studiile [&hellip;]<\/p>\n","protected":false},"featured_media":8162,"comment_status":"open","ping_status":"closed","template":"","meta":[],"product_brand":[],"product_cat":[10,59],"product_tag":[],"class_list":{"0":"post-2735","1":"product","2":"type-product","3":"status-publish","4":"has-post-thumbnail","6":"product_cat-editura-metanoia","7":"product_cat-muzica-si-inchinare","9":"first","10":"instock","11":"shipping-taxable","12":"purchasable","13":"product-type-simple"},"_links":{"self":[{"href":"https:\/\/dev.sbro.ro\/wp-json\/wp\/v2\/product\/2735","targetHints":{"allow":["GET"]}}],"collection":[{"href":"https:\/\/dev.sbro.ro\/wp-json\/wp\/v2\/product"}],"about":[{"href":"https:\/\/dev.sbro.ro\/wp-json\/wp\/v2\/types\/product"}],"replies":[{"embeddable":true,"href":"https:\/\/dev.sbro.ro\/wp-json\/wp\/v2\/comments?post=2735"}],"wp:featuredmedia":[{"embeddable":true,"href":"https:\/\/dev.sbro.ro\/wp-json\/wp\/v2\/media\/8162"}],"wp:attachment":[{"href":"https:\/\/dev.sbro.ro\/wp-json\/wp\/v2\/media?parent=2735"}],"wp:term":[{"taxonomy":"product_brand","embeddable":true,"href":"https:\/\/dev.sbro.ro\/wp-json\/wp\/v2\/product_brand?post=2735"},{"taxonomy":"product_cat","embeddable":true,"href":"https:\/\/dev.sbro.ro\/wp-json\/wp\/v2\/product_cat?post=2735"},{"taxonomy":"product_tag","embeddable":true,"href":"https:\/\/dev.sbro.ro\/wp-json\/wp\/v2\/product_tag?post=2735"}],"curies":[{"name":"wp","href":"https:\/\/api.w.org\/{rel}","templated":true}]}}