{"id":2865,"date":"2026-04-21T09:06:56","date_gmt":"2026-04-21T09:06:56","guid":{"rendered":"https:\/\/dev.sbro.ro\/?product=placheta-piatra-ruga"},"modified":"2026-04-21T09:06:56","modified_gmt":"2026-04-21T09:06:56","slug":"placheta-piatra-ruga","status":"publish","type":"product","link":"https:\/\/dev.sbro.ro\/?product=placheta-piatra-ruga","title":{"rendered":"Plachet\u0103 piatr\u0103 &#8211; Rug\u0103"},"content":{"rendered":"<p>Aplica din rasina in forma de piatra inscriptionata: La Dumnezeu totul este cu putin\u021b\u0103<\/p>\n<p>Dimensiuni (LxH): 12&#215;12 cm<\/p>\n","protected":false},"excerpt":{"rendered":"<p>Aplica din rasina in forma de piatra inscriptionata: La Dumnezeu totul este cu putin\u021b\u0103 Dimensiuni (LxH): 12&#215;12 cm<\/p>\n","protected":false},"featured_media":8292,"comment_status":"open","ping_status":"closed","template":"","meta":[],"product_brand":[],"product_cat":[100],"product_tag":[],"class_list":{"0":"post-2865","1":"product","2":"type-product","3":"status-publish","4":"has-post-thumbnail","6":"product_cat-plachete","8":"first","9":"instock","10":"shipping-taxable","11":"purchasable","12":"product-type-simple"},"_links":{"self":[{"href":"https:\/\/dev.sbro.ro\/index.php?rest_route=\/wp\/v2\/product\/2865","targetHints":{"allow":["GET"]}}],"collection":[{"href":"https:\/\/dev.sbro.ro\/index.php?rest_route=\/wp\/v2\/product"}],"about":[{"href":"https:\/\/dev.sbro.ro\/index.php?rest_route=\/wp\/v2\/types\/product"}],"replies":[{"embeddable":true,"href":"https:\/\/dev.sbro.ro\/index.php?rest_route=%2Fwp%2Fv2%2Fcomments&post=2865"}],"wp:featuredmedia":[{"embeddable":true,"href":"https:\/\/dev.sbro.ro\/index.php?rest_route=\/wp\/v2\/media\/8292"}],"wp:attachment":[{"href":"https:\/\/dev.sbro.ro\/index.php?rest_route=%2Fwp%2Fv2%2Fmedia&parent=2865"}],"wp:term":[{"taxonomy":"product_brand","embeddable":true,"href":"https:\/\/dev.sbro.ro\/index.php?rest_route=%2Fwp%2Fv2%2Fproduct_brand&post=2865"},{"taxonomy":"product_cat","embeddable":true,"href":"https:\/\/dev.sbro.ro\/index.php?rest_route=%2Fwp%2Fv2%2Fproduct_cat&post=2865"},{"taxonomy":"product_tag","embeddable":true,"href":"https:\/\/dev.sbro.ro\/index.php?rest_route=%2Fwp%2Fv2%2Fproduct_tag&post=2865"}],"curies":[{"name":"wp","href":"https:\/\/api.w.org\/{rel}","templated":true}]}}