{"id":2898,"date":"2026-04-21T09:07:00","date_gmt":"2026-04-21T09:07:00","guid":{"rendered":"https:\/\/dev.sbro.ro\/?product=triumful-vietii-poezii"},"modified":"2026-04-21T09:07:00","modified_gmt":"2026-04-21T09:07:00","slug":"triumful-vietii-poezii","status":"publish","type":"product","link":"https:\/\/dev.sbro.ro\/product\/triumful-vietii-poezii\/","title":{"rendered":"Triumful vie\u021bii &#8211; poezii"},"content":{"rendered":"<\/p>\n<p lang=\"ro-RO\" style=\"margin-bottom: 0cm;\"><span style=\"font-family: Times New Roman Oly,serif; font-size: large;\"><strong>Pomul bun<\/strong><\/span><\/p>\n<p lang=\"ro-RO\" style=\"margin-bottom: 0cm;\">\n<p lang=\"ro-RO\" style=\"margin-bottom: 0cm;\"><span style=\"font-size: large;\">\u201e<span style=\"font-family: Times New Roman Oly,serif;\">Nu este niciun pom bun care s\u0103 fac\u0103 rod r\u0103u, \u015fi nici un pom r\u0103u care s\u0103 fac\u0103 rod bun\u201d (Luca 7:43).<\/span><\/span><\/p>\n<p lang=\"ro-RO\" style=\"margin-bottom: 0cm;\">\n<p lang=\"ro-RO\" style=\"margin-bottom: 0cm;\"><span style=\"font-family: Times New Roman Oly,serif; font-size: large;\">\u00cemi c\u00e2nt\u0103 roua-n frunze de cu zori<\/span><\/p>\n<p lang=\"ro-RO\" style=\"margin-bottom: 0cm;\"><span style=\"font-family: Times New Roman Oly,serif; font-size: large;\">\u00c5\u017ei m\u0103 r\u0103sfa\u0163\u0103 soarele amiezii,<\/span><\/p>\n<p lang=\"ro-RO\" style=\"margin-bottom: 0cm;\"><span style=\"font-family: Times New Roman Oly,serif; font-size: large;\">Amurgul m\u0103 \u00eembrac\u0103 \u00een culori<\/span><\/p>\n<p lang=\"ro-RO\" style=\"margin-bottom: 0cm;\"><span style=\"font-family: Times New Roman Oly,serif; font-size: large;\">Iar noaptea-mi pune-n ram privighetori<\/span><\/p>\n<p lang=\"ro-RO\" style=\"margin-bottom: 0cm;\"><span style=\"font-family: Times New Roman Oly,serif; font-size: large;\">S\u0103 c\u00e2nt cu ele-n marginea livezii.<\/span><\/p>\n<p lang=\"ro-RO\" style=\"margin-bottom: 0cm;\">\n<p lang=\"ro-RO\" style=\"margin-bottom: 0cm;\"><span style=\"font-family: Times New Roman Oly,serif; font-size: large;\">Am trunchiul viguros, bine fixat<\/span><\/p>\n<p lang=\"ro-RO\" style=\"margin-bottom: 0cm;\"><span style=\"font-family: Times New Roman Oly,serif; font-size: large;\">De r\u0103d\u0103cini ad\u00e2nci, c\u0103tre izvoare,<\/span><\/p>\n<p lang=\"ro-RO\" style=\"margin-bottom: 0cm;\"><span style=\"font-family: Times New Roman Oly,serif; font-size: large;\">Coroana mea este smarald curat<\/span><\/p>\n<p lang=\"ro-RO\" style=\"margin-bottom: 0cm;\"><span style=\"font-family: Times New Roman Oly,serif; font-size: large;\">Cu verdele-i de soare s\u0103rutat,<\/span><\/p>\n<p lang=\"ro-RO\" style=\"margin-bottom: 0cm;\"><span style=\"font-family: Times New Roman Oly,serif; font-size: large;\">Dar rodul, rodul cum e, Gr\u0103dinare?<\/span><\/p>\n<p lang=\"ro-RO\" style=\"margin-bottom: 0cm;\">\n<p lang=\"ro-RO\" style=\"margin-bottom: 0cm;\"><span style=\"font-family: Times New Roman Oly,serif; font-size: large;\">Pot s\u0103 hr\u0103nesc drume\u0163ul ostenit<\/span><\/p>\n<p lang=\"ro-RO\" style=\"margin-bottom: 0cm;\"><span style=\"font-family: Times New Roman Oly,serif; font-size: large;\">Cu roadele din ramuri, rumenite?<\/span><\/p>\n<p lang=\"ro-RO\" style=\"margin-bottom: 0cm;\"><span style=\"font-family: Times New Roman Oly,serif; font-size: large;\">Sunt dulci? Sunt hr\u0103nitoare? De dorit?<\/span><\/p>\n<p lang=\"ro-RO\" style=\"margin-bottom: 0cm;\"><span style=\"font-family: Times New Roman Oly,serif; font-size: large;\">\u00c5\u017ei rostul pentru care-am fost s\u0103dit<\/span><\/p>\n<p lang=\"ro-RO\" style=\"margin-bottom: 0cm;\"><span style=\"font-family: Times New Roman Oly,serif; font-size: large;\">Mi-l \u00eemplinesc cu cele oferite?<\/span><\/p>\n<p lang=\"ro-RO\" style=\"margin-bottom: 0cm;\">\n<p lang=\"ro-RO\" style=\"margin-bottom: 0cm;\"><span style=\"font-family: Times New Roman Oly,serif; font-size: large;\">Sunt \u00eentreb\u0103ri la care m\u0103-nfior<\/span><\/p>\n<p lang=\"ro-RO\" style=\"margin-bottom: 0cm;\"><span style=\"font-family: Times New Roman Oly,serif; font-size: large;\">\u00c5\u017ei \u00eemi zb\u00e2rle\u015fte scoar\u0163a echivocul<\/span><\/p>\n<p lang=\"ro-RO\" style=\"margin-bottom: 0cm;\"><span style=\"font-family: Times New Roman Oly,serif; font-size: large;\">\u00c5\u017etiind c\u0103 numai pomul roditor<\/span><\/p>\n<p lang=\"ro-RO\" style=\"margin-bottom: 0cm;\"><span style=\"font-family: Times New Roman Oly,serif; font-size: large;\">Are speran\u0163\u0103 pentru viitor,<\/span><\/p>\n<p lang=\"ro-RO\" style=\"margin-bottom: 0cm;\"><span style=\"font-family: Times New Roman Oly,serif; font-size: large;\">Pe cel\u0103lalt \u00eembr\u0103\u0163i\u015f\u00e2ndu-l \u2026 focul.<\/span><\/p>\n<p lang=\"ro-RO\" style=\"margin-bottom: 0cm;\">\n<p lang=\"ro-RO\" style=\"margin-bottom: 0cm;\"><span style=\"font-family: Times New Roman Oly,serif; font-size: large;\">De-aceea cu evlavie m\u0103-nchin<\/span><\/p>\n<p lang=\"ro-RO\" style=\"margin-bottom: 0cm;\"><span style=\"font-family: Times New Roman Oly,serif; font-size: large;\">Cu trunchiul la p\u0103m\u00e2nt, \u015fi-n rug\u0103ciune<\/span><\/p>\n<p lang=\"ro-RO\" style=\"margin-bottom: 0cm;\"><span style=\"font-family: Times New Roman Oly,serif; font-size: large;\">Eu Te implor, o, Gr\u0103dinar divin,<\/span><\/p>\n<p lang=\"ro-RO\" style=\"margin-bottom: 0cm;\"><span style=\"font-family: Times New Roman Oly,serif; font-size: large;\">Pune \u00een trunchiul meu de sev\u0103 plin<\/span><\/p>\n<p lang=\"ro-RO\" style=\"margin-bottom: 0cm;\"><span style=\"font-family: Times New Roman Oly,serif; font-size: large;\">Altoi de dragoste \u015fi fapte bune.<\/span><\/p>\n<p lang=\"ro-RO\" style=\"margin-bottom: 0cm;\">\n<p lang=\"ro-RO\" style=\"margin-bottom: 0cm;\"><span style=\"font-family: Times New Roman Oly,serif; font-size: large;\">S\u0103-mi plec cu dragoste spre trec\u0103tor<\/span><\/p>\n<p lang=\"ro-RO\" style=\"margin-bottom: 0cm;\"><span style=\"font-family: Times New Roman Oly,serif; font-size: large;\">Crengile verzi cu rod r\u00e2z\u00e2nd \u00een soare,<\/span><\/p>\n<p lang=\"ro-RO\" style=\"margin-bottom: 0cm;\"><span style=\"font-family: Times New Roman Oly,serif; font-size: large;\">Nu doar frumos, ci bun \u015fi hr\u0103nitor,<\/span><\/p>\n<p lang=\"ro-RO\" style=\"margin-bottom: 0cm;\"><span style=\"font-family: Times New Roman Oly,serif; font-size: large;\">\u00c5\u017ei \u00een z\u0103duful zilei f\u0103r\u0103 nor<\/span><\/p>\n<p lang=\"ro-RO\" style=\"margin-bottom: 0cm;\"><span style=\"font-family: Times New Roman Oly,serif; font-size: large;\">S\u0103 \u00eei ofer o oaz\u0103 de r\u0103coare.<\/span><\/p>\n<p lang=\"ro-RO\" style=\"margin-bottom: 0cm;\">\n<p lang=\"ro-RO\" style=\"margin-bottom: 0cm;\"><span style=\"font-family: Times New Roman Oly,serif; font-size: large;\">Atunci voi \u015fti c\u0103 nu-s doar un copac,<\/span><\/p>\n<p lang=\"ro-RO\" style=\"margin-bottom: 0cm;\"><span style=\"font-family: Times New Roman Oly,serif; font-size: large;\">Decor ivit pe verdele c\u00e2mpiei,<\/span><\/p>\n<p lang=\"ro-RO\" style=\"margin-bottom: 0cm;\"><span style=\"font-family: Times New Roman Oly,serif; font-size: large;\">Ci pomul bun prin tot ceea ce fac,<\/span><\/p>\n<p lang=\"ro-RO\" style=\"margin-bottom: 0cm;\"><span style=\"font-family: Times New Roman Oly,serif; font-size: large;\">Sunt pomul Gr\u0103dinarului pe plac<\/span><\/p>\n<p lang=\"ro-RO\" style=\"margin-bottom: 0cm;\"><span style=\"font-family: Times New Roman Oly,serif; font-size: large;\">S\u0103dit pentru Gr\u0103dina ve\u015fniciei.<\/span><\/p>\n","protected":false},"excerpt":{"rendered":"<p>Pomul bun \u201eNu este niciun pom bun care s\u0103 fac\u0103 rod r\u0103u, \u015fi nici un pom r\u0103u care s\u0103 fac\u0103 rod bun\u201d (Luca 7:43). \u00cemi c\u00e2nt\u0103 roua-n frunze de cu zori \u00c5\u017ei m\u0103 r\u0103sfa\u0163\u0103 soarele amiezii, Amurgul m\u0103 \u00eembrac\u0103 \u00een culori Iar noaptea-mi pune-n ram privighetori S\u0103 c\u00e2nt cu ele-n marginea livezii. Am trunchiul viguros, [&hellip;]<\/p>\n","protected":false},"featured_media":8325,"comment_status":"open","ping_status":"closed","template":"","meta":[],"product_brand":[],"product_cat":[39,62],"product_tag":[],"class_list":{"0":"post-2898","1":"product","2":"type-product","3":"status-publish","4":"has-post-thumbnail","6":"product_cat-poezii","7":"product_cat-poezii-editura-metanoia","9":"first","10":"instock","11":"shipping-taxable","12":"purchasable","13":"product-type-simple"},"_links":{"self":[{"href":"https:\/\/dev.sbro.ro\/wp-json\/wp\/v2\/product\/2898","targetHints":{"allow":["GET"]}}],"collection":[{"href":"https:\/\/dev.sbro.ro\/wp-json\/wp\/v2\/product"}],"about":[{"href":"https:\/\/dev.sbro.ro\/wp-json\/wp\/v2\/types\/product"}],"replies":[{"embeddable":true,"href":"https:\/\/dev.sbro.ro\/wp-json\/wp\/v2\/comments?post=2898"}],"wp:featuredmedia":[{"embeddable":true,"href":"https:\/\/dev.sbro.ro\/wp-json\/wp\/v2\/media\/8325"}],"wp:attachment":[{"href":"https:\/\/dev.sbro.ro\/wp-json\/wp\/v2\/media?parent=2898"}],"wp:term":[{"taxonomy":"product_brand","embeddable":true,"href":"https:\/\/dev.sbro.ro\/wp-json\/wp\/v2\/product_brand?post=2898"},{"taxonomy":"product_cat","embeddable":true,"href":"https:\/\/dev.sbro.ro\/wp-json\/wp\/v2\/product_cat?post=2898"},{"taxonomy":"product_tag","embeddable":true,"href":"https:\/\/dev.sbro.ro\/wp-json\/wp\/v2\/product_tag?post=2898"}],"curies":[{"name":"wp","href":"https:\/\/api.w.org\/{rel}","templated":true}]}}